{"id":968,"date":"2017-07-11T10:06:07","date_gmt":"2017-07-11T10:06:07","guid":{"rendered":"http:\/\/johner-estate.com\/de\/?page_id=968"},"modified":"2018-11-28T15:45:17","modified_gmt":"2018-11-28T15:45:17","slug":"2016-chardonnay","status":"publish","type":"page","link":"https:\/\/johner-estate.com\/de\/weine\/chardonnay\/2016-chardonnay\/","title":{"rendered":"2016 Chardonnay"},"content":{"rendered":"<p><strong><a href=\"http:\/\/johner-estate.com\/de\/wp-content\/uploads\/2017\/07\/2016-Chardonnay-Wairarapa-900px.jpg\"><img loading=\"lazy\" class=\"alignright size-medium wp-image-969\" src=\"http:\/\/johner-estate.com\/de\/wp-content\/uploads\/2017\/07\/2016-Chardonnay-Wairarapa-900px-79x300.jpg\" alt=\"2016 Chardonnay Wairarapa 900px\" width=\"79\" height=\"300\" srcset=\"https:\/\/johner-estate.com\/de\/wp-content\/uploads\/2017\/07\/2016-Chardonnay-Wairarapa-900px-79x300.jpg 79w, https:\/\/johner-estate.com\/de\/wp-content\/uploads\/2017\/07\/2016-Chardonnay-Wairarapa-900px.jpg 238w\" sizes=\"(max-width: 79px) 100vw, 79px\" \/><\/a>VERKOSTUNGSNOTIZEN<\/strong><br \/>\nIn der Nase dezente Holznoten auf einer dezenten Basis von gr\u00fcnem Apfel, Nektarinen- und Pfirsicharomen.<\/p>\n<p>Am Gaumen sch\u00f6ne F\u00fclle, dezente Sch\u00e4rfe und sch\u00f6ner Salzigkeit. Angenehmer Abgang.<\/p>\n<p><strong>KELLERMEISTER\u2019S NOTIZEN<\/strong><br \/>\nDie Trauben f\u00fcr diesen Wein stammen zum Teil aus einer 20 Jahren alten Anlage in Martinborough. Die Trauben konnten bei idealer Reife Anfang April gelesen werden. Im Weingut wurden die Trauben schonend verarbeitet, der Saft gut gekl\u00e4rt und anschlie\u00dfend in gebrauchten, deutschen Eichenf\u00e4ssern mit 330 Litern Inhalt vergoren. Als Besonderheit haben wir den gr\u00f6\u00dften Teil auf seiner eigenen Weinbergshefe vergoren. Nach der G\u00e4rung reifte der Wein weitere 3 Monate in den F\u00e4ssern und wurde dabei einmal pro Woche aufger\u00fchrt (Batonage).<\/p>\n<p><strong>WEIN ANALYSE<\/strong><br \/>\nLagerf\u00e4higkeit: 5-10 Jahre<br \/>\nAlkohol: 13,5 %<br \/>\nRestzucker:\u00a0 2,5g\/l<br \/>\nS\u00e4ure: 6,3 g\/l<br \/>\nExtrakt: 24,8 g\/l<\/p>\n<p><strong>SPEISEEMPFEHLUNG <\/strong><br \/>\nDer Wein passt zu Meeresfr\u00fcchten, traditionellen Fischgerichten und Kalbfleisch<br \/>\nDie optimale Trinktemperatur liegt bei 8 \u2013 10\u00b0 C.<\/p>\n","protected":false},"excerpt":{"rendered":"<p>VERKOSTUNGSNOTIZEN In der Nase dezente Holznoten auf einer dezenten Basis von gr\u00fcnem Apfel, Nektarinen- und Pfirsicharomen. Am Gaumen sch\u00f6ne F\u00fclle, dezente Sch\u00e4rfe und sch\u00f6ner Salzigkeit. Angenehmer Abgang. KELLERMEISTER\u2019S NOTIZEN Die Trauben f\u00fcr diesen Wein stammen zum Teil aus einer 20 Jahren alten Anlage in Martinborough. Die Trauben konnten bei idealer Reife Anfang April gelesen werden. [&hellip;]<\/p>\n","protected":false},"author":1,"featured_media":0,"parent":23,"menu_order":-16,"comment_status":"closed","ping_status":"closed","template":"","meta":[],"_links":{"self":[{"href":"https:\/\/johner-estate.com\/de\/wp-json\/wp\/v2\/pages\/968"}],"collection":[{"href":"https:\/\/johner-estate.com\/de\/wp-json\/wp\/v2\/pages"}],"about":[{"href":"https:\/\/johner-estate.com\/de\/wp-json\/wp\/v2\/types\/page"}],"author":[{"embeddable":true,"href":"https:\/\/johner-estate.com\/de\/wp-json\/wp\/v2\/users\/1"}],"replies":[{"embeddable":true,"href":"https:\/\/johner-estate.com\/de\/wp-json\/wp\/v2\/comments?post=968"}],"version-history":[{"count":3,"href":"https:\/\/johner-estate.com\/de\/wp-json\/wp\/v2\/pages\/968\/revisions"}],"predecessor-version":[{"id":1063,"href":"https:\/\/johner-estate.com\/de\/wp-json\/wp\/v2\/pages\/968\/revisions\/1063"}],"up":[{"embeddable":true,"href":"https:\/\/johner-estate.com\/de\/wp-json\/wp\/v2\/pages\/23"}],"wp:attachment":[{"href":"https:\/\/johner-estate.com\/de\/wp-json\/wp\/v2\/media?parent=968"}],"curies":[{"name":"wp","href":"https:\/\/api.w.org\/{rel}","templated":true}]}}