{"id":923,"date":"2016-11-28T08:25:41","date_gmt":"2016-11-28T08:25:41","guid":{"rendered":"http:\/\/johner-estate.com\/de\/?page_id=923"},"modified":"2017-03-11T15:16:21","modified_gmt":"2017-03-11T15:16:21","slug":"2016-sauvignon-blanc-wairarapa","status":"publish","type":"page","link":"https:\/\/johner-estate.com\/de\/weine\/sauvignon-blanc-wairarapa\/2016-sauvignon-blanc-wairarapa\/","title":{"rendered":"2016 Sauvignon Blanc Wairarapa"},"content":{"rendered":"<p><a href=\"http:\/\/johner-estate.com\/de\/wp-content\/uploads\/2016\/11\/2016-Sauvignon-Blanc-Wairarapa-900px.jpg\"><img loading=\"lazy\" class=\"alignright size-medium wp-image-948\" src=\"http:\/\/johner-estate.com\/de\/wp-content\/uploads\/2016\/11\/2016-Sauvignon-Blanc-Wairarapa-900px-79x300.jpg\" alt=\"2016 Sauvignon Blanc Wairarapa-900px\" width=\"79\" height=\"300\" srcset=\"https:\/\/johner-estate.com\/de\/wp-content\/uploads\/2016\/11\/2016-Sauvignon-Blanc-Wairarapa-900px-79x300.jpg 79w, https:\/\/johner-estate.com\/de\/wp-content\/uploads\/2016\/11\/2016-Sauvignon-Blanc-Wairarapa-900px.jpg 238w\" sizes=\"(max-width: 79px) 100vw, 79px\" \/><\/a>(Deutsche Version) &#8230; in Neuseeland wird eine andere Version verkauft.<\/p>\n<p><strong>VERKOSTUNGSNOTIZ<\/strong><br \/>\nSch\u00f6ner Duft nach Cassis, Pfirsich, Orangen und tropischen Fr\u00fcchten.<br \/>\nAm Gaumen dezente F\u00fclle mit einer rassigen eingebundenen S\u00e4ure.<\/p>\n<p>Sch\u00f6ner Nachhall mit anklingenden Aromen.<\/p>\n<p><strong>KELLERMEISTER\u2019S NOTIZEN<\/strong><br \/>\n2016 war einfach genial und entspannt. Ein sehr sch\u00f6ner Sommer gefolgt von einem trockenem Herbst.\u00a0 Einfach sch\u00f6n wenn man ohne Sortieraufwand die Trauben einfach vom Stock ernten darf.<\/p>\n<p>Anfang April wurden die Trauben geerntet.<\/p>\n<p>Diese Variante wurde im August abgef\u00fcllt und als Nachfolger f\u00fcr die Ouvert\u00fcre nach Deutschland verschickt. Der Duft ist etwas schw\u00e4cher und geht st\u00e4rker in die Cassis Richtung.<\/p>\n<p>Der optimale Trinkzeitraum liegt zwischen jetzt und Weihnachten 2017.<\/p>\n<p><strong>WEIN ANALYSE<\/strong><br \/>\n12,5 % vol.<br \/>\n6,3 g\/l Gesamts\u00e4ure<br \/>\n6,1 g\/l Restzucker<br \/>\n26,5 g\/l Gesamtextrakt<\/p>\n<p><strong>SPEISEEMPFEHLUNG<\/strong><br \/>\nIdealer Aperitif.<br \/>\nDie optimale Trinktemperatur liegt bei 8-14\u00b0C<\/p>\n<p>Bestellen k\u00f6nnen sie den Wein gerne online unter\u00a0<a href=\"http:\/\/www.johner.de\/weine\" target=\"_blank\">www.johner.de<\/a><\/p>\n","protected":false},"excerpt":{"rendered":"<p>(Deutsche Version) &#8230; in Neuseeland wird eine andere Version verkauft. VERKOSTUNGSNOTIZ Sch\u00f6ner Duft nach Cassis, Pfirsich, Orangen und tropischen Fr\u00fcchten. Am Gaumen dezente F\u00fclle mit einer rassigen eingebundenen S\u00e4ure. Sch\u00f6ner Nachhall mit anklingenden Aromen. KELLERMEISTER\u2019S NOTIZEN 2016 war einfach genial und entspannt. Ein sehr sch\u00f6ner Sommer gefolgt von einem trockenem Herbst.\u00a0 Einfach sch\u00f6n wenn man [&hellip;]<\/p>\n","protected":false},"author":1,"featured_media":0,"parent":594,"menu_order":-16,"comment_status":"closed","ping_status":"closed","template":"","meta":[],"_links":{"self":[{"href":"https:\/\/johner-estate.com\/de\/wp-json\/wp\/v2\/pages\/923"}],"collection":[{"href":"https:\/\/johner-estate.com\/de\/wp-json\/wp\/v2\/pages"}],"about":[{"href":"https:\/\/johner-estate.com\/de\/wp-json\/wp\/v2\/types\/page"}],"author":[{"embeddable":true,"href":"https:\/\/johner-estate.com\/de\/wp-json\/wp\/v2\/users\/1"}],"replies":[{"embeddable":true,"href":"https:\/\/johner-estate.com\/de\/wp-json\/wp\/v2\/comments?post=923"}],"version-history":[{"count":5,"href":"https:\/\/johner-estate.com\/de\/wp-json\/wp\/v2\/pages\/923\/revisions"}],"predecessor-version":[{"id":949,"href":"https:\/\/johner-estate.com\/de\/wp-json\/wp\/v2\/pages\/923\/revisions\/949"}],"up":[{"embeddable":true,"href":"https:\/\/johner-estate.com\/de\/wp-json\/wp\/v2\/pages\/594"}],"wp:attachment":[{"href":"https:\/\/johner-estate.com\/de\/wp-json\/wp\/v2\/media?parent=923"}],"curies":[{"name":"wp","href":"https:\/\/api.w.org\/{rel}","templated":true}]}}