{"id":919,"date":"2016-11-24T15:08:44","date_gmt":"2016-11-24T15:08:44","guid":{"rendered":"http:\/\/johner-estate.com\/de\/?page_id=919"},"modified":"2016-12-08T15:11:38","modified_gmt":"2016-12-08T15:11:38","slug":"2016-riesling-wairarapa","status":"publish","type":"page","link":"https:\/\/johner-estate.com\/de\/weine\/riesling\/2016-riesling-wairarapa\/","title":{"rendered":"2016 Riesling Wairarapa"},"content":{"rendered":"<p><a href=\"http:\/\/johner-estate.com\/de\/wp-content\/uploads\/2016\/11\/2016-Riesling-Wairarapa-900px.jpg\"><img loading=\"lazy\" class=\"alignright size-medium wp-image-941\" src=\"http:\/\/johner-estate.com\/de\/wp-content\/uploads\/2016\/11\/2016-Riesling-Wairarapa-900px-69x300.jpg\" alt=\"2016-riesling-wairarapa-900px\" width=\"69\" height=\"300\" srcset=\"https:\/\/johner-estate.com\/de\/wp-content\/uploads\/2016\/11\/2016-Riesling-Wairarapa-900px-69x300.jpg 69w, https:\/\/johner-estate.com\/de\/wp-content\/uploads\/2016\/11\/2016-Riesling-Wairarapa-900px.jpg 207w\" sizes=\"(max-width: 69px) 100vw, 69px\" \/><\/a>VERKOSTUNGSNOTIZEN<br \/>\nSehr sch\u00f6ner und typischer Riesling Duft mit etwas gr\u00fcnem Apfel und Pfirsich. Am Gaumen saftiges s\u00fcsse S\u00e4ure Spiel. Nachklingende Aromen.<\/p>\n<p>KELLERMEISTER\u2019S NOTIZEN<br \/>\nWir haben die Trauben schonend verarbeitet und sehr langsam und gez\u00fcgelt vergoren bis zum G\u00e4rstopp nach deutschem Vorbild. Die Trauben f\u00fcr diesen Wein stammen von verschiedenen Weinbergen mit unterschiedlichen Kleinklimas, dadurch erh\u00e4lt er seinen ganz eigenen Charakter.<\/p>\n<p>WEIN ANALYSE<br \/>\nLagerf\u00e4higkeit: 5-10 Jahre<br \/>\nAlkohol: 11,5 %<br \/>\nS\u00e4ure: 7,4 g\/l<br \/>\nRestzucker: 10,6 g\/l<br \/>\nExtrakt: 34,4 g\/l<\/p>\n<p>SPEISENEMPFEHLUNG<br \/>\nIdealer Begleiter zu asiatischen Gerichten.<br \/>\nDie optimale Trinktemperatur liegt bei 8 \u2013 10\u00b0 C<\/p>\n","protected":false},"excerpt":{"rendered":"<p>VERKOSTUNGSNOTIZEN Sehr sch\u00f6ner und typischer Riesling Duft mit etwas gr\u00fcnem Apfel und Pfirsich. Am Gaumen saftiges s\u00fcsse S\u00e4ure Spiel. Nachklingende Aromen. KELLERMEISTER\u2019S NOTIZEN Wir haben die Trauben schonend verarbeitet und sehr langsam und gez\u00fcgelt vergoren bis zum G\u00e4rstopp nach deutschem Vorbild. Die Trauben f\u00fcr diesen Wein stammen von verschiedenen Weinbergen mit unterschiedlichen Kleinklimas, dadurch erh\u00e4lt [&hellip;]<\/p>\n","protected":false},"author":1,"featured_media":0,"parent":46,"menu_order":95,"comment_status":"closed","ping_status":"closed","template":"","meta":[],"_links":{"self":[{"href":"https:\/\/johner-estate.com\/de\/wp-json\/wp\/v2\/pages\/919"}],"collection":[{"href":"https:\/\/johner-estate.com\/de\/wp-json\/wp\/v2\/pages"}],"about":[{"href":"https:\/\/johner-estate.com\/de\/wp-json\/wp\/v2\/types\/page"}],"author":[{"embeddable":true,"href":"https:\/\/johner-estate.com\/de\/wp-json\/wp\/v2\/users\/1"}],"replies":[{"embeddable":true,"href":"https:\/\/johner-estate.com\/de\/wp-json\/wp\/v2\/comments?post=919"}],"version-history":[{"count":3,"href":"https:\/\/johner-estate.com\/de\/wp-json\/wp\/v2\/pages\/919\/revisions"}],"predecessor-version":[{"id":942,"href":"https:\/\/johner-estate.com\/de\/wp-json\/wp\/v2\/pages\/919\/revisions\/942"}],"up":[{"embeddable":true,"href":"https:\/\/johner-estate.com\/de\/wp-json\/wp\/v2\/pages\/46"}],"wp:attachment":[{"href":"https:\/\/johner-estate.com\/de\/wp-json\/wp\/v2\/media?parent=919"}],"curies":[{"name":"wp","href":"https:\/\/api.w.org\/{rel}","templated":true}]}}