{"id":904,"date":"2016-08-08T14:59:12","date_gmt":"2016-08-08T14:59:12","guid":{"rendered":"http:\/\/johner-estate.com\/de\/?page_id=904"},"modified":"2016-12-01T16:27:27","modified_gmt":"2016-12-01T16:27:27","slug":"2014-pinot-noir-gladstone","status":"publish","type":"page","link":"https:\/\/johner-estate.com\/de\/weine\/pinot-noir-gladstone\/2014-pinot-noir-gladstone\/","title":{"rendered":"2014 Pinot Noir Gladstone"},"content":{"rendered":"<div class=\"entry-content\">\n<div class=\"entry-content\">\n<p><strong><a href=\"http:\/\/johner-estate.com\/de\/wp-content\/uploads\/2016\/08\/2014-Pinot-Noir-Gladstone-900px.jpg\"><img loading=\"lazy\" class=\"alignright size-medium wp-image-909\" src=\"http:\/\/johner-estate.com\/de\/wp-content\/uploads\/2016\/08\/2014-Pinot-Noir-Gladstone-900px-85x300.jpg\" alt=\"2014-pinot-noir-gladstone-900px\" width=\"85\" height=\"300\" srcset=\"https:\/\/johner-estate.com\/de\/wp-content\/uploads\/2016\/08\/2014-Pinot-Noir-Gladstone-900px-85x300.jpg 85w, https:\/\/johner-estate.com\/de\/wp-content\/uploads\/2016\/08\/2014-Pinot-Noir-Gladstone-900px.jpg 254w\" sizes=\"(max-width: 85px) 100vw, 85px\" \/><\/a>VERKOSTUNGSNOTIZEN<\/strong><br \/>\nSatte, rote Farbe. Wundersch\u00f6ner Duft nach schwarzen Kirsch- und Brombeeraromen mit w\u00fcrzigen Noten. Komplexer, vielschichtiger Wein mit eingebundenem reifen Tanninen. Sinnlich seidige Beschaffenheit und einem nachklingenden Abgang nach dunklen\u00a0 Fr\u00fcchten.<\/p>\n<p><strong>KELLERMEISTER\u2019S NOTIZEN<\/strong><br \/>\nDer Jahrgang 2014 war besonders warm und sch\u00f6n. Die Pinot Noir Trauben wurden sehr reif geerntet, der Ertrag lag bei 30hl\/ha. Unsere Pinot Noir Weinberge werden sorgf\u00e4ltig entbl\u00e4ttert und \u00fcbersch\u00fcssige Trauben durch die Gr\u00fcnlese entfernt. Geerntet wurde selektiv per Hand und im Weingut auf dem Vibrationstisch sortiert. Die Maischeg\u00e4rung dauerte 4 Wochen. Der Wein ruhte anschlie\u00dfend f\u00fcr 12 Monate in Barriques, von denen 25% aus Neuholz waren.<\/p>\n<p><strong>WEIN ANALYSE <\/strong><br \/>\nLagerf\u00e4higkeit: 5-10 Jahre<br \/>\nAlkohol: 14,5 %<br \/>\nS\u00e4ure: 5,1 g\/l<br \/>\nRestzucker: 0,6 g\/l<br \/>\nExtrakt: 28,6 g\/l<\/p>\n<p><strong>SPEISEEMPFEHLUNG<\/strong><br \/>\nDiese Wein passt zu Lachs, Lamm, Gefl\u00fcgel<br \/>\nDie optimale Trinktemperatur liegt bei 15 \u2013 18\u00b0 C<\/p>\n<\/div>\n<\/div>\n","protected":false},"excerpt":{"rendered":"<p>VERKOSTUNGSNOTIZEN Satte, rote Farbe. Wundersch\u00f6ner Duft nach schwarzen Kirsch- und Brombeeraromen mit w\u00fcrzigen Noten. Komplexer, vielschichtiger Wein mit eingebundenem reifen Tanninen. Sinnlich seidige Beschaffenheit und einem nachklingenden Abgang nach dunklen\u00a0 Fr\u00fcchten. KELLERMEISTER\u2019S NOTIZEN Der Jahrgang 2014 war besonders warm und sch\u00f6n. Die Pinot Noir Trauben wurden sehr reif geerntet, der Ertrag lag bei 30hl\/ha. Unsere [&hellip;]<\/p>\n","protected":false},"author":1,"featured_media":0,"parent":19,"menu_order":-14,"comment_status":"closed","ping_status":"closed","template":"","meta":[],"_links":{"self":[{"href":"https:\/\/johner-estate.com\/de\/wp-json\/wp\/v2\/pages\/904"}],"collection":[{"href":"https:\/\/johner-estate.com\/de\/wp-json\/wp\/v2\/pages"}],"about":[{"href":"https:\/\/johner-estate.com\/de\/wp-json\/wp\/v2\/types\/page"}],"author":[{"embeddable":true,"href":"https:\/\/johner-estate.com\/de\/wp-json\/wp\/v2\/users\/1"}],"replies":[{"embeddable":true,"href":"https:\/\/johner-estate.com\/de\/wp-json\/wp\/v2\/comments?post=904"}],"version-history":[{"count":3,"href":"https:\/\/johner-estate.com\/de\/wp-json\/wp\/v2\/pages\/904\/revisions"}],"predecessor-version":[{"id":930,"href":"https:\/\/johner-estate.com\/de\/wp-json\/wp\/v2\/pages\/904\/revisions\/930"}],"up":[{"embeddable":true,"href":"https:\/\/johner-estate.com\/de\/wp-json\/wp\/v2\/pages\/19"}],"wp:attachment":[{"href":"https:\/\/johner-estate.com\/de\/wp-json\/wp\/v2\/media?parent=904"}],"curies":[{"name":"wp","href":"https:\/\/api.w.org\/{rel}","templated":true}]}}