{"id":869,"date":"2016-02-29T07:43:41","date_gmt":"2016-02-29T07:43:41","guid":{"rendered":"http:\/\/johner-estate.com\/de\/?page_id=869"},"modified":"2016-03-09T17:52:26","modified_gmt":"2016-03-09T17:52:26","slug":"2015-riesling-wairarapa","status":"publish","type":"page","link":"https:\/\/johner-estate.com\/de\/weine\/riesling\/2015-riesling-wairarapa\/","title":{"rendered":"2015 Riesling Wairarapa"},"content":{"rendered":"<p>VERKOSTUNGSNOTIZEN<br \/>\nAnimierender Duft nach gr\u00fcnem Apfel, Zitrus und Pfirsich. Wunderbare Saftigkeit mit perfekt eingebundenem S\u00fcsse-S\u00e4ure-Spiel.<\/p>\n<p>KELLERMEISTER\u2019S NOTIZEN<br \/>\nWir haben die Trauben schonend verarbeitet und sehr langsam und gez\u00fcgelt vergoren bis zum G\u00e4rstopp nach deutschem Vorbild. Die Trauben f\u00fcr diesen Wein stammen von verschiedenen Weinbergen mit unterschiedlichen Kleinklimas, dadurch erh\u00e4lt er seinen ganz eigenen Charakter.<\/p>\n<p>WEIN ANALYSE<br \/>\nLagerf\u00e4higkeit: 5-10 Jahre<br \/>\nAlkohol: 13 %<br \/>\nS\u00e4ure: 7,4 g\/l<br \/>\nRestzucker: 11,9 g\/l<br \/>\nExtrakt: 38\u00a0 g\/l<\/p>\n<p>SPEISENEMPFEHLUNG<br \/>\nIdealer Begleiter zu asiatischen Gerichten.<br \/>\nDie optimale Trinktemperatur liegt bei 8 \u2013 10\u00b0 C<\/p>\n","protected":false},"excerpt":{"rendered":"<p>VERKOSTUNGSNOTIZEN Animierender Duft nach gr\u00fcnem Apfel, Zitrus und Pfirsich. Wunderbare Saftigkeit mit perfekt eingebundenem S\u00fcsse-S\u00e4ure-Spiel. KELLERMEISTER\u2019S NOTIZEN Wir haben die Trauben schonend verarbeitet und sehr langsam und gez\u00fcgelt vergoren bis zum G\u00e4rstopp nach deutschem Vorbild. Die Trauben f\u00fcr diesen Wein stammen von verschiedenen Weinbergen mit unterschiedlichen Kleinklimas, dadurch erh\u00e4lt er seinen ganz eigenen Charakter. WEIN [&hellip;]<\/p>\n","protected":false},"author":1,"featured_media":0,"parent":46,"menu_order":96,"comment_status":"open","ping_status":"open","template":"","meta":[],"_links":{"self":[{"href":"https:\/\/johner-estate.com\/de\/wp-json\/wp\/v2\/pages\/869"}],"collection":[{"href":"https:\/\/johner-estate.com\/de\/wp-json\/wp\/v2\/pages"}],"about":[{"href":"https:\/\/johner-estate.com\/de\/wp-json\/wp\/v2\/types\/page"}],"author":[{"embeddable":true,"href":"https:\/\/johner-estate.com\/de\/wp-json\/wp\/v2\/users\/1"}],"replies":[{"embeddable":true,"href":"https:\/\/johner-estate.com\/de\/wp-json\/wp\/v2\/comments?post=869"}],"version-history":[{"count":3,"href":"https:\/\/johner-estate.com\/de\/wp-json\/wp\/v2\/pages\/869\/revisions"}],"predecessor-version":[{"id":880,"href":"https:\/\/johner-estate.com\/de\/wp-json\/wp\/v2\/pages\/869\/revisions\/880"}],"up":[{"embeddable":true,"href":"https:\/\/johner-estate.com\/de\/wp-json\/wp\/v2\/pages\/46"}],"wp:attachment":[{"href":"https:\/\/johner-estate.com\/de\/wp-json\/wp\/v2\/media?parent=869"}],"curies":[{"name":"wp","href":"https:\/\/api.w.org\/{rel}","templated":true}]}}