{"id":770,"date":"2015-04-07T13:04:46","date_gmt":"2015-04-07T13:04:46","guid":{"rendered":"http:\/\/johner-estate.com\/de\/?page_id=770"},"modified":"2015-10-22T13:36:58","modified_gmt":"2015-10-22T13:36:58","slug":"2013-pinot-noir-gladstone","status":"publish","type":"page","link":"https:\/\/johner-estate.com\/de\/weine\/pinot-noir-gladstone\/2013-pinot-noir-gladstone\/","title":{"rendered":"2013 Pinot Noir Gladstone"},"content":{"rendered":"<div class=\"entry-content\">\n<p><strong><a href=\"http:\/\/johner-estate.com\/de\/wp-content\/uploads\/2015\/04\/2013-Pinot-Noir-Gladstone-900px.jpg\"><img loading=\"lazy\" class=\"alignright size-medium wp-image-771\" src=\"http:\/\/johner-estate.com\/de\/wp-content\/uploads\/2015\/04\/2013-Pinot-Noir-Gladstone-900px-78x300.jpg\" alt=\"2013 Pinot Noir Gladstone-900px\" width=\"78\" height=\"300\" \/><\/a>VERKOSTUNGSNOTIZEN<\/strong><br \/>\nSatte, rote Farbe. Wundersch\u00f6ner Duft nach schwarzen Kirsch- und Brombeeraromen mit w\u00fcrzigen Noten. Komplexer, vielschichtiger Wein mit eingebundenem reifen Tanninen. Sinnlich seidige Beschaffenheit und einem nachklingenden Abgang nach dunklen roten Fr\u00fcchten.<\/p>\n<p><strong>KELLERMEISTER\u2019S NOTIZEN<\/strong><br \/>\nDer Jahrgang 2013 war besonders warm und sch\u00f6n. Die Pinot Noir Trauben wurden sehr reif geerntet, der Ertrag lag bei 30hl\/ha. Unsere Pinot Noir Weinberge werden sorgf\u00e4ltig entbl\u00e4ttert und \u00fcbersch\u00fcssige Trauben durch die Gr\u00fcnlese entfernt. Geerntet wurde selektiv per Hand und im Weingut auf dem Vibrationstisch sortiert. Die Maischeg\u00e4rung dauerte 4 Wochen. Der Wein ruhte anschlie\u00dfend f\u00fcr 12 Monate in Barriques, von denen 25% aus Neuholz waren.<\/p>\n<p><strong>WEIN ANALYSE <\/strong><br \/>\nLagerf\u00e4higkeit: 5-10 Jahre<br \/>\nAlkohol: 13,5 %<br \/>\nS\u00e4ure: 4,8g\/l<br \/>\nRestzucker: unter 2 g\/l<br \/>\nExtrakt: 26,4 g\/l<\/p>\n<p><strong>SPEISEEMPFEHLUNG<\/strong><br \/>\nDiese Wein passt zu Lachs, Lamm, Gefl\u00fcgel<br \/>\nDie optimale Trinktemperatur liegt bei 15 \u2013 18\u00b0 C<\/p>\n<p>AUSZEICHNUNGEN<br \/>\n(Text von uns aus dem Englischem \u00fcbersetzt)<\/p>\n<p><strong>Bob Campbell Gourmet Traveller<\/strong> 5 Sterne 93\/100<br \/>\nK\u00f6stlicher, saftiger Pinot Noir mit attraktiven, s\u00fcssen Pflaumen- und Himbeeraromen eingebettet in eine federweiche Textur. In der Tat ein sehr ansprechender Wein mit einer zug\u00e4nglichen Stilistik. Bisher der beste Pinot Noir Gladstone. Gutes Preis\/Leistungs Verh\u00e4ltnis.<\/p>\n<p><strong>Raymond Chan<\/strong> 5 Sterne 18.5\/20<br \/>\nVolles, dunkles Rubinrot mit helleren jugendlichen lila Reflexen. Dieser Wein hat eine weiche und dichte harmonisch eingebundene Nase nach reifen dunklen Beeren und Pflaumen, unterst\u00fctzt mit Aromen nach dunklen Himbeeren und Veilchen, begleitet mit einem Hauch von frischen dunklen Kr\u00e4utern und geschmackvoller Ganztraubenkomplexit\u00e4t. Mittlel bis voll am Gaumen, die Frucht etwas zur\u00fcckhaltend, zeigt jedoch pl\u00fcschige, reife, dunkle Beerenfr\u00fcchte, Lakritz und Pflaume als eingebundene Mischung. Feink\u00f6rnige, geschmeidige, weiche Tanninextraktion, diskrete S\u00e4ure balanciert die Fruchttiefe und der Gaumen hat gute alkoholische St\u00e4rke und Dynamikt. Konzentriert und vielschichtig, f\u00fchrt der Wein zu einem kr\u00e4ftigen Abgang und Pr\u00e4senz. Dies ist ein reichhaltiger, konzentrierter und geschmeidiger Pinot Noir mit harmonisch detailierten Aromen, welcher in den n\u00e4chsten 6-8+ Jahren mehr Komplexit\u00e4t zeigen wird.<\/p>\n<p><strong>Dish Tasting<\/strong> Panel 4,5 Sterne &#8211; Platz 9 aus 155 getesteten Pinot Noirs<br \/>\nGro\u00dfe Zahnfleisch-bet\u00e4ubende Tannine geben diesem Wein ein exzellentes Lagerpotential gepaart mit w\u00e4rmenden Zedernoten und einem s\u00fc\u00dfen Fruchtkern. Aromatisch aufgeladen &#8222;Ich k\u00f6nnte den ganzen Tag lang daran riechen&#8220;, kommentierte Cameron. Erstaunliche vordergr\u00fcndige Frucht, Kraft einer Dampflok und sch\u00f6nes Holz. In diesem Wein passiert sehr viel.<\/p>\n<p><strong>Cameron Douglas<\/strong> 4 Sterne<br \/>\nZiemlich duftendes Bouquet mit s\u00fcsslichen Fruchtvorstellungen, moderates Holz und florale Noten nach roten Rosen. Am Gaumen fast trocken mit einem Hauch von S\u00fcsse, viele rote Beerenfruchtaromen und mittleres+ S\u00e4ure; eine Menge an feinem, pulverigen Tannin und milde Holznoten, wundersch\u00f6ner und langer Abgang. Trinkt sich jetzt schon sehr sch\u00f6n.<\/p>\n<p><strong>Lisa Perotti-Brown<\/strong> (Parker) 89\/100<br \/>\nMittleres Rubin-Lila in der Farbe. Dieser 2013er Pinot Noir duftet nach gequetschten Heidelbeeren, Maulbeeren und Cranberryso\u00dfe mit einem Hauch von Zimt und Potpurri. Mittlerer bis voller K\u00f6rper mit gen\u00fcgend Frische am Gaumen und seidige Tannine, welche diese gener\u00f6sen roten und blauen Fruchtaromen unterst\u00fczen. Langer Abgang mit einem Hauch von gebackenen Gew\u00fcrzen.<\/p>\n<p><strong>Michael Cooper<\/strong> 4 Sterne<br \/>\nGereift in franz\u00f6sischer Eiche, dieser 2013er Jahrgang ist tief Rubinrot, mundf\u00fcllend und herzhaft. Ein freiz\u00fcgiger, geschmeidiger Wein. Kr\u00e4ftig, w\u00fcrzig und pflaumig mit einem Hauch von Kr\u00e4utern und N\u00fcssen. Gute Komplexit\u00e4t und Harmonie mit gro\u00dfem &#8222;trink mich&#8220; Anreiz.<\/p>\n<p><strong>Cuisine Magazine<\/strong> 4 Sterne<br \/>\n&#8222;Saftig, trinkig und sinnlich,&#8220; lobte John Belsham. Dies ist ein wundersch\u00f6nes Beispiel, was das Wairarapa und der Pinot miteinander machen: brombeerige Frucht unterlegt mit Toast unterstrichen durch eine attraktive, polternde Tannin-Basis.<\/p>\n<\/div>\n","protected":false},"excerpt":{"rendered":"<p>VERKOSTUNGSNOTIZEN Satte, rote Farbe. Wundersch\u00f6ner Duft nach schwarzen Kirsch- und Brombeeraromen mit w\u00fcrzigen Noten. Komplexer, vielschichtiger Wein mit eingebundenem reifen Tanninen. Sinnlich seidige Beschaffenheit und einem nachklingenden Abgang nach dunklen roten Fr\u00fcchten. KELLERMEISTER\u2019S NOTIZEN Der Jahrgang 2013 war besonders warm und sch\u00f6n. Die Pinot Noir Trauben wurden sehr reif geerntet, der Ertrag lag bei 30hl\/ha. [&hellip;]<\/p>\n","protected":false},"author":1,"featured_media":0,"parent":19,"menu_order":45,"comment_status":"open","ping_status":"closed","template":"","meta":[],"_links":{"self":[{"href":"https:\/\/johner-estate.com\/de\/wp-json\/wp\/v2\/pages\/770"}],"collection":[{"href":"https:\/\/johner-estate.com\/de\/wp-json\/wp\/v2\/pages"}],"about":[{"href":"https:\/\/johner-estate.com\/de\/wp-json\/wp\/v2\/types\/page"}],"author":[{"embeddable":true,"href":"https:\/\/johner-estate.com\/de\/wp-json\/wp\/v2\/users\/1"}],"replies":[{"embeddable":true,"href":"https:\/\/johner-estate.com\/de\/wp-json\/wp\/v2\/comments?post=770"}],"version-history":[{"count":7,"href":"https:\/\/johner-estate.com\/de\/wp-json\/wp\/v2\/pages\/770\/revisions"}],"predecessor-version":[{"id":864,"href":"https:\/\/johner-estate.com\/de\/wp-json\/wp\/v2\/pages\/770\/revisions\/864"}],"up":[{"embeddable":true,"href":"https:\/\/johner-estate.com\/de\/wp-json\/wp\/v2\/pages\/19"}],"wp:attachment":[{"href":"https:\/\/johner-estate.com\/de\/wp-json\/wp\/v2\/media?parent=770"}],"curies":[{"name":"wp","href":"https:\/\/api.w.org\/{rel}","templated":true}]}}