{"id":742,"date":"2015-02-09T14:16:52","date_gmt":"2015-02-09T14:16:52","guid":{"rendered":"http:\/\/johner-estate.com\/de\/?page_id=742"},"modified":"2015-06-17T16:15:29","modified_gmt":"2015-06-17T16:15:29","slug":"2014-riesling-wairarapa","status":"publish","type":"page","link":"https:\/\/johner-estate.com\/de\/weine\/riesling\/2014-riesling-wairarapa\/","title":{"rendered":"2014 Riesling Wairarapa"},"content":{"rendered":"<p><a href=\"http:\/\/johner-estate.com\/de\/wp-content\/uploads\/2015\/06\/2014-Riesling-Wairarapa-900px.jpg\"><img loading=\"lazy\" class=\"alignright size-medium wp-image-834\" src=\"http:\/\/johner-estate.com\/de\/wp-content\/uploads\/2015\/06\/2014-Riesling-Wairarapa-900px-68x300.jpg\" alt=\"2014 Riesling Wairarapa 900px\" width=\"68\" height=\"300\" srcset=\"https:\/\/johner-estate.com\/de\/wp-content\/uploads\/2015\/06\/2014-Riesling-Wairarapa-900px-68x300.jpg 68w, https:\/\/johner-estate.com\/de\/wp-content\/uploads\/2015\/06\/2014-Riesling-Wairarapa-900px.jpg 205w\" sizes=\"(max-width: 68px) 100vw, 68px\" \/><\/a>VERKOSTUNGSNOTIZEN<br \/>\nAnimierender Duft nach gr\u00fcnem Apfel und Limetten. Wunderbare Saftigkeit mit perfekt eingebundenem S\u00fcsse-S\u00e4ure-Spiel.<br \/>\nKorrektur: Die Mineralik spielt bei diesem Wein keine gro\u00dfe Rolle.<\/p>\n<p>KELLERMEISTER\u2019S NOTIZEN<br \/>\nWir haben die Trauben schonend verarbeitet und sehr langsam und gez\u00fcgelt vergoren bis zum G\u00e4rstopp nach deutschem Vorbild. Die Trauben f\u00fcr diesen Wein stammen von verschiedenen Weinbergen mit unterschiedlichen Kleinklimas, dadurch erh\u00e4lt er seinen ganz eigenen Charakter.<\/p>\n<p>WEIN ANALYSE<br \/>\nLagerf\u00e4higkeit: 5-10 Jahre<br \/>\nAlkohol: 13 %<br \/>\nS\u00e4ure: 8,5 g\/l<br \/>\nRestzucker: ca 13 g\/l<br \/>\nExtrakt: 47,4 g\/l<\/p>\n<p>SPEISENEMPFEHLUNG<br \/>\nIdealer Begleiter zu asiatischen Gerichten.<br \/>\nDie optimale Trinktemperatur liegt bei 8 \u2013 10\u00b0 C<\/p>\n","protected":false},"excerpt":{"rendered":"<p>VERKOSTUNGSNOTIZEN Animierender Duft nach gr\u00fcnem Apfel und Limetten. Wunderbare Saftigkeit mit perfekt eingebundenem S\u00fcsse-S\u00e4ure-Spiel. Korrektur: Die Mineralik spielt bei diesem Wein keine gro\u00dfe Rolle. KELLERMEISTER\u2019S NOTIZEN Wir haben die Trauben schonend verarbeitet und sehr langsam und gez\u00fcgelt vergoren bis zum G\u00e4rstopp nach deutschem Vorbild. Die Trauben f\u00fcr diesen Wein stammen von verschiedenen Weinbergen mit unterschiedlichen [&hellip;]<\/p>\n","protected":false},"author":1,"featured_media":0,"parent":46,"menu_order":97,"comment_status":"open","ping_status":"open","template":"","meta":[],"_links":{"self":[{"href":"https:\/\/johner-estate.com\/de\/wp-json\/wp\/v2\/pages\/742"}],"collection":[{"href":"https:\/\/johner-estate.com\/de\/wp-json\/wp\/v2\/pages"}],"about":[{"href":"https:\/\/johner-estate.com\/de\/wp-json\/wp\/v2\/types\/page"}],"author":[{"embeddable":true,"href":"https:\/\/johner-estate.com\/de\/wp-json\/wp\/v2\/users\/1"}],"replies":[{"embeddable":true,"href":"https:\/\/johner-estate.com\/de\/wp-json\/wp\/v2\/comments?post=742"}],"version-history":[{"count":5,"href":"https:\/\/johner-estate.com\/de\/wp-json\/wp\/v2\/pages\/742\/revisions"}],"predecessor-version":[{"id":835,"href":"https:\/\/johner-estate.com\/de\/wp-json\/wp\/v2\/pages\/742\/revisions\/835"}],"up":[{"embeddable":true,"href":"https:\/\/johner-estate.com\/de\/wp-json\/wp\/v2\/pages\/46"}],"wp:attachment":[{"href":"https:\/\/johner-estate.com\/de\/wp-json\/wp\/v2\/media?parent=742"}],"curies":[{"name":"wp","href":"https:\/\/api.w.org\/{rel}","templated":true}]}}