{"id":706,"date":"2014-08-11T13:20:10","date_gmt":"2014-08-11T13:20:10","guid":{"rendered":"http:\/\/johner-estate.com\/de\/?page_id=706"},"modified":"2014-10-28T17:40:15","modified_gmt":"2014-10-28T17:40:15","slug":"2010-cabernet-merlot-%c2%bblyndor%c2%ab","status":"publish","type":"page","link":"https:\/\/johner-estate.com\/de\/weine\/cabernet-merlot-%c2%bblyndor%c2%ab\/2010-cabernet-merlot-%c2%bblyndor%c2%ab\/","title":{"rendered":"2010 Cabernet &#038; Merlot \u00bbLyndor\u00ab"},"content":{"rendered":"<p>&nbsp;<\/p>\n<p><strong>VERKOSTUNGSNOTIZEN<\/strong><br \/>\nSatte, rote Farbe. Intensiver Duft nach Kirsch- und Brombeeraromen mit w\u00fcrzigen Noten. Komplexer, vielschichtiger Wein mit eingebundenem reifen Tanninen und belebender S\u00e4ure. Voll im Geschmack mit einem grandiosen Abgang nach dunklen roten Fr\u00fcchten und Cassis.<\/p>\n<p><strong>KELLERMEISTER\u2019S NOTIZEN<\/strong><br \/>\nLyndor ist der Name von einem Weinberg, welcher im Jahr 1986 auf purem Kalkboden in den H\u00fcgeln von Gladstone angelegt wurde. Aus dem alten Weinberg bestockt mit Merlot (40%), Cabernet Sauvignon (40%) und Cabernet Franc (20%) gewinnen wir unseren Cuve\u00e9. Der Jahrgang 2009 ist aufgrund des Klimas etwas \u00fcppiger ausgefallen. Nach der Handlese wurden die Trauben erneut sortiert und abgebeert. Die Maischestandzeit betrug 3 Wochen, vergoren ist der Saft im Edelstahl. Ausgereift ist der Wein 15 Monate lang in neuen Barriquef\u00e4ssern. Unser Lyndor zeigt schon jetzt ein gutes Reifepotential auf und wurde ohne Filtration* abgef\u00fcllt.<\/p>\n<p><strong>WEIN ANALYSE <\/strong><br \/>\nLagerf\u00e4higkeit: 5-10 Jahre<br \/>\nAlkohol: 14 % vol.<br \/>\nS\u00e4ure: 6,1 g\/l<br \/>\nRestzucker: unter 1 g\/l<br \/>\nExtrakt: 26,6 g\/l<\/p>\n<p><strong>SPEISENEMPFEHLUNG <\/strong><br \/>\nDiese Wein passt zu kr\u00e4ftigem Fleisch und Wildgerichte.<br \/>\nDie optimale Trinktemperatur liegt bei 15 \u2013 18\u00b0 C<\/p>\n","protected":false},"excerpt":{"rendered":"<p>&nbsp; VERKOSTUNGSNOTIZEN Satte, rote Farbe. Intensiver Duft nach Kirsch- und Brombeeraromen mit w\u00fcrzigen Noten. Komplexer, vielschichtiger Wein mit eingebundenem reifen Tanninen und belebender S\u00e4ure. Voll im Geschmack mit einem grandiosen Abgang nach dunklen roten Fr\u00fcchten und Cassis. KELLERMEISTER\u2019S NOTIZEN Lyndor ist der Name von einem Weinberg, welcher im Jahr 1986 auf purem Kalkboden in den [&hellip;]<\/p>\n","protected":false},"author":1,"featured_media":0,"parent":81,"menu_order":46,"comment_status":"open","ping_status":"open","template":"","meta":[],"_links":{"self":[{"href":"https:\/\/johner-estate.com\/de\/wp-json\/wp\/v2\/pages\/706"}],"collection":[{"href":"https:\/\/johner-estate.com\/de\/wp-json\/wp\/v2\/pages"}],"about":[{"href":"https:\/\/johner-estate.com\/de\/wp-json\/wp\/v2\/types\/page"}],"author":[{"embeddable":true,"href":"https:\/\/johner-estate.com\/de\/wp-json\/wp\/v2\/users\/1"}],"replies":[{"embeddable":true,"href":"https:\/\/johner-estate.com\/de\/wp-json\/wp\/v2\/comments?post=706"}],"version-history":[{"count":6,"href":"https:\/\/johner-estate.com\/de\/wp-json\/wp\/v2\/pages\/706\/revisions"}],"predecessor-version":[{"id":708,"href":"https:\/\/johner-estate.com\/de\/wp-json\/wp\/v2\/pages\/706\/revisions\/708"}],"up":[{"embeddable":true,"href":"https:\/\/johner-estate.com\/de\/wp-json\/wp\/v2\/pages\/81"}],"wp:attachment":[{"href":"https:\/\/johner-estate.com\/de\/wp-json\/wp\/v2\/media?parent=706"}],"curies":[{"name":"wp","href":"https:\/\/api.w.org\/{rel}","templated":true}]}}