{"id":660,"date":"2014-03-12T14:52:37","date_gmt":"2014-03-12T14:52:37","guid":{"rendered":"http:\/\/johner-estate.com\/de\/?page_id=660"},"modified":"2014-07-30T06:25:18","modified_gmt":"2014-07-30T06:25:18","slug":"2010-pinot-noir-wairarapa","status":"publish","type":"page","link":"https:\/\/johner-estate.com\/de\/weine\/pinot-noir-wairarapa\/2010-pinot-noir-wairarapa\/","title":{"rendered":"2010 Pinot Noir Wairarapa"},"content":{"rendered":"<p><a href=\"http:\/\/johner-estate.com\/de\/wp-content\/uploads\/2014\/03\/2010-NZ-Pinot-Noir-Wairarapa-b-900px.jpg\"><img loading=\"lazy\" class=\"alignright size-medium wp-image-663\" title=\"2010 NZ Pinot Noir Wairarapa b-900px\" src=\"http:\/\/johner-estate.com\/de\/wp-content\/uploads\/2014\/03\/2010-NZ-Pinot-Noir-Wairarapa-b-900px-78x300.jpg\" alt=\"\" width=\"78\" height=\"300\" \/><\/a>VERKOSTUNGSNOTIZEN<br \/>\nSatte, rote Farbe. Sch\u00f6ner Duft nach reifen eingelegten roten Kirschen in Schokolade. Dazu etwas Gew\u00fcrz und Pfeffer.<\/p>\n<p>Eleganter K\u00f6rper mit burgundischer S\u00e4urestruktur, mittlerer F\u00fclle und reifen harmonischen Tanninen.<\/p>\n<p>KELLERMEISTER\u2019S NOTIZEN<br \/>\nJedes Jahr werden die einzelnen Pinot Noir Varianten separat ausgebaut und je nach Dichte und Komplexizit\u00e4t zusammengestellt. F\u00fcr den Pinot Noir Wairarapa werden die zug\u00e4nglichen, fruchtigen Varianten verwendet. Wie alle unsere Pinot Noir Reben legen wir gro\u00dfen Wert auf intensive manuelle Laubarbeit, Entbl\u00e4tterung und gr\u00fcner Traubenlese. Die Ernte erfolgt als selektive Handlese und Sortierung \u00fcber den Sortiertisch. 100% abgebeert und vier Wochen auf der Maische vergoren. 12 Monate Reifung in gebrauchten Barriques und unfiltrierte Abf\u00fcllung im Juni 2012.*<\/p>\n<p>WEIN ANALYSE<br \/>\nLagerf\u00e4higkeit: 5-10 Jahre<br \/>\nAlkohol: 13,5 % vol.<br \/>\nS\u00e4ure: 5,3 g\/l<br \/>\nRestzucker: Extrakt: 33 g\/l<\/p>\n<p>SPEISEEMPFEHLUNG<br \/>\nDieser Wein passt zu Schweinebraten, Rindersteacks, Gefl\u00fcgel, Wild und K\u00e4se.<br \/>\nDie optimale Trinktemperatur liegt bei 15 \u2013 18\u00b0 C<\/p>\n<p>* Durch die unfiltrierte Abf\u00fcllung kann der Wein leicht tr\u00fcbe erscheinen.<\/p>\n","protected":false},"excerpt":{"rendered":"<p>VERKOSTUNGSNOTIZEN Satte, rote Farbe. Sch\u00f6ner Duft nach reifen eingelegten roten Kirschen in Schokolade. Dazu etwas Gew\u00fcrz und Pfeffer. Eleganter K\u00f6rper mit burgundischer S\u00e4urestruktur, mittlerer F\u00fclle und reifen harmonischen Tanninen. KELLERMEISTER\u2019S NOTIZEN Jedes Jahr werden die einzelnen Pinot Noir Varianten separat ausgebaut und je nach Dichte und Komplexizit\u00e4t zusammengestellt. F\u00fcr den Pinot Noir Wairarapa werden die [&hellip;]<\/p>\n","protected":false},"author":1,"featured_media":0,"parent":17,"menu_order":49,"comment_status":"open","ping_status":"closed","template":"","meta":[],"_links":{"self":[{"href":"https:\/\/johner-estate.com\/de\/wp-json\/wp\/v2\/pages\/660"}],"collection":[{"href":"https:\/\/johner-estate.com\/de\/wp-json\/wp\/v2\/pages"}],"about":[{"href":"https:\/\/johner-estate.com\/de\/wp-json\/wp\/v2\/types\/page"}],"author":[{"embeddable":true,"href":"https:\/\/johner-estate.com\/de\/wp-json\/wp\/v2\/users\/1"}],"replies":[{"embeddable":true,"href":"https:\/\/johner-estate.com\/de\/wp-json\/wp\/v2\/comments?post=660"}],"version-history":[{"count":5,"href":"https:\/\/johner-estate.com\/de\/wp-json\/wp\/v2\/pages\/660\/revisions"}],"predecessor-version":[{"id":675,"href":"https:\/\/johner-estate.com\/de\/wp-json\/wp\/v2\/pages\/660\/revisions\/675"}],"up":[{"embeddable":true,"href":"https:\/\/johner-estate.com\/de\/wp-json\/wp\/v2\/pages\/17"}],"wp:attachment":[{"href":"https:\/\/johner-estate.com\/de\/wp-json\/wp\/v2\/media?parent=660"}],"curies":[{"name":"wp","href":"https:\/\/api.w.org\/{rel}","templated":true}]}}