{"id":646,"date":"2014-02-05T09:38:21","date_gmt":"2014-02-05T09:38:21","guid":{"rendered":"http:\/\/johner-estate.com\/de\/?page_id=646"},"modified":"2014-02-05T09:38:21","modified_gmt":"2014-02-05T09:38:21","slug":"2012-noble-sauvignon-blanc","status":"publish","type":"page","link":"https:\/\/johner-estate.com\/de\/weine\/dessertweine\/2012-noble-sauvignon-blanc\/","title":{"rendered":"2012 Noble Sauvignon Blanc"},"content":{"rendered":"<p><img loading=\"lazy\" class=\"alignright\" title=\"2012 noble Sauvignon Blanc\" src=\"http:\/\/www.johner-estate.com\/wp-content\/uploads\/2012\/08\/2012-NZ-Sauvignon-Blanc-Noble-900px.jpg\" alt=\"\" width=\"77\" height=\"300\" \/><\/p>\n<p><strong>VERKOSTUNGSNOTIZEN<\/strong><br \/>\nDer etwas andere Dessertwein! Durch sein helles Strohgelb und die goldenen Reflexe fesselt er schon im Glas. Das s\u00fc\u00dfliche Bukett nach Maracuja und tropischen Fr\u00fcchten zeigt sich besonders in der Nase. Buchst\u00e4blich eine Nasenweide mit viel Spannung durch das S\u00fc\u00dfe-S\u00e4ure-Spiel und fantastischem Finale.<\/p>\n<p><strong>KELLERMEISTER\u2019S NOTIZEN<\/strong><br \/>\nIn unserem Weingut wird der Sauvignon Blanc schon immer in mehreren Leseg\u00e4ngen von Hand geerntet, denn nur so kann man die besonderen Qualit\u00e4ten erzeugen. 2012 hatte eine lange, moderate Vegetationsperiode, mit sehr sp\u00e4ter Lese, die schon leicht eingetrockneten Beeren wurden bis im Juni ( gleichzusetzen mit Dezember in Deutschland) am Stock belassen. So erreicht man, dass alle, in der Traube enthaltenen Aromen noch weiter konzentriert werden. So konnten wir einen Dessertwein im Stil einer Beerenauslese einlagern.<\/p>\n<p><strong>WEIN ANALYSE <\/strong><br \/>\nLagerf\u00e4higkeit: 10 Jahre<br \/>\nAlkohol: 11,5 % vol.<br \/>\nRestzucker: &gt;120 g\/l<br \/>\nS\u00e4ure: 11,3 g\/l<br \/>\nGesamtextrakt: 173 g\/l<\/p>\n<p><strong>SPEISEEMPFEHLUNG<\/strong><br \/>\nIdelaer Begleiter zu G\u00e4nseleber, K\u00e4sevariationen und fruchtigen Desserts<br \/>\nDie optimale Trinktemperatur liegt bei 8-10\u00b0C<\/p>\n<p><a href=\"http:\/\/johner-estate.com\/de\/wp-content\/uploads\/2014\/02\/2012-NZ-SVB-Noble.pdf\">PDF &#8211; Version hier abrufbar !<\/a><\/p>\n","protected":false},"excerpt":{"rendered":"<p>VERKOSTUNGSNOTIZEN Der etwas andere Dessertwein! Durch sein helles Strohgelb und die goldenen Reflexe fesselt er schon im Glas. Das s\u00fc\u00dfliche Bukett nach Maracuja und tropischen Fr\u00fcchten zeigt sich besonders in der Nase. Buchst\u00e4blich eine Nasenweide mit viel Spannung durch das S\u00fc\u00dfe-S\u00e4ure-Spiel und fantastischem Finale. KELLERMEISTER\u2019S NOTIZEN In unserem Weingut wird der Sauvignon Blanc schon immer [&hellip;]<\/p>\n","protected":false},"author":1,"featured_media":0,"parent":76,"menu_order":0,"comment_status":"open","ping_status":"open","template":"","meta":[],"_links":{"self":[{"href":"https:\/\/johner-estate.com\/de\/wp-json\/wp\/v2\/pages\/646"}],"collection":[{"href":"https:\/\/johner-estate.com\/de\/wp-json\/wp\/v2\/pages"}],"about":[{"href":"https:\/\/johner-estate.com\/de\/wp-json\/wp\/v2\/types\/page"}],"author":[{"embeddable":true,"href":"https:\/\/johner-estate.com\/de\/wp-json\/wp\/v2\/users\/1"}],"replies":[{"embeddable":true,"href":"https:\/\/johner-estate.com\/de\/wp-json\/wp\/v2\/comments?post=646"}],"version-history":[{"count":1,"href":"https:\/\/johner-estate.com\/de\/wp-json\/wp\/v2\/pages\/646\/revisions"}],"predecessor-version":[{"id":648,"href":"https:\/\/johner-estate.com\/de\/wp-json\/wp\/v2\/pages\/646\/revisions\/648"}],"up":[{"embeddable":true,"href":"https:\/\/johner-estate.com\/de\/wp-json\/wp\/v2\/pages\/76"}],"wp:attachment":[{"href":"https:\/\/johner-estate.com\/de\/wp-json\/wp\/v2\/media?parent=646"}],"curies":[{"name":"wp","href":"https:\/\/api.w.org\/{rel}","templated":true}]}}