{"id":503,"date":"2013-01-03T10:03:47","date_gmt":"2013-01-03T10:03:47","guid":{"rendered":"http:\/\/johner-estate.com\/de\/?page_id=503"},"modified":"2015-02-25T14:43:49","modified_gmt":"2015-02-25T14:43:49","slug":"2010-cabernet-merlot-malbec","status":"publish","type":"page","link":"https:\/\/johner-estate.com\/de\/weine\/cabernet-merlot-malbec\/2010-cabernet-merlot-malbec\/","title":{"rendered":"Cabernet, Merlot &#038; Malbec 2010"},"content":{"rendered":"<p>&nbsp;<\/p>\n<p><strong>VERKOSTUNGSNOTIZEN<\/strong><a href=\"http:\/\/johner-estate.com\/de\/wp-content\/uploads\/2013\/01\/2010-NZ-Cabernet-Merlot-Malbec-900px.jpg\"><img loading=\"lazy\" class=\"alignright size-medium wp-image-571\" title=\"2010 NZ Cabernet Merlot Malbec 900px\" src=\"http:\/\/johner-estate.com\/de\/wp-content\/uploads\/2013\/01\/2010-NZ-Cabernet-Merlot-Malbec-900px-74x300.jpg\" alt=\"\" width=\"74\" height=\"300\" srcset=\"https:\/\/johner-estate.com\/de\/wp-content\/uploads\/2013\/01\/2010-NZ-Cabernet-Merlot-Malbec-900px-74x300.jpg 74w, https:\/\/johner-estate.com\/de\/wp-content\/uploads\/2013\/01\/2010-NZ-Cabernet-Merlot-Malbec-900px.jpg 222w\" sizes=\"(max-width: 74px) 100vw, 74px\" \/><\/a><br \/>\nIntensive dunkle Farbe. In der Nase haben wir eine wundervolle zug\u00e4ngliche Fruchtaromatik nach Brombeeren, Cassis und weiteren dunklen Fr\u00fcchten. Im Geschmack zeigt sich der Wein ebenso sehr komplex und fruchtbetont mit weicher Tanninstruktur. Im Abgang verw\u00f6hnt uns der Wein mit seiner enormen L\u00e4nge und nachklingenden dunklen Fr\u00fcchten.<\/p>\n<p><strong>KELLERMEISTER&#8217;S NOTIZEN<\/strong><br \/>\nDer Jahrgang 2010 war eher k\u00fchl und regnerisch. Sp\u00e4te Bl\u00fcte und kalte Temperaturen brachten uns einen geringen Fruchtansatz. Um einen qualitativ hochwertigen Wein zu produzieren war intensive manuelle Laubarbeit notwendig. Die Beeren wurden Anfang Mai gelesen und anschlie\u00dfend auf dem Vibrationstisch selektiert. Nach einer zweiw\u00f6chigen Maischeg\u00e4rung reifte der Wein 12 Monate lang in neuen (30%) und gebrauchten (70%) Eichenholzf\u00e4ssern. Im Dezember 2011 wurde er ohne Filtration* abgef\u00fcllt.<\/p>\n<p><strong>WEIN ANALYSE<\/strong><br \/>\nLagerf\u00e4higkeit: 5-10 Jahre<br \/>\nAlkohol: 14,5 %<br \/>\nS\u00e4ure: 5,2 g\/l<br \/>\nRestzucker: &lt;0,5 g\/l<br \/>\nExtrakt: 30,0 g\/l<\/p>\n<p><strong>SPEISEEMPFEHLUNG<\/strong><br \/>\nPasst zu kr\u00e4ftigen Fleisch- und Wildgerichten. Sch\u00f6ner Kaminwein. Die optimale Trinktemperatur liegt bei 15 \u2013 18\u00b0 C.<\/p>\n<p>*Durch die unfiltrierte Abf\u00fcllung kann der Wein leicht tr\u00fcbe erscheinen.<\/p>\n<p><a href=\"http:\/\/johner-estate.com\/de\/wp-content\/uploads\/2013\/01\/2010-NZ-Cabernet-Merlot-Malbec1.pdf\">pdf 2010 NZ Cabernet Merlot Malbec<\/a><\/p>\n","protected":false},"excerpt":{"rendered":"<p>&nbsp; VERKOSTUNGSNOTIZEN Intensive dunkle Farbe. In der Nase haben wir eine wundervolle zug\u00e4ngliche Fruchtaromatik nach Brombeeren, Cassis und weiteren dunklen Fr\u00fcchten. Im Geschmack zeigt sich der Wein ebenso sehr komplex und fruchtbetont mit weicher Tanninstruktur. Im Abgang verw\u00f6hnt uns der Wein mit seiner enormen L\u00e4nge und nachklingenden dunklen Fr\u00fcchten. KELLERMEISTER&#8217;S NOTIZEN Der Jahrgang 2010 war [&hellip;]<\/p>\n","protected":false},"author":3,"featured_media":0,"parent":90,"menu_order":200,"comment_status":"open","ping_status":"closed","template":"","meta":[],"_links":{"self":[{"href":"https:\/\/johner-estate.com\/de\/wp-json\/wp\/v2\/pages\/503"}],"collection":[{"href":"https:\/\/johner-estate.com\/de\/wp-json\/wp\/v2\/pages"}],"about":[{"href":"https:\/\/johner-estate.com\/de\/wp-json\/wp\/v2\/types\/page"}],"author":[{"embeddable":true,"href":"https:\/\/johner-estate.com\/de\/wp-json\/wp\/v2\/users\/3"}],"replies":[{"embeddable":true,"href":"https:\/\/johner-estate.com\/de\/wp-json\/wp\/v2\/comments?post=503"}],"version-history":[{"count":14,"href":"https:\/\/johner-estate.com\/de\/wp-json\/wp\/v2\/pages\/503\/revisions"}],"predecessor-version":[{"id":505,"href":"https:\/\/johner-estate.com\/de\/wp-json\/wp\/v2\/pages\/503\/revisions\/505"}],"up":[{"embeddable":true,"href":"https:\/\/johner-estate.com\/de\/wp-json\/wp\/v2\/pages\/90"}],"wp:attachment":[{"href":"https:\/\/johner-estate.com\/de\/wp-json\/wp\/v2\/media?parent=503"}],"curies":[{"name":"wp","href":"https:\/\/api.w.org\/{rel}","templated":true}]}}