{"id":326,"date":"2012-05-21T06:39:18","date_gmt":"2012-05-21T06:39:18","guid":{"rendered":"http:\/\/johner-estate.com\/de\/?page_id=326"},"modified":"2012-06-14T07:32:51","modified_gmt":"2012-06-14T07:32:51","slug":"2010-syrah","status":"publish","type":"page","link":"https:\/\/johner-estate.com\/de\/weine\/syrah\/2010-syrah\/","title":{"rendered":"2010 Syrah Gladstone"},"content":{"rendered":"<p><a href=\"http:\/\/johner-estate.com\/de\/wp-content\/uploads\/2012\/05\/2010-NZ-Syrah-Gladstone-900px.jpg\"><img loading=\"lazy\" src=\"http:\/\/johner-estate.com\/de\/wp-content\/uploads\/2012\/05\/2010-NZ-Syrah-Gladstone-900px-83x300.jpg\" alt=\"\" title=\"2010 NZ Syrah Gladstone 900px\" width=\"83\" height=\"300\" class=\"alignright size-medium wp-image-330\" srcset=\"https:\/\/johner-estate.com\/de\/wp-content\/uploads\/2012\/05\/2010-NZ-Syrah-Gladstone-900px-83x300.jpg 83w, https:\/\/johner-estate.com\/de\/wp-content\/uploads\/2012\/05\/2010-NZ-Syrah-Gladstone-900px.jpg 250w\" sizes=\"(max-width: 83px) 100vw, 83px\" \/><\/a><\/p>\n<p><strong>VERKOSTUNGSNOTIZ MAI 2012<\/strong><br \/>\nIn der Nase \u00fcberwiegen Kirscharomen mit leicht animalischen Noten. Geschmacklich entspricht er dem klassischen franz\u00f6sischen Rhonetal-Stil. Die Kirschfrucht dominiert gepaart mit w\u00fcrzigen Noten, wie wei\u00dfer Pfeffer. Der Wein ist gehaltvoll, sehr elegant, nicht breit im Geschmack. Sehr langer Abgang mit dezenten Aromen. Momentan ist er noch etwas hart und sehr jung. Seine robusten Tannine versprechen jedoch ein gutes Alterungspotential. Sp\u00e4ter im Glas kommen noch D\u00fcfte von Kampfer und ein Hauch von Minze hinzu.<\/p>\n<p><strong>KELLERMEISTER&#8217;S NOTIZEN<\/strong><br \/>\nDie Ernte dieses Jahr war verh\u00e4ltnism\u00e4\u00dfig sp\u00e4t. Die Trauben stammen alle von unserem Singlevineyard, wo wir ein sehr striktes Qualit\u00e4tsmanagement verfolgen. Die Lese erfolgte per Hand, dann wurden die Trauben erneut auf dem Sortiertisch sortiert. Der Ertrag wurde mit einer Traube pro Trieb sehr gering gehalten. Nach 3 Wochen Maischeg\u00e4rung reifte der Wein zu 50% in neuen Barriques f\u00fcr 14 Monate. Wir haben ihn lediglich vor der Abf\u00fcllung im September 2011 leicht filtriert.*<\/p>\n<p><strong>WEIN ANALYSE <\/strong><br \/>\nLagerf\u00e4higkeit: 5-10 Jahre<br \/>\nAlkohol: 14,5 % vol.<br \/>\nS\u00e4ure: 5,0 g\/l<br \/>\nRestzucker: 1,0 g\/l<br \/>\nExtrakt: 29,6 g\/l<\/p>\n<p><strong>SPEISENEMPFEHLUNG<\/strong><br \/>\nrobuste und herzhafte Gerichte wie Gegrilltes, Wild, Ochsenfleisch<br \/>\nDie optimale Trinktemperatur liegt bei 15 \u2013 18\u00b0 C.<\/p>\n<p>* Durch die unfiltrierte Abf\u00fcllung kann der Wein leicht tr\u00fcbe erscheinen.<\/p>\n<p><a href='http:\/\/johner-estate.com\/de\/wp-content\/uploads\/2012\/05\/2010-NZ-Syrah-Gladstone.pdf'>2010 NZ Syrah Gladstone <img loading=\"lazy\" class=\"alignleft size-full wp-image-163\" title=\"pdf\" src=\"http:\/\/weingut.johner.de\/wp-content\/uploads\/2011\/10\/pdf.png\" alt=\"\" width=\"35\" height=\"38\" \/><\/a><\/p>\n","protected":false},"excerpt":{"rendered":"<p>VERKOSTUNGSNOTIZ MAI 2012 In der Nase \u00fcberwiegen Kirscharomen mit leicht animalischen Noten. Geschmacklich entspricht er dem klassischen franz\u00f6sischen Rhonetal-Stil. Die Kirschfrucht dominiert gepaart mit w\u00fcrzigen Noten, wie wei\u00dfer Pfeffer. Der Wein ist gehaltvoll, sehr elegant, nicht breit im Geschmack. Sehr langer Abgang mit dezenten Aromen. Momentan ist er noch etwas hart und sehr jung. Seine [&hellip;]<\/p>\n","protected":false},"author":1,"featured_media":0,"parent":324,"menu_order":0,"comment_status":"open","ping_status":"open","template":"","meta":[],"_links":{"self":[{"href":"https:\/\/johner-estate.com\/de\/wp-json\/wp\/v2\/pages\/326"}],"collection":[{"href":"https:\/\/johner-estate.com\/de\/wp-json\/wp\/v2\/pages"}],"about":[{"href":"https:\/\/johner-estate.com\/de\/wp-json\/wp\/v2\/types\/page"}],"author":[{"embeddable":true,"href":"https:\/\/johner-estate.com\/de\/wp-json\/wp\/v2\/users\/1"}],"replies":[{"embeddable":true,"href":"https:\/\/johner-estate.com\/de\/wp-json\/wp\/v2\/comments?post=326"}],"version-history":[{"count":6,"href":"https:\/\/johner-estate.com\/de\/wp-json\/wp\/v2\/pages\/326\/revisions"}],"predecessor-version":[{"id":341,"href":"https:\/\/johner-estate.com\/de\/wp-json\/wp\/v2\/pages\/326\/revisions\/341"}],"up":[{"embeddable":true,"href":"https:\/\/johner-estate.com\/de\/wp-json\/wp\/v2\/pages\/324"}],"wp:attachment":[{"href":"https:\/\/johner-estate.com\/de\/wp-json\/wp\/v2\/media?parent=326"}],"curies":[{"name":"wp","href":"https:\/\/api.w.org\/{rel}","templated":true}]}}