{"id":324,"date":"2012-05-21T06:34:20","date_gmt":"2012-05-21T06:34:20","guid":{"rendered":"http:\/\/johner-estate.com\/de\/?page_id=324"},"modified":"2012-06-14T07:32:26","modified_gmt":"2012-06-14T07:32:26","slug":"syrah","status":"publish","type":"page","link":"https:\/\/johner-estate.com\/de\/weine\/syrah\/","title":{"rendered":"Syrah"},"content":{"rendered":"<p>Als eines der 10 Versuchsrebsorten haben wir 2004 ca. 10 ar Syrah gepflanzt. Eigentlich ben\u00f6tigt Syrah ein sehr warmes Klima und gedeiht daher besonders gut im Rhone Tal, wo es f\u00fcr den Pinot Noir schon zu hei ist, und in den hei\u00dfen Aunbaugebieten von Australien.<\/p>\n<p>Durch eine intensive gr\u00fcne Lese schaffen wir es dennoch fast jedes Jahr einen reifen cool climate Syrah zu ernten und einen sehr dichten Wein daraus zu keltern. Generell hat sich diese Sorte bei uns als echter Gl\u00fccksgriff herausgestellt und deshalb haben wir 2011 ein weiteres Feld mit 50 ar Rebfl\u00e4che damit angepflanzt. Die ersten Trauben daraus erwarten wir zur Ernte 2013.<\/p>\n<p>Bis dahin sind die produzieren Mengen sehr gering und wir konnten bisher immer nur jeweils 300 Flaschen f\u00fcr den deutschen Markt bereitstellen.<\/p>\n<p>Aktueller Jahrgang im Verkauf: <a href=\"http:\/\/johner-estate.com\/de\/weine\/syrah\/2010-syrah\/\" title=\"2010 Syrah Gladstone\">2010<\/a><\/p>\n","protected":false},"excerpt":{"rendered":"<p>Als eines der 10 Versuchsrebsorten haben wir 2004 ca. 10 ar Syrah gepflanzt. Eigentlich ben\u00f6tigt Syrah ein sehr warmes Klima und gedeiht daher besonders gut im Rhone Tal, wo es f\u00fcr den Pinot Noir schon zu hei ist, und in den hei\u00dfen Aunbaugebieten von Australien. Durch eine intensive gr\u00fcne Lese schaffen wir es dennoch fast [&hellip;]<\/p>\n","protected":false},"author":1,"featured_media":0,"parent":8,"menu_order":0,"comment_status":"open","ping_status":"open","template":"","meta":[],"_links":{"self":[{"href":"https:\/\/johner-estate.com\/de\/wp-json\/wp\/v2\/pages\/324"}],"collection":[{"href":"https:\/\/johner-estate.com\/de\/wp-json\/wp\/v2\/pages"}],"about":[{"href":"https:\/\/johner-estate.com\/de\/wp-json\/wp\/v2\/types\/page"}],"author":[{"embeddable":true,"href":"https:\/\/johner-estate.com\/de\/wp-json\/wp\/v2\/users\/1"}],"replies":[{"embeddable":true,"href":"https:\/\/johner-estate.com\/de\/wp-json\/wp\/v2\/comments?post=324"}],"version-history":[{"count":3,"href":"https:\/\/johner-estate.com\/de\/wp-json\/wp\/v2\/pages\/324\/revisions"}],"predecessor-version":[{"id":339,"href":"https:\/\/johner-estate.com\/de\/wp-json\/wp\/v2\/pages\/324\/revisions\/339"}],"up":[{"embeddable":true,"href":"https:\/\/johner-estate.com\/de\/wp-json\/wp\/v2\/pages\/8"}],"wp:attachment":[{"href":"https:\/\/johner-estate.com\/de\/wp-json\/wp\/v2\/media?parent=324"}],"curies":[{"name":"wp","href":"https:\/\/api.w.org\/{rel}","templated":true}]}}