{"id":226,"date":"2012-05-07T19:05:47","date_gmt":"2012-05-07T19:05:47","guid":{"rendered":"http:\/\/johner-estate.com\/de\/?page_id=226"},"modified":"2012-05-08T07:44:51","modified_gmt":"2012-05-08T07:44:51","slug":"2008-pinot-noir-gladstone","status":"publish","type":"page","link":"https:\/\/johner-estate.com\/de\/weine\/pinot-noir-gladstone\/2008-pinot-noir-gladstone\/","title":{"rendered":"2008 Pinot Noir Gladstone"},"content":{"rendered":"<p><a href=\"http:\/\/johner-estate.com\/de\/wp-content\/uploads\/2012\/05\/2008-NZ-Pinot-Noir-Gladstone-900px.jpg\"><img loading=\"lazy\" src=\"http:\/\/johner-estate.com\/de\/wp-content\/uploads\/2012\/05\/2008-NZ-Pinot-Noir-Gladstone-900px-78x300.jpg\" alt=\"\" title=\"2008 NZ Pinot Noir Gladstone 900px\" width=\"78\" height=\"300\" class=\"alignright size-medium wp-image-227\" srcset=\"https:\/\/johner-estate.com\/de\/wp-content\/uploads\/2012\/05\/2008-NZ-Pinot-Noir-Gladstone-900px-78x300.jpg 78w, https:\/\/johner-estate.com\/de\/wp-content\/uploads\/2012\/05\/2008-NZ-Pinot-Noir-Gladstone-900px.jpg 235w\" sizes=\"(max-width: 78px) 100vw, 78px\" \/><\/a><br \/>\n<strong>VERKOSTUNGSNOTIZEN<\/strong><br \/>\nIntensive tiefrote Farbe. Wundervolle leuchtende Fruchtaromatik. Offene Frucht nach eingekochten Kirschen und Moosbeeren unterlegt mit einer feinen W\u00fcrze.  Komplexer Wein, sch\u00f6ne Mineralik mit voller reifer Tanninstruktur und anhaltendem Abgang nach dunklen Fr\u00fcchten.<\/p>\n<p><strong>KELLERMEISTER&#8217;S NOTIZEN<\/strong><br \/>\nDer Jahrgang 2008 brachte uns nun zum ersten Mal den angestrebten Zielertrag von 30 hl\/ha.. Keine Sp\u00e4tfrostproblematik, Vogelfra\u00df und sonstige nat\u00fcrliche Vorkommnisse konnten den Ertrag au\u00dferplanm\u00e4\u00dfig eind\u00e4mmen. Vom Erntezeitpunkt her war der Jahrgang war ein normaler Jahrgang.  Wie alle unsere Pinot Noir Reben legen wir gro\u00dfen Wert auf intensive manuelle Laubarbeit, Entbl\u00e4tterung und gr\u00fcner Traubenlese. Selektive Handlese und Sortierung \u00fcber den Sortiertisch. 100% abgebeert und vier Wochen Maischeg\u00e4rung. 14 Monate Reifung in Barriques und Abf\u00fcllung im August 2009. <\/p>\n<p><strong>WEIN ANALYSE  <\/strong><br \/>\nLagerf\u00e4higkeit: 5-10 Jahre<br \/>\nAlkohol: 13,5 % vol.<br \/>\nS\u00e4ure: 5,4 g\/l<br \/>\nExtrakt: 30,7 g\/l<\/p>\n<p><strong>SPEISEEMPFEHLUNG<\/strong><br \/>\nKalb mit Rahmso\u00dfe, Wildpasteten, gebratenes Gefl\u00fcgel.<\/p>\n<p><a href='http:\/\/johner-estate.com\/de\/wp-content\/uploads\/2012\/05\/2008-NZ-Pinot-Noir-Gladstone.pdf'><img loading=\"lazy\" class=\"size-full wp-image-36\" title=\"pdf\" src=\"http:\/\/johner-estate.com\/de\/wp-content\/uploads\/2011\/12\/pdf.png\" alt=\"\" width=\"35\" height=\"38\" \/> 2008 Pinot Noir Gladstone<\/a><\/p>\n","protected":false},"excerpt":{"rendered":"<p>VERKOSTUNGSNOTIZEN Intensive tiefrote Farbe. Wundervolle leuchtende Fruchtaromatik. Offene Frucht nach eingekochten Kirschen und Moosbeeren unterlegt mit einer feinen W\u00fcrze. Komplexer Wein, sch\u00f6ne Mineralik mit voller reifer Tanninstruktur und anhaltendem Abgang nach dunklen Fr\u00fcchten. KELLERMEISTER&#8217;S NOTIZEN Der Jahrgang 2008 brachte uns nun zum ersten Mal den angestrebten Zielertrag von 30 hl\/ha.. Keine Sp\u00e4tfrostproblematik, Vogelfra\u00df und sonstige [&hellip;]<\/p>\n","protected":false},"author":2,"featured_media":0,"parent":19,"menu_order":50,"comment_status":"open","ping_status":"open","template":"","meta":[],"_links":{"self":[{"href":"https:\/\/johner-estate.com\/de\/wp-json\/wp\/v2\/pages\/226"}],"collection":[{"href":"https:\/\/johner-estate.com\/de\/wp-json\/wp\/v2\/pages"}],"about":[{"href":"https:\/\/johner-estate.com\/de\/wp-json\/wp\/v2\/types\/page"}],"author":[{"embeddable":true,"href":"https:\/\/johner-estate.com\/de\/wp-json\/wp\/v2\/users\/2"}],"replies":[{"embeddable":true,"href":"https:\/\/johner-estate.com\/de\/wp-json\/wp\/v2\/comments?post=226"}],"version-history":[{"count":5,"href":"https:\/\/johner-estate.com\/de\/wp-json\/wp\/v2\/pages\/226\/revisions"}],"predecessor-version":[{"id":281,"href":"https:\/\/johner-estate.com\/de\/wp-json\/wp\/v2\/pages\/226\/revisions\/281"}],"up":[{"embeddable":true,"href":"https:\/\/johner-estate.com\/de\/wp-json\/wp\/v2\/pages\/19"}],"wp:attachment":[{"href":"https:\/\/johner-estate.com\/de\/wp-json\/wp\/v2\/media?parent=226"}],"curies":[{"name":"wp","href":"https:\/\/api.w.org\/{rel}","templated":true}]}}