{"id":202,"date":"2012-05-07T12:18:29","date_gmt":"2012-05-07T12:18:29","guid":{"rendered":"http:\/\/johner-estate.com\/de\/?page_id=202"},"modified":"2012-09-06T10:09:33","modified_gmt":"2012-09-06T10:09:33","slug":"2005-2","status":"publish","type":"page","link":"https:\/\/johner-estate.com\/de\/weingut\/jahrgange\/2005-2\/","title":{"rendered":"2005"},"content":{"rendered":"<p><strong>Das Vegetationsjahr:<\/strong><br \/>\nSchlechtes Wetter w\u00e4hrend der Bl\u00fcte brachte uns einen sehr geringen Fruchtansatz. Die wenigen Trauben reiften sehr schnell w\u00e4hrend der warmen Sommermonaten. Leider gab es sehr viel Regen kurz vor Ernte. <\/p>\n<p><strong>Die Ernte:<\/strong><br \/>\nWir verwendetet nur ganz gesunde Trauben f\u00fcr Rotweine. Die edelfaulen Beeren kelterten wir zu einem Dessertwein dem &#8222;Noble Pinot Noir&#8220;. Nur durch Traubenzukauf von einem Nachbarn konnten wir unsere Produktionsmenge etwas erh\u00f6hren.<\/p>\n","protected":false},"excerpt":{"rendered":"<p>Das Vegetationsjahr: Schlechtes Wetter w\u00e4hrend der Bl\u00fcte brachte uns einen sehr geringen Fruchtansatz. Die wenigen Trauben reiften sehr schnell w\u00e4hrend der warmen Sommermonaten. Leider gab es sehr viel Regen kurz vor Ernte. Die Ernte: Wir verwendetet nur ganz gesunde Trauben f\u00fcr Rotweine. Die edelfaulen Beeren kelterten wir zu einem Dessertwein dem &#8222;Noble Pinot Noir&#8220;. Nur [&hellip;]<\/p>\n","protected":false},"author":2,"featured_media":0,"parent":182,"menu_order":58,"comment_status":"open","ping_status":"open","template":"","meta":[],"_links":{"self":[{"href":"https:\/\/johner-estate.com\/de\/wp-json\/wp\/v2\/pages\/202"}],"collection":[{"href":"https:\/\/johner-estate.com\/de\/wp-json\/wp\/v2\/pages"}],"about":[{"href":"https:\/\/johner-estate.com\/de\/wp-json\/wp\/v2\/types\/page"}],"author":[{"embeddable":true,"href":"https:\/\/johner-estate.com\/de\/wp-json\/wp\/v2\/users\/2"}],"replies":[{"embeddable":true,"href":"https:\/\/johner-estate.com\/de\/wp-json\/wp\/v2\/comments?post=202"}],"version-history":[{"count":3,"href":"https:\/\/johner-estate.com\/de\/wp-json\/wp\/v2\/pages\/202\/revisions"}],"predecessor-version":[{"id":416,"href":"https:\/\/johner-estate.com\/de\/wp-json\/wp\/v2\/pages\/202\/revisions\/416"}],"up":[{"embeddable":true,"href":"https:\/\/johner-estate.com\/de\/wp-json\/wp\/v2\/pages\/182"}],"wp:attachment":[{"href":"https:\/\/johner-estate.com\/de\/wp-json\/wp\/v2\/media?parent=202"}],"curies":[{"name":"wp","href":"https:\/\/api.w.org\/{rel}","templated":true}]}}