{"id":200,"date":"2012-05-07T12:18:04","date_gmt":"2012-05-07T12:18:04","guid":{"rendered":"http:\/\/johner-estate.com\/de\/?page_id=200"},"modified":"2012-09-06T10:03:20","modified_gmt":"2012-09-06T10:03:20","slug":"2006-2","status":"publish","type":"page","link":"https:\/\/johner-estate.com\/de\/weingut\/jahrgange\/2006-2\/","title":{"rendered":"2006"},"content":{"rendered":"<p><strong>Das Vegetationsjahr:<\/strong><br \/>\nEin warmer Fr\u00fchling mit ausreichend Wasservorr\u00e4ten vom Winter bescherten uns eine sch\u00f6ne Bl\u00fcte. Drei hei\u00dfe Sommermonate lie\u00dfen die Trauben wunderbar ausreifen. Das warme Klima brachte Wairarapa einen Mengenzuwachs von 82% im Vergleich zur Ernte 2005.  <\/p>\n<p><strong>Die Ernte:<\/strong><br \/>\n2006 begann die Ernte Mitte M\u00e4rz sehr fr\u00fch. K\u00fchlere Temperaturen und etwas Regen w\u00e4hrend der Lese verz\u00f6gerten den Reifeprozess etwas. Wir konnten ohne Druck alle Trauben perfekt ausgereift ernten. <\/p>\n","protected":false},"excerpt":{"rendered":"<p>Das Vegetationsjahr: Ein warmer Fr\u00fchling mit ausreichend Wasservorr\u00e4ten vom Winter bescherten uns eine sch\u00f6ne Bl\u00fcte. Drei hei\u00dfe Sommermonate lie\u00dfen die Trauben wunderbar ausreifen. Das warme Klima brachte Wairarapa einen Mengenzuwachs von 82% im Vergleich zur Ernte 2005. Die Ernte: 2006 begann die Ernte Mitte M\u00e4rz sehr fr\u00fch. K\u00fchlere Temperaturen und etwas Regen w\u00e4hrend der Lese [&hellip;]<\/p>\n","protected":false},"author":2,"featured_media":0,"parent":182,"menu_order":56,"comment_status":"open","ping_status":"open","template":"","meta":[],"_links":{"self":[{"href":"https:\/\/johner-estate.com\/de\/wp-json\/wp\/v2\/pages\/200"}],"collection":[{"href":"https:\/\/johner-estate.com\/de\/wp-json\/wp\/v2\/pages"}],"about":[{"href":"https:\/\/johner-estate.com\/de\/wp-json\/wp\/v2\/types\/page"}],"author":[{"embeddable":true,"href":"https:\/\/johner-estate.com\/de\/wp-json\/wp\/v2\/users\/2"}],"replies":[{"embeddable":true,"href":"https:\/\/johner-estate.com\/de\/wp-json\/wp\/v2\/comments?post=200"}],"version-history":[{"count":3,"href":"https:\/\/johner-estate.com\/de\/wp-json\/wp\/v2\/pages\/200\/revisions"}],"predecessor-version":[{"id":414,"href":"https:\/\/johner-estate.com\/de\/wp-json\/wp\/v2\/pages\/200\/revisions\/414"}],"up":[{"embeddable":true,"href":"https:\/\/johner-estate.com\/de\/wp-json\/wp\/v2\/pages\/182"}],"wp:attachment":[{"href":"https:\/\/johner-estate.com\/de\/wp-json\/wp\/v2\/media?parent=200"}],"curies":[{"name":"wp","href":"https:\/\/api.w.org\/{rel}","templated":true}]}}