{"id":196,"date":"2012-05-07T12:17:13","date_gmt":"2012-05-07T12:17:13","guid":{"rendered":"http:\/\/johner-estate.com\/de\/?page_id=196"},"modified":"2012-09-06T09:43:19","modified_gmt":"2012-09-06T09:43:19","slug":"2008-2","status":"publish","type":"page","link":"https:\/\/johner-estate.com\/de\/weingut\/jahrgange\/2008-2\/","title":{"rendered":"2008"},"content":{"rendered":"<p><strong>Das Vegetationsjahr:<\/strong><br \/>\nMit der Inbetriebnahme von unserer dritten Windmaschine konnten wir unsere Weinberge besser vor Frost sch\u00fctzen als in den Jahren zuvor. Generell war der Fruchtansatz nach der Bl\u00fcte zufriedenstellend. Au\u00dfer in ein paar Pinot Noir Blogs hatten wir kaum Ertrag. Der Sommer war sehr trocken, in manchen Gegenden wurde das Wasser sehr knapp. Gl\u00fccklicherweise hatten wir ausreichend Wasser um unsere Weinberge zu bew\u00e4ssern. Nach einer sorgf\u00e4ltigen Entbl\u00e4tterung der Traubenzone standen unsere Weinberge sehr gut da, bereit f\u00fcr die Ernte 2008. <\/p>\n<p><strong>Die Ernte:<\/strong><br \/>\nMit der Ernte haben wir am 27. M\u00e4rz mit Sauvignon Blanc begonnen. <\/p>\n","protected":false},"excerpt":{"rendered":"<p>Das Vegetationsjahr: Mit der Inbetriebnahme von unserer dritten Windmaschine konnten wir unsere Weinberge besser vor Frost sch\u00fctzen als in den Jahren zuvor. Generell war der Fruchtansatz nach der Bl\u00fcte zufriedenstellend. Au\u00dfer in ein paar Pinot Noir Blogs hatten wir kaum Ertrag. Der Sommer war sehr trocken, in manchen Gegenden wurde das Wasser sehr knapp. Gl\u00fccklicherweise [&hellip;]<\/p>\n","protected":false},"author":2,"featured_media":0,"parent":182,"menu_order":54,"comment_status":"open","ping_status":"open","template":"","meta":[],"_links":{"self":[{"href":"https:\/\/johner-estate.com\/de\/wp-json\/wp\/v2\/pages\/196"}],"collection":[{"href":"https:\/\/johner-estate.com\/de\/wp-json\/wp\/v2\/pages"}],"about":[{"href":"https:\/\/johner-estate.com\/de\/wp-json\/wp\/v2\/types\/page"}],"author":[{"embeddable":true,"href":"https:\/\/johner-estate.com\/de\/wp-json\/wp\/v2\/users\/2"}],"replies":[{"embeddable":true,"href":"https:\/\/johner-estate.com\/de\/wp-json\/wp\/v2\/comments?post=196"}],"version-history":[{"count":3,"href":"https:\/\/johner-estate.com\/de\/wp-json\/wp\/v2\/pages\/196\/revisions"}],"predecessor-version":[{"id":411,"href":"https:\/\/johner-estate.com\/de\/wp-json\/wp\/v2\/pages\/196\/revisions\/411"}],"up":[{"embeddable":true,"href":"https:\/\/johner-estate.com\/de\/wp-json\/wp\/v2\/pages\/182"}],"wp:attachment":[{"href":"https:\/\/johner-estate.com\/de\/wp-json\/wp\/v2\/media?parent=196"}],"curies":[{"name":"wp","href":"https:\/\/api.w.org\/{rel}","templated":true}]}}