{"id":192,"date":"2012-05-03T10:02:40","date_gmt":"2012-05-03T10:02:40","guid":{"rendered":"http:\/\/johner-estate.com\/de\/?page_id=192"},"modified":"2012-09-06T09:34:02","modified_gmt":"2012-09-06T09:34:02","slug":"2009-2","status":"publish","type":"page","link":"https:\/\/johner-estate.com\/de\/weingut\/jahrgange\/2009-2\/","title":{"rendered":"2009"},"content":{"rendered":"<p><strong>Das Vegetationsjahr:<\/strong><br \/>\nDas Klima der Saison 2009 war von Anfang bis Ende ziemlich gleichm\u00e4\u00dfig und best\u00e4ndig. Der Rebaustrieb erfolgte zeitgerecht, gefolgt von einem gleichm\u00e4\u00dfigen Wachstum der Triebe und sch\u00f6ner Bl\u00fcte mit sehr gutem Fruchtansatz. In Dezember\/Januar reduzierten wir die \u00fcbersch\u00fcssigen Trauben um ein weiteres qualit\u00e4tsorientiertes Wachsen und Reifen der Trauben zu gew\u00e4hrleisten.  <\/p>\n<p><strong>Die Ernte:<\/strong><br \/>\nEtwas k\u00e4ltere Temperaturen w\u00e4hrend der Ernte lie\u00dfen die Trauben sehr langsam und schonend reifen. Die Ernte begann Ende M\u00e4rz. Es gab w\u00e4hrend der ganzen Ernte nur einen Tag mit leichtem Regen, so dass wir ohne Druck unsere Weinberge nach und nach abernten konnten. Erst gegen Leseende bereitete uns ein fr\u00fcher Herbstfrost einen Schrecken, doch gl\u00fccklicherweise waren die meisten Trauben bereits gekeltert!<\/p>\n","protected":false},"excerpt":{"rendered":"<p>Das Vegetationsjahr: Das Klima der Saison 2009 war von Anfang bis Ende ziemlich gleichm\u00e4\u00dfig und best\u00e4ndig. Der Rebaustrieb erfolgte zeitgerecht, gefolgt von einem gleichm\u00e4\u00dfigen Wachstum der Triebe und sch\u00f6ner Bl\u00fcte mit sehr gutem Fruchtansatz. In Dezember\/Januar reduzierten wir die \u00fcbersch\u00fcssigen Trauben um ein weiteres qualit\u00e4tsorientiertes Wachsen und Reifen der Trauben zu gew\u00e4hrleisten. Die Ernte: Etwas [&hellip;]<\/p>\n","protected":false},"author":2,"featured_media":0,"parent":182,"menu_order":53,"comment_status":"open","ping_status":"open","template":"","meta":[],"_links":{"self":[{"href":"https:\/\/johner-estate.com\/de\/wp-json\/wp\/v2\/pages\/192"}],"collection":[{"href":"https:\/\/johner-estate.com\/de\/wp-json\/wp\/v2\/pages"}],"about":[{"href":"https:\/\/johner-estate.com\/de\/wp-json\/wp\/v2\/types\/page"}],"author":[{"embeddable":true,"href":"https:\/\/johner-estate.com\/de\/wp-json\/wp\/v2\/users\/2"}],"replies":[{"embeddable":true,"href":"https:\/\/johner-estate.com\/de\/wp-json\/wp\/v2\/comments?post=192"}],"version-history":[{"count":3,"href":"https:\/\/johner-estate.com\/de\/wp-json\/wp\/v2\/pages\/192\/revisions"}],"predecessor-version":[{"id":409,"href":"https:\/\/johner-estate.com\/de\/wp-json\/wp\/v2\/pages\/192\/revisions\/409"}],"up":[{"embeddable":true,"href":"https:\/\/johner-estate.com\/de\/wp-json\/wp\/v2\/pages\/182"}],"wp:attachment":[{"href":"https:\/\/johner-estate.com\/de\/wp-json\/wp\/v2\/media?parent=192"}],"curies":[{"name":"wp","href":"https:\/\/api.w.org\/{rel}","templated":true}]}}