{"id":190,"date":"2012-05-03T10:02:17","date_gmt":"2012-05-03T10:02:17","guid":{"rendered":"http:\/\/johner-estate.com\/de\/?page_id=190"},"modified":"2015-02-09T08:53:29","modified_gmt":"2015-02-09T08:53:29","slug":"2010-2","status":"publish","type":"page","link":"https:\/\/johner-estate.com\/de\/weingut\/jahrgange\/2010-2\/","title":{"rendered":"2010"},"content":{"rendered":"<p><strong>Das Vegetationsjahr:<\/strong><br \/>\nDas Jahr 2009 \/ 2010 war sehr nass und kalt. Eine sp\u00e4te Bl\u00fcte und k\u00fchle Temperaturen brachten uns einen geringen Fruchtansatz und niedrige Ertr\u00e4ge.<\/p>\n<p><strong>Die Ernte:<\/strong><br \/>\nDie Ernte begann ca. 3 Wochen sp\u00e4ter mit Pinot Noir. Wir ernteten gesunde reife Trauben mit wundersch\u00f6ner Burgunderaromatik. Sauvignon Blanc ernteten wir bei normaler Reife mit sch\u00f6nen Stachelbeer- und Grapefruitaromen. Ungl\u00fccklicherweise konnten wir vom Riesling nur eine sehr kleine Menge ernten.<\/p>\n","protected":false},"excerpt":{"rendered":"<p>Das Vegetationsjahr: Das Jahr 2009 \/ 2010 war sehr nass und kalt. Eine sp\u00e4te Bl\u00fcte und k\u00fchle Temperaturen brachten uns einen geringen Fruchtansatz und niedrige Ertr\u00e4ge. Die Ernte: Die Ernte begann ca. 3 Wochen sp\u00e4ter mit Pinot Noir. Wir ernteten gesunde reife Trauben mit wundersch\u00f6ner Burgunderaromatik. Sauvignon Blanc ernteten wir bei normaler Reife mit sch\u00f6nen [&hellip;]<\/p>\n","protected":false},"author":2,"featured_media":0,"parent":182,"menu_order":50,"comment_status":"open","ping_status":"closed","template":"","meta":[],"_links":{"self":[{"href":"https:\/\/johner-estate.com\/de\/wp-json\/wp\/v2\/pages\/190"}],"collection":[{"href":"https:\/\/johner-estate.com\/de\/wp-json\/wp\/v2\/pages"}],"about":[{"href":"https:\/\/johner-estate.com\/de\/wp-json\/wp\/v2\/types\/page"}],"author":[{"embeddable":true,"href":"https:\/\/johner-estate.com\/de\/wp-json\/wp\/v2\/users\/2"}],"replies":[{"embeddable":true,"href":"https:\/\/johner-estate.com\/de\/wp-json\/wp\/v2\/comments?post=190"}],"version-history":[{"count":5,"href":"https:\/\/johner-estate.com\/de\/wp-json\/wp\/v2\/pages\/190\/revisions"}],"predecessor-version":[{"id":739,"href":"https:\/\/johner-estate.com\/de\/wp-json\/wp\/v2\/pages\/190\/revisions\/739"}],"up":[{"embeddable":true,"href":"https:\/\/johner-estate.com\/de\/wp-json\/wp\/v2\/pages\/182"}],"wp:attachment":[{"href":"https:\/\/johner-estate.com\/de\/wp-json\/wp\/v2\/media?parent=190"}],"curies":[{"name":"wp","href":"https:\/\/api.w.org\/{rel}","templated":true}]}}