{"id":186,"date":"2012-05-03T10:00:24","date_gmt":"2012-05-03T10:00:24","guid":{"rendered":"http:\/\/johner-estate.com\/de\/?page_id=186"},"modified":"2012-09-06T09:11:44","modified_gmt":"2012-09-06T09:11:44","slug":"2011-2","status":"publish","type":"page","link":"https:\/\/johner-estate.com\/de\/weingut\/jahrgange\/2011-2\/","title":{"rendered":"2011"},"content":{"rendered":"<p><strong>Das Vegetationsjahr:<\/strong><br \/>\n2011 war in Wairarapa das erste frostfreie Fr\u00fchjahr nach 30 Jahren. Angenehme Temperaturen sorgten f\u00fcr eine sch\u00f6ne Bl\u00fcte und gutes Wachstum. Es folgte ein sehr warmer, windiger und trockener Sommer ohne Regen. <\/p>\n<p><strong>Die Ernte:<\/strong><br \/>\nDie Lese hat verglichen mit Durchschnittsjahren eine Woche fr\u00fcher begonnen. Unsere Pinot Noir genossen den g\u00fcnstigen Vegetationsverlauf und konnten mit perfekter Reife geerntet werden. Letztendlich erreichte uns der Regen im Sp\u00e4therbst. Riesling und andere sp\u00e4t reifende Sorten bekamen etwas Regen ab, konnten jedoch mit sehr guter Qualit\u00e4t geerntet werden.<\/p>\n","protected":false},"excerpt":{"rendered":"<p>Das Vegetationsjahr: 2011 war in Wairarapa das erste frostfreie Fr\u00fchjahr nach 30 Jahren. Angenehme Temperaturen sorgten f\u00fcr eine sch\u00f6ne Bl\u00fcte und gutes Wachstum. Es folgte ein sehr warmer, windiger und trockener Sommer ohne Regen. Die Ernte: Die Lese hat verglichen mit Durchschnittsjahren eine Woche fr\u00fcher begonnen. Unsere Pinot Noir genossen den g\u00fcnstigen Vegetationsverlauf und konnten [&hellip;]<\/p>\n","protected":false},"author":2,"featured_media":0,"parent":182,"menu_order":51,"comment_status":"open","ping_status":"open","template":"","meta":[],"_links":{"self":[{"href":"https:\/\/johner-estate.com\/de\/wp-json\/wp\/v2\/pages\/186"}],"collection":[{"href":"https:\/\/johner-estate.com\/de\/wp-json\/wp\/v2\/pages"}],"about":[{"href":"https:\/\/johner-estate.com\/de\/wp-json\/wp\/v2\/types\/page"}],"author":[{"embeddable":true,"href":"https:\/\/johner-estate.com\/de\/wp-json\/wp\/v2\/users\/2"}],"replies":[{"embeddable":true,"href":"https:\/\/johner-estate.com\/de\/wp-json\/wp\/v2\/comments?post=186"}],"version-history":[{"count":4,"href":"https:\/\/johner-estate.com\/de\/wp-json\/wp\/v2\/pages\/186\/revisions"}],"predecessor-version":[{"id":405,"href":"https:\/\/johner-estate.com\/de\/wp-json\/wp\/v2\/pages\/186\/revisions\/405"}],"up":[{"embeddable":true,"href":"https:\/\/johner-estate.com\/de\/wp-json\/wp\/v2\/pages\/182"}],"wp:attachment":[{"href":"https:\/\/johner-estate.com\/de\/wp-json\/wp\/v2\/media?parent=186"}],"curies":[{"name":"wp","href":"https:\/\/api.w.org\/{rel}","templated":true}]}}