{"id":180,"date":"2012-05-03T09:52:04","date_gmt":"2012-05-03T09:52:04","guid":{"rendered":"http:\/\/johner-estate.com\/de\/?page_id=180"},"modified":"2020-04-16T12:57:20","modified_gmt":"2020-04-16T12:57:20","slug":"menschen-bei-johner-estate","status":"publish","type":"page","link":"https:\/\/johner-estate.com\/de\/weingut\/menschen-bei-johner-estate\/","title":{"rendered":"Team von Johner Estate"},"content":{"rendered":"<p><a href=\"http:\/\/www.johner-estate.com\/wp-content\/uploads\/2011\/02\/karl.jpg\"><img loading=\"lazy\" class=\"size-medium wp-image-103 alignleft\" title=\"karl\" src=\"http:\/\/www.johner-estate.com\/wp-content\/uploads\/2011\/02\/karl-300x205.jpg\" alt=\"\" width=\"300\" height=\"205\" \/><\/a><br \/>\n<strong>Karl Heinz Johner<\/strong><br \/>\nMit \u00fcber 30 Jahren Erfahrung im Weinbau, einem der bekanntesten Deutschen Weing\u00fcter, die enorme Leidenschaft ein Weingut aufzubauen und Pinot Weine von h\u00f6chster Qualit\u00e4t zu vinifizieren, brachte Ihn schliesslich nach Neuseeland.<\/p>\n<p><img loading=\"lazy\" class=\"alignnone\" src=\"https:\/\/www.johner-estate.com\/wp-content\/uploads\/2017\/08\/cropped-Raphael.jpg\" width=\"2000\" height=\"1199\" \/><\/p>\n<p style=\"text-align: right;\"><strong>Raphael Burki<\/strong><br \/>\nGeneral Manager<\/p>\n<p style=\"text-align: left;\"><a href=\"http:\/\/www.johner-estate.com\/wp-content\/uploads\/2011\/02\/steven.jpg\"><img loading=\"lazy\" class=\"size-medium wp-image-107 alignleft\" title=\"steven\" src=\"http:\/\/www.johner-estate.com\/wp-content\/uploads\/2011\/02\/steven-210x300.jpg\" alt=\"\" width=\"191\" height=\"284\" \/><\/a><strong>Steven Bates<\/strong><br \/>\nManager vor Ort.<\/p>\n<p style=\"text-align: right;\"><a href=\"http:\/\/johner-estate.com\/de\/wp-content\/uploads\/2012\/05\/mitarbeiter-nz1.jpg\"><img loading=\"lazy\" class=\"alignnone size-medium wp-image-453\" title=\"OLYMPUS DIGITAL CAMERA\" src=\"http:\/\/johner-estate.com\/de\/wp-content\/uploads\/2012\/05\/mitarbeiter-nz1-300x225.jpg\" alt=\"\" width=\"296\" height=\"225\" \/><\/a><\/p>\n<p style=\"text-align: right;\"><strong>Dale Morris<\/strong><br \/>\nVineyard, carpentary and maintenance<\/p>\n<p style=\"text-align: left;\"><strong>Karen Faerweather<\/strong> Kontroller &amp; Verkauf<\/p>\n<p style=\"text-align: right;\">\n","protected":false},"excerpt":{"rendered":"<p>Karl Heinz Johner Mit \u00fcber 30 Jahren Erfahrung im Weinbau, einem der bekanntesten Deutschen Weing\u00fcter, die enorme Leidenschaft ein Weingut aufzubauen und Pinot Weine von h\u00f6chster Qualit\u00e4t zu vinifizieren, brachte Ihn schliesslich nach Neuseeland. Raphael Burki General Manager Steven Bates Manager vor Ort. Dale Morris Vineyard, carpentary and maintenance Karen Faerweather Kontroller &amp; Verkauf<\/p>\n","protected":false},"author":2,"featured_media":0,"parent":2,"menu_order":0,"comment_status":"open","ping_status":"open","template":"","meta":[],"_links":{"self":[{"href":"https:\/\/johner-estate.com\/de\/wp-json\/wp\/v2\/pages\/180"}],"collection":[{"href":"https:\/\/johner-estate.com\/de\/wp-json\/wp\/v2\/pages"}],"about":[{"href":"https:\/\/johner-estate.com\/de\/wp-json\/wp\/v2\/types\/page"}],"author":[{"embeddable":true,"href":"https:\/\/johner-estate.com\/de\/wp-json\/wp\/v2\/users\/2"}],"replies":[{"embeddable":true,"href":"https:\/\/johner-estate.com\/de\/wp-json\/wp\/v2\/comments?post=180"}],"version-history":[{"count":38,"href":"https:\/\/johner-estate.com\/de\/wp-json\/wp\/v2\/pages\/180\/revisions"}],"predecessor-version":[{"id":1125,"href":"https:\/\/johner-estate.com\/de\/wp-json\/wp\/v2\/pages\/180\/revisions\/1125"}],"up":[{"embeddable":true,"href":"https:\/\/johner-estate.com\/de\/wp-json\/wp\/v2\/pages\/2"}],"wp:attachment":[{"href":"https:\/\/johner-estate.com\/de\/wp-json\/wp\/v2\/media?parent=180"}],"curies":[{"name":"wp","href":"https:\/\/api.w.org\/{rel}","templated":true}]}}