{"id":155,"date":"2012-05-03T08:24:44","date_gmt":"2012-05-03T08:24:44","guid":{"rendered":"http:\/\/johner-estate.com\/de\/?page_id=155"},"modified":"2012-05-03T08:39:57","modified_gmt":"2012-05-03T08:39:57","slug":"neuseeland","status":"publish","type":"page","link":"https:\/\/johner-estate.com\/de\/weinverkauf\/neuseeland\/","title":{"rendered":"Neuseeland"},"content":{"rendered":"<p>Unser Weingut in Neuseeland befindet sich bei Masterton im Weinanbaugebiet Wairarapa.<\/p>\n<p><strong>Die \u00d6ffnungszeiten sind von Montag bis Freitag von 10.00 Uhr bis 16.30 Uhr.<\/strong><\/p>\n<p>Der Weg zum Weingut<br \/>\nVon S\u00fcden kommt man durch Featherston, Carterton und Greytown. ca. 3km vor Masterton biegt man rechts in die East Taratahi Road ein.<br \/>\nVon Norden durchf\u00e4hrt man einfach Masterton und biegt dann nach ca. 3km links in die East Taratahi Road ein. &#8230;<\/p>\n<p>Johner Ltd.<br \/>\n40a Dakins Road<br \/>\nEast Taratahi RD7<br \/>\nMASTERTON<br \/>\nNEW ZEALAND<\/p>\n<p>Tel. 04 498 2109<br \/>\nKarl Johner Mobile 027 292 8979<br \/>\nSteven Bates Mobile 027 230 3008<br \/>\ne-mail: mail@johner-estate.com<\/p>\n<p>Nat\u00fcrlich sind unsere Weine nicht nur ab Weingut erh\u00e4ltlich&#8230;.Wir verf\u00fcgen \u00fcber eine kleines Netzwerk von ausgesuchten <a href=\"http:\/\/johner-estate.com\/de\/weinverkauf\/neuseeland\/handler-nz\/\" title=\"Neuseeland H\u00e4ndler\" target=\"_blank\">Weinh\u00e4ndlern<\/a> und <a href=\"http:\/\/johner-estate.com\/de\/weinverkauf\/neuseeland\/restaurants-nz\/\" title=\"Restaurants NZ\" target=\"_blank\">Restaurants<\/a> in Neuseeland.<\/p>\n","protected":false},"excerpt":{"rendered":"<p>Unser Weingut in Neuseeland befindet sich bei Masterton im Weinanbaugebiet Wairarapa. Die \u00d6ffnungszeiten sind von Montag bis Freitag von 10.00 Uhr bis 16.30 Uhr. Der Weg zum Weingut Von S\u00fcden kommt man durch Featherston, Carterton und Greytown. ca. 3km vor Masterton biegt man rechts in die East Taratahi Road ein. Von Norden durchf\u00e4hrt man einfach [&hellip;]<\/p>\n","protected":false},"author":2,"featured_media":0,"parent":125,"menu_order":1,"comment_status":"open","ping_status":"open","template":"","meta":[],"_links":{"self":[{"href":"https:\/\/johner-estate.com\/de\/wp-json\/wp\/v2\/pages\/155"}],"collection":[{"href":"https:\/\/johner-estate.com\/de\/wp-json\/wp\/v2\/pages"}],"about":[{"href":"https:\/\/johner-estate.com\/de\/wp-json\/wp\/v2\/types\/page"}],"author":[{"embeddable":true,"href":"https:\/\/johner-estate.com\/de\/wp-json\/wp\/v2\/users\/2"}],"replies":[{"embeddable":true,"href":"https:\/\/johner-estate.com\/de\/wp-json\/wp\/v2\/comments?post=155"}],"version-history":[{"count":5,"href":"https:\/\/johner-estate.com\/de\/wp-json\/wp\/v2\/pages\/155\/revisions"}],"predecessor-version":[{"id":165,"href":"https:\/\/johner-estate.com\/de\/wp-json\/wp\/v2\/pages\/155\/revisions\/165"}],"up":[{"embeddable":true,"href":"https:\/\/johner-estate.com\/de\/wp-json\/wp\/v2\/pages\/125"}],"wp:attachment":[{"href":"https:\/\/johner-estate.com\/de\/wp-json\/wp\/v2\/media?parent=155"}],"curies":[{"name":"wp","href":"https:\/\/api.w.org\/{rel}","templated":true}]}}