{"id":153,"date":"2012-05-03T08:18:14","date_gmt":"2012-05-03T08:18:14","guid":{"rendered":"http:\/\/johner-estate.com\/de\/?page_id=153"},"modified":"2012-11-29T10:20:47","modified_gmt":"2012-11-29T10:20:47","slug":"deutschland","status":"publish","type":"page","link":"https:\/\/johner-estate.com\/de\/weinverkauf\/deutschland\/","title":{"rendered":"Deutschland"},"content":{"rendered":"<p>Der Hauptimport nach Europa wird \u00fcber unsere deutsche Firma Johner GmbH, der Dachfirma von unseren beiden Familienweing\u00fctern in Neuseeland und Deutschland, koordiniert. Bei uns im Weingut finden Sie die gr\u00f6\u00dfte Auswahl von unseren neuseel\u00e4ndischen und deutschen Weinen. Wir freuen uns auf Ihren Besuch! Hier k\u00f6nnen Sie viele Weine von uns verkosten und anschlie\u00dfend bequem einkaufen.<\/p>\n<p><strong>Die \u00d6ffnungszeiten sind von Montag bis Samstag 14 bis 17 Uhr. An Sonn- und Feiertagen haben wir geschlossen.<\/strong><\/p>\n<p>Johner GmbH<br \/>\nGartenstra\u00dfe 20<br \/>\nD-79235 Vogtsburg &#8211; Bischoffingen<br \/>\nTel: +49 (0) 7662 6041<br \/>\nFax: +49 (0) 7662 8380<br \/>\nEmail: info@johner.de<br \/>\nwww.johner.de<\/p>\n<p>F\u00fcr unsere Kunden in Deustchland haben wir ein<br \/>\n<strong><a href=\"http:\/\/www.johner.de\/weine\/\" target=\"_blank\">Online &#8211; Bestellformular (hier klicken)<\/a><\/strong><\/p>\n","protected":false},"excerpt":{"rendered":"<p>Der Hauptimport nach Europa wird \u00fcber unsere deutsche Firma Johner GmbH, der Dachfirma von unseren beiden Familienweing\u00fctern in Neuseeland und Deutschland, koordiniert. Bei uns im Weingut finden Sie die gr\u00f6\u00dfte Auswahl von unseren neuseel\u00e4ndischen und deutschen Weinen. Wir freuen uns auf Ihren Besuch! Hier k\u00f6nnen Sie viele Weine von uns verkosten und anschlie\u00dfend bequem einkaufen. [&hellip;]<\/p>\n","protected":false},"author":2,"featured_media":0,"parent":125,"menu_order":0,"comment_status":"open","ping_status":"open","template":"","meta":[],"_links":{"self":[{"href":"https:\/\/johner-estate.com\/de\/wp-json\/wp\/v2\/pages\/153"}],"collection":[{"href":"https:\/\/johner-estate.com\/de\/wp-json\/wp\/v2\/pages"}],"about":[{"href":"https:\/\/johner-estate.com\/de\/wp-json\/wp\/v2\/types\/page"}],"author":[{"embeddable":true,"href":"https:\/\/johner-estate.com\/de\/wp-json\/wp\/v2\/users\/2"}],"replies":[{"embeddable":true,"href":"https:\/\/johner-estate.com\/de\/wp-json\/wp\/v2\/comments?post=153"}],"version-history":[{"count":6,"href":"https:\/\/johner-estate.com\/de\/wp-json\/wp\/v2\/pages\/153\/revisions"}],"predecessor-version":[{"id":468,"href":"https:\/\/johner-estate.com\/de\/wp-json\/wp\/v2\/pages\/153\/revisions\/468"}],"up":[{"embeddable":true,"href":"https:\/\/johner-estate.com\/de\/wp-json\/wp\/v2\/pages\/125"}],"wp:attachment":[{"href":"https:\/\/johner-estate.com\/de\/wp-json\/wp\/v2\/media?parent=153"}],"curies":[{"name":"wp","href":"https:\/\/api.w.org\/{rel}","templated":true}]}}