{"id":146,"date":"2012-05-03T07:56:35","date_gmt":"2012-05-03T07:56:35","guid":{"rendered":"http:\/\/johner-estate.com\/de\/?page_id=146"},"modified":"2012-05-03T08:26:11","modified_gmt":"2012-05-03T08:26:11","slug":"handler-nz","status":"publish","type":"page","link":"https:\/\/johner-estate.com\/de\/weinverkauf\/neuseeland\/handler-nz\/","title":{"rendered":"H\u00e4ndler (NZ)"},"content":{"rendered":"<p>Hier finden Sie die Liste der H\u00e4ndler, die unsere Weine in Neuseeland verkaufen. Sortiert von Nord nach S\u00fcd.<\/p>\n<p>The Fine Wine Delivery Company<br \/>\n50 Cook Street<br \/>\n<strong>Auckland<\/strong><br \/>\nphone: +6493772300<br \/>\nfax: +6493772301<br \/>\n<a href=\"http:\/\/www.finewineonline.co.nz\" title=\"Fine Wine Delivery\" target=\"_blank\">www.finewineonline.co.nz<\/a><\/p>\n<p>Scenic Cellar&#8217;s<br \/>\n32 Roberts Street<br \/>\n<strong>Taupo<\/strong><br \/>\nphone: +64 7 378 5704<br \/>\nfax: +64 7 378 5771<br \/>\n<a href=\"http:\/\/www.sceniccellars.co.nz\" title=\"Scenic Cellar's\" target=\"_blank\">www.sceniccellars.co.nz<\/a><\/p>\n<p>Liquor Plus<br \/>\ncnr Chapel &#038; Russell Sts<br \/>\n<strong>Masterton<\/strong><br \/>\nphone: 0-6-377 3092<\/p>\n<p>Fenwick + Davy<br \/>\n101 Main Street<br \/>\n<strong>Greytown<\/strong><br \/>\nphone: 06304866<br \/>\nfax: 063048668<\/p>\n<p>Martinborough Wine Center<br \/>\n<strong>Martinborough<\/strong><br \/>\nphone: 06 306 9040<br \/>\nfax: 06 306 9070<br \/>\n<a href=\"http:\/\/www.martinboroughwinecentre.co.nz\" title=\"Martinborough Winecentre\" target=\"_blank\">www.martinboroughwinecentre.co.nz<\/a><\/p>\n<p>Centre City Wines &#038; Spirits<br \/>\n2-4 Waring Taylor St<br \/>\n<strong>Wellington<\/strong><br \/>\nddi 04-473-0927<br \/>\nphone: 04-473-7095<br \/>\nfax: 04-473-7096<br \/>\n<a href=\"http:\/\/www.centrecity.co.nz\" title=\"Centre City\" target=\"_blank\">www.centrecity.co.nz<\/a><\/p>\n<p>Moore Wilson&#8217;s<br \/>\nTory Street<br \/>\nP. O. Box 6041<br \/>\n<strong>Wellington<\/strong><br \/>\nphone: 043849906<br \/>\nfax: 043829263<\/p>\n<p>Wine Seeker<br \/>\n86-96 Victoria Street<br \/>\n<strong>Wellington<\/strong><br \/>\nphone\/fax: 044730228 <\/p>\n","protected":false},"excerpt":{"rendered":"<p>Hier finden Sie die Liste der H\u00e4ndler, die unsere Weine in Neuseeland verkaufen. Sortiert von Nord nach S\u00fcd. The Fine Wine Delivery Company 50 Cook Street Auckland phone: +6493772300 fax: +6493772301 www.finewineonline.co.nz Scenic Cellar&#8217;s 32 Roberts Street Taupo phone: +64 7 378 5704 fax: +64 7 378 5771 www.sceniccellars.co.nz Liquor Plus cnr Chapel &#038; Russell [&hellip;]<\/p>\n","protected":false},"author":2,"featured_media":0,"parent":155,"menu_order":0,"comment_status":"open","ping_status":"open","template":"","meta":[],"_links":{"self":[{"href":"https:\/\/johner-estate.com\/de\/wp-json\/wp\/v2\/pages\/146"}],"collection":[{"href":"https:\/\/johner-estate.com\/de\/wp-json\/wp\/v2\/pages"}],"about":[{"href":"https:\/\/johner-estate.com\/de\/wp-json\/wp\/v2\/types\/page"}],"author":[{"embeddable":true,"href":"https:\/\/johner-estate.com\/de\/wp-json\/wp\/v2\/users\/2"}],"replies":[{"embeddable":true,"href":"https:\/\/johner-estate.com\/de\/wp-json\/wp\/v2\/comments?post=146"}],"version-history":[{"count":4,"href":"https:\/\/johner-estate.com\/de\/wp-json\/wp\/v2\/pages\/146\/revisions"}],"predecessor-version":[{"id":158,"href":"https:\/\/johner-estate.com\/de\/wp-json\/wp\/v2\/pages\/146\/revisions\/158"}],"up":[{"embeddable":true,"href":"https:\/\/johner-estate.com\/de\/wp-json\/wp\/v2\/pages\/155"}],"wp:attachment":[{"href":"https:\/\/johner-estate.com\/de\/wp-json\/wp\/v2\/media?parent=146"}],"curies":[{"name":"wp","href":"https:\/\/api.w.org\/{rel}","templated":true}]}}