{"id":13,"date":"2011-12-06T09:53:09","date_gmt":"2011-12-06T09:53:09","guid":{"rendered":"http:\/\/johner-estate.com\/de\/?page_id=13"},"modified":"2012-06-14T07:30:49","modified_gmt":"2012-06-14T07:30:49","slug":"sauvignon-blanc-ouverture","status":"publish","type":"page","link":"https:\/\/johner-estate.com\/de\/weine\/sauvignon-blanc-ouverture\/","title":{"rendered":"Sauvignon Blanc Ouvert\u00fcre"},"content":{"rendered":"<p>Aktueller Jahrgang im Verkauf: 2012 wird es leider keine Ouvert\u00fcre geben, da die Erntemenge zu gering war.<br \/>\n\u00c4ltere Jahrg\u00e4nge: <a href=\"http:\/\/johner-estate.com\/de\/weine\/sauvignon-blanc-ouverture\/2011-sauvignon-blanc-ouverture\/\" title=\"2011 Sauvignon Blanc Ouvertuere\">2011<\/a>, <a href=\"http:\/\/johner-estate.com\/de\/weine\/sauvignon-blanc-ouverture\/2010-sauvignon-blanc-ouverture\/\" title=\"2010 Sauvignon Blanc Ouvertuere\">2010<\/a><\/p>\n","protected":false},"excerpt":{"rendered":"<p>Aktueller Jahrgang im Verkauf: 2012 wird es leider keine Ouvert\u00fcre geben, da die Erntemenge zu gering war. \u00c4ltere Jahrg\u00e4nge: 2011, 2010<\/p>\n","protected":false},"author":1,"featured_media":0,"parent":8,"menu_order":0,"comment_status":"open","ping_status":"open","template":"","meta":[],"_links":{"self":[{"href":"https:\/\/johner-estate.com\/de\/wp-json\/wp\/v2\/pages\/13"}],"collection":[{"href":"https:\/\/johner-estate.com\/de\/wp-json\/wp\/v2\/pages"}],"about":[{"href":"https:\/\/johner-estate.com\/de\/wp-json\/wp\/v2\/types\/page"}],"author":[{"embeddable":true,"href":"https:\/\/johner-estate.com\/de\/wp-json\/wp\/v2\/users\/1"}],"replies":[{"embeddable":true,"href":"https:\/\/johner-estate.com\/de\/wp-json\/wp\/v2\/comments?post=13"}],"version-history":[{"count":5,"href":"https:\/\/johner-estate.com\/de\/wp-json\/wp\/v2\/pages\/13\/revisions"}],"predecessor-version":[{"id":338,"href":"https:\/\/johner-estate.com\/de\/wp-json\/wp\/v2\/pages\/13\/revisions\/338"}],"up":[{"embeddable":true,"href":"https:\/\/johner-estate.com\/de\/wp-json\/wp\/v2\/pages\/8"}],"wp:attachment":[{"href":"https:\/\/johner-estate.com\/de\/wp-json\/wp\/v2\/media?parent=13"}],"curies":[{"name":"wp","href":"https:\/\/api.w.org\/{rel}","templated":true}]}}