{"id":125,"date":"2012-05-03T07:25:03","date_gmt":"2012-05-03T07:25:03","guid":{"rendered":"http:\/\/johner-estate.com\/de\/?page_id=125"},"modified":"2012-11-29T10:22:17","modified_gmt":"2012-11-29T10:22:17","slug":"weinverkauf","status":"publish","type":"page","link":"https:\/\/johner-estate.com\/de\/weinverkauf\/","title":{"rendered":"Weinverkauf"},"content":{"rendered":"<p>Einen gro\u00dfen Teil des Weines wird \u00fcber unsere Importfirma in Deutschland verkauft.<\/p>\n<p>F\u00fcr unsere Kunden in Deustchland haben wir dazu ein<br \/>\n<strong><a href=\"http:\/\/www.johner.de\/weine\/\" target=\"_blank\">Online &#8211; Bestellformular (hier klicken)<\/a><\/strong><\/p>\n","protected":false},"excerpt":{"rendered":"<p>Einen gro\u00dfen Teil des Weines wird \u00fcber unsere Importfirma in Deutschland verkauft. F\u00fcr unsere Kunden in Deustchland haben wir dazu ein Online &#8211; Bestellformular (hier klicken)<\/p>\n","protected":false},"author":2,"featured_media":0,"parent":0,"menu_order":0,"comment_status":"open","ping_status":"open","template":"","meta":[],"_links":{"self":[{"href":"https:\/\/johner-estate.com\/de\/wp-json\/wp\/v2\/pages\/125"}],"collection":[{"href":"https:\/\/johner-estate.com\/de\/wp-json\/wp\/v2\/pages"}],"about":[{"href":"https:\/\/johner-estate.com\/de\/wp-json\/wp\/v2\/types\/page"}],"author":[{"embeddable":true,"href":"https:\/\/johner-estate.com\/de\/wp-json\/wp\/v2\/users\/2"}],"replies":[{"embeddable":true,"href":"https:\/\/johner-estate.com\/de\/wp-json\/wp\/v2\/comments?post=125"}],"version-history":[{"count":4,"href":"https:\/\/johner-estate.com\/de\/wp-json\/wp\/v2\/pages\/125\/revisions"}],"predecessor-version":[{"id":470,"href":"https:\/\/johner-estate.com\/de\/wp-json\/wp\/v2\/pages\/125\/revisions\/470"}],"wp:attachment":[{"href":"https:\/\/johner-estate.com\/de\/wp-json\/wp\/v2\/media?parent=125"}],"curies":[{"name":"wp","href":"https:\/\/api.w.org\/{rel}","templated":true}]}}