{"id":1222,"date":"2023-07-14T07:52:37","date_gmt":"2023-07-14T07:52:37","guid":{"rendered":"https:\/\/johner-estate.com\/de\/?page_id=1222"},"modified":"2023-07-14T07:52:37","modified_gmt":"2023-07-14T07:52:37","slug":"2021-pinot-noir-wairarapa","status":"publish","type":"page","link":"https:\/\/johner-estate.com\/de\/weine\/pinot-noir-wairarapa\/2021-pinot-noir-wairarapa\/","title":{"rendered":"2021 Pinot Noir Wairarapa"},"content":{"rendered":"<div id=\"Stefan_2021er Pinot Noir Wairarapa\" style=\"margin-top:10px;padding-left:5px;display:inline-block;background-color:#FAEAE4;border-color:#F8E8E8;border-style: solid;border-radius: 5px;\"><img src=\"https:\/\/www.johner.de\/weine\/creme\/Stefan.jpg\" style=\"float: right;\"><\/p>\n<div class=\"Verkostertitle\">Professionelle Verkostungsnotiz von <a href=\"http:\/\/stefanmetzner.com\/\">Stefan<\/a><\/div>\n<p>verkostet als offene Verkostung im M\u00e4rz 2023 in M\u00fcnchen mit einem Gabriel Glas &#8211; Gold Edition<\/p>\n<p><b>Optik:<\/b> mittleres Rubinrot<br \/>\n<b>Aroma Profil:<\/b> mittel plus<br \/>\n<b>Prim\u00e4raromen:<\/b> reife rote Beeren, Preiselbeeren, Erdbeeren, rote und schwarze Kirschen<br \/>\n<b> Sekund\u00e4raromen:<\/b> Gew\u00fcrznelke, Muskat<br \/>\n<b>Terit\u00e4raromen:<\/b> Waldboden, Unterholz<\/p>\n<p><b>Gaumen:<\/b><br \/>\n<b>S\u00e4ure:<\/b> mittel, lebhaft<br \/>\n<b>K\u00f6rper:<\/b> mittel plus<br \/>\n<b>S\u00fcsse:<\/b> trocken<br \/>\n<b>Alkohol:<\/b> 14 % Vol .<br \/>\n<b>Holzeinfluss:<\/b>Aromen von Ausbau in gebrauchten F\u00e4ssern<\/p>\n<p><b>Tannin:<\/b> moderat hoch, elegant, seidig<br \/>\n<b>Balance:<\/b> sehr gut<br \/>\n<b>L\u00e4nge:<\/b> lange<br \/>\n<b>Intensit\u00e4t:<\/b> mittel plus<br \/>\n<b>Komplexit\u00e4t:<\/b> mittel plus<br \/>\n<b>Typizit\u00e4t:<\/b> Die roten Fruchtnoten, Waldbodennoten, die Affinit\u00e4t zum Ausbau<br \/>\nin Holz und das elegante, seidige Tannin sind typische<br \/>\nEigenschaften dieser noblen Rebsorte<br \/>\n<b>Potential:<\/b>6 Jahre<br \/>\n<b>Gesamteindruck:<\/b> Dieser trockene, sortentypische Rotwein zeigt Prim\u00e4r\u2013, Sekund\u00e4r\u2013 und Terti\u00e4raromen. Die Balance vom mittel plus K\u00f6rper und der lebhaften S\u00e4ure ist sehr gut.<br \/>\nDie Tannine sind seidig, elegant und moderat hoch, typisch f\u00fcr Weine aus Pinot Noir. Der Abgang ist lange und harmonisch.<br \/>\nDieser Wein zeigt jetzt eine sehr gute Balance in der Struktur und den Aromen und ist am Beginn der Trinkreife.<br \/>\nEr wird sich \u00fcber die n\u00e4chsten 1 bis 3 Jahren noch entwickeln und deutlichere Reifenoten entwickeln und kann danach noch weitere 2 bis 4 Jahre gelagert werden.<\/p>\n<\/div>\n<div id=\"Jenny_2021er Pinot Noir Wairarapa\" style=\"margin-top:10px;padding-left:5px;display:inline-block;background-color:#FEEBDD;border-color: #FFE3D9; border-style: solid;border-radius: 5px;\"><img src=\"https:\/\/weingut.johner.de\/wp-content\/uploads\/2020\/04\/Jenny-150x130.jpg\" style=\"float: right;\"><\/p>\n<div class=\"Verkostertitle\">Professionelle Verkostungsnotiz von <a href=\"https:\/\/www.weinistjenny.de\/\">Jenny<\/a>:<\/div>\n<p>verkostet am 08.04.2023<br \/>\n<b>Glaswahl:<\/b> Gabriel Glas Gold Edition<\/p>\n<p><b>Optik:<\/b> Klares, mittleres granatrot<\/p>\n<p><b>Geruch:<\/b> Sauber mit mittel (+) Intensit\u00e4t<br \/>\n<b>Aromenauspr\u00e4gung: <\/b> saftige Prim\u00e4raromen, leichte Ankl\u00e4nge von Holz und Terti\u00e4raromen:<br \/>\nSchwarzkirsche, Cranberry, Jod, Eisenoxid, fleischig, Rauch, Zartbitterschokolade, schwarzer Pfeffer, Moss, Waldboden<\/p>\n<p><b>Entwicklungsstadium:<\/b> 1. Reifenoten<\/p>\n<p><b>Geschmack:<\/b><br \/>\n<b>S\u00fcsse:<\/b> Trocken<br \/>\n<b>S\u00e4ure:<\/b>  mittlere S\u00e4ure<br \/>\n<b>Alkohol:<\/b> deutlicher mittel (+) Alkohol<br \/>\n<b> Tannin:<\/b> leicht adstringierendes mittleres (-) Tannin<br \/>\n<b>K\u00f6rper:<\/b> Mittlerer K\u00f6rper<br \/>\n<b>Intensit\u00e4t:<\/b> Mittlere Geschmacksintensit\u00e4t<br \/>\n<b>Geschmacksauspr\u00e4gung:<\/b> Schwarzer Pfeffer, Rote Kirsche, Tabak, Rauch, Gew\u00fcrznelke, fleischig, Anis<br \/>\nkeine Bitterkeit<\/p>\n<p><b>Abgang:<\/b> mittel<\/p>\n<p><b>Gesamteindruck:<\/b><br \/>\n<b>Gute Qualit\u00e4t: <\/b>  klassischer, wenn auch etwas vom Holz getragener Pinot Noir<br \/>\n<b>Potential:<\/b>Kann jetzt gut getrunken werden und hat aber noch 2-4 Jahre Reifungspotenzial<\/p>\n<p><b>Speiseempfehlung:<\/b> Rote Bete \u2013 Gnocchi mit Salbei und R\u00e4ucherspeck<br \/>\n<b>Empfohlene Trinktemperatur:<\/b> 15-17\u00b0C<\/p>\n<\/div>\n<div id=\"Patrick_2021er Pinot Noir Wairarapa\" style=\"margin-top:10px;padding-left:5px;display:inline-block;background-color:#F8EBE0;border-color: #FFE3D9; border-style: solid;border-radius: 5px;\"><img src=\"https:\/\/www.johner.de\/weine\/creme\/Patrick.jpg\" style=\"float: right;\"><\/p>\n<div class=\"Verkostertitle\">Verkostungsnotiz von Patrick:<\/div>\n<p><strong>VERKOSTUNGSNOTIZ<\/strong> (im September 2022)<\/p>\n<p><b>Duft:<\/b> Typischer, extrem w\u00fcrziger Duft auf Basis von Schwarzkirschen und dunklen Fr\u00fcchten.<\/p>\n<p><b>Gaumen:<\/b><br \/>\nAm Gaumen mittlere F\u00fclle mit elegantem, reifen Tannin. Moderate, sanfte S\u00e4ure.<\/p>\n<\/div>\n<p><strong>KELLERMEISTER\u2019S NOTIZEN<\/strong><br \/>\nDas Jahr 2021 war vom Klima ein normaler Jahrgang.<br \/>\nDie Trauben wurden Mitte M\u00e4rz gelesen. Nach einer zweiw\u00f6chigen Maischeg\u00e4rung reifte der Wein 12 Monate lang in gebrauchten Eichenholzf\u00e4ssern.<br \/>\nUngesch\u00f6nt und unfiltriert abgef\u00fcllt.<\/p>\n<p><strong>WEIN ANALYSE<\/strong><br \/>\nLagerf\u00e4higkeit: 5-10 Jahre<br \/>\nAlkohol: 14 % vol.<br \/>\nS\u00e4ure: 4,4 g\/l<br \/>\nRestzucker: 0,46 g\/l<br \/>\nExtrakt: 28,2 g\/l<\/p>\n","protected":false},"excerpt":{"rendered":"<p>Professionelle Verkostungsnotiz von Stefan verkostet als offene Verkostung im M\u00e4rz 2023 in M\u00fcnchen mit einem Gabriel Glas &#8211; Gold Edition Optik: mittleres Rubinrot Aroma Profil: mittel plus Prim\u00e4raromen: reife rote Beeren, Preiselbeeren, Erdbeeren, rote und schwarze Kirschen Sekund\u00e4raromen: Gew\u00fcrznelke, Muskat Terit\u00e4raromen: Waldboden, Unterholz Gaumen: S\u00e4ure: mittel, lebhaft K\u00f6rper: mittel plus S\u00fcsse: trocken Alkohol: 14 % [&hellip;]<\/p>\n","protected":false},"author":1,"featured_media":0,"parent":17,"menu_order":-21,"comment_status":"closed","ping_status":"closed","template":"","meta":[],"_links":{"self":[{"href":"https:\/\/johner-estate.com\/de\/wp-json\/wp\/v2\/pages\/1222"}],"collection":[{"href":"https:\/\/johner-estate.com\/de\/wp-json\/wp\/v2\/pages"}],"about":[{"href":"https:\/\/johner-estate.com\/de\/wp-json\/wp\/v2\/types\/page"}],"author":[{"embeddable":true,"href":"https:\/\/johner-estate.com\/de\/wp-json\/wp\/v2\/users\/1"}],"replies":[{"embeddable":true,"href":"https:\/\/johner-estate.com\/de\/wp-json\/wp\/v2\/comments?post=1222"}],"version-history":[{"count":1,"href":"https:\/\/johner-estate.com\/de\/wp-json\/wp\/v2\/pages\/1222\/revisions"}],"predecessor-version":[{"id":1223,"href":"https:\/\/johner-estate.com\/de\/wp-json\/wp\/v2\/pages\/1222\/revisions\/1223"}],"up":[{"embeddable":true,"href":"https:\/\/johner-estate.com\/de\/wp-json\/wp\/v2\/pages\/17"}],"wp:attachment":[{"href":"https:\/\/johner-estate.com\/de\/wp-json\/wp\/v2\/media?parent=1222"}],"curies":[{"name":"wp","href":"https:\/\/api.w.org\/{rel}","templated":true}]}}