{"id":1211,"date":"2021-12-02T14:51:54","date_gmt":"2021-12-02T14:51:54","guid":{"rendered":"https:\/\/johner-estate.com\/de\/?page_id=1211"},"modified":"2021-12-02T14:51:54","modified_gmt":"2021-12-02T14:51:54","slug":"2018-pinot-noir-lime-hill","status":"publish","type":"page","link":"https:\/\/johner-estate.com\/de\/weine\/lime-hill-vineyard-pinot-noir\/2018-pinot-noir-lime-hill\/","title":{"rendered":"2018 Pinot Noir Lime Hill"},"content":{"rendered":"<div class=\"closeleft\">\n<h2><\/h2>\n<\/div>\n<div><\/div>\n<div>\n<strong>VERKOSTUNGSNOTIZ<\/strong> von:<\/p>\n<p><a> <img class=\"alignright\" src=\"https:\/\/www.johner.de\/weine\/creme\/Stefan.jpg\" \/><\/a><\/p>\n<div id=\"Stefan_2018_pn_lh\">\n<div class=\"Verkostertitle\">Professionelle Verkostungsnotiz von <a href=\"http:\/\/stefanmetzner.com\/\">Stefan<\/a><\/div>\n<p>verkostet als offene Verkostung am 4.7.2021 in M\u00fcnchen mit einem Gabriel Glas &#8211; Gold Edition<\/p>\n<p><b>Optik:<\/b> blasses Rubinrot<br \/>\n<b>Aroma Profil:<\/b><br \/>\n<b>Intensit\u00e4t:<\/b> mittel +<br \/>\n<b>Prim\u00e4raromen:<\/b> rote Waldfr\u00fcchte, Erdbeeren, viel Himbeere, rote Johannisbeere, Cranberries, rote &#8211; und Sauerkirschen, Walderdbeeren<br \/>\n<b>Sekund\u00e4raromen:<\/b> Vanille, Toast, gr\u00f6stete Haselnuss, Brotkruste<br \/>\n<b>Terti\u00e4raromen:<\/b> Waldboden, Kaffeebohnen, Kakaobohnen<\/p>\n<p><b>Gaumen:<\/b><br \/>\n<b>S\u00e4ure:<\/b> mittel &#8211; feinnervig<br \/>\n<b>K\u00f6rper:<\/b> mittel +<br \/>\n<b>S\u00fcsse:<\/b> trocken<br \/>\n<b>Alkohol:<\/b> 14%<br \/>\n<b>Holzeinfluss:<\/b> deutliche Holzausbauaromenvon der Verwendung mehrheitlich neuer Barriques<br \/>\n<b>Tannin:<\/b> mittel +; sehr feink\u00f6rnig, elegant, seidig<br \/>\n<b>Balance:<\/b> exzellent<br \/>\n<b>L\u00e4nge:<\/b> sehr lange<br \/>\n<b>Intensit\u00e4t:<\/b> mittel +<br \/>\n<b>Komplexit\u00e4t:<\/b> sehr hoch<br \/>\n<b>Typizit\u00e4t:<\/b> sehr hoch<br \/>\n<b>Potential:<\/b> 15 Jahre<br \/>\n<b>Gesamteindruck:<\/b> Dieser trockene Rotwein ist sehr komplex und enorm sortentypisch in Aromatik und Struktur; durchweg harmonisch, elegant, hervorragend balanciert, schmeichelnd, lange und zeigt sehr hohes Reifungspotential. Es w\u00e4re nicht der gross(artig)e Pinot Noir der er ist, wenn er nicht zu alle dem eine sehr angenehme unaufgeregte Leichtigkeit in der eleganten Art h\u00e4tte. Dieser Wein geh\u00f6rt zweifelsohne zu den grossen Pinot Noirs der Welt, wird aber noch einige Zeit der Flaschenreife ben\u00f6tigen um seine Trinkreife zu erreichen.<\/div>\n<div id=\"Patrick_2018_pn_lh\">\n<div><\/div>\n<div>.<\/div>\n<div class=\"Verkostertitle\">Verkostungsnotiz von Patrick:<a><img class=\"alignright\" src=\"https:\/\/www.johner.de\/weine\/creme\/Patrick.jpg\" \/><\/a><\/div>\n<p>Verkostet im September 2019<\/p>\n<p><b>Duft:<\/b> Feiner Duft nach roten Fr\u00fcchten mit floralen Noten und frischen Kr\u00e4utern. Dazu w\u00fcrzige Holzaromen.<\/p>\n<p><b>Gaumen:<\/b> Am Gaumen sp\u00fcrt man den Kalkdruck eingebettet in feinen Tanninen und einer feinen S\u00e4urestruktur. Langer, nachklingender Abgang mit roten Fr\u00fcchten und Kr\u00e4utern.<\/p>\n<p><b>Dieser Wein wurde nicht gesch\u00f6nt und unflitriert abgef\u00fcllt. Dadurch kann ein nat\u00fcrliches Depot \/ Tr\u00fcbung auftreten. Dies stellt kein Qualit\u00e4tsmangel dar!<\/b><\/p>\n<\/div>\n<p><strong>KELLERMEISTER\u2019S NOTIZEN<\/strong><br \/>\n<b>Limehill Vineyard<\/b> ist ein Joint Venture mit unserem Schweizer Oenologen Raphael Burki.<\/p>\n<p>2013 gepflanzt auf einer Hanglage 200m \u00fcber dem Meeresspiegel. Der Boden besteht aus Lehm und Kalkstein. 1,3 ha wurden mit Pinot Noir und Chardonnay Reben bestockt.<\/p>\n<p>Die Pinot Noir Trauben wurden reif geerntet, der Ertrag lag bei 30hl\/ha. Der Weinberg wurde sorgf\u00e4ltig entbl\u00e4ttert und \u00fcbersch\u00fcssige Trauben durch die Gr\u00fcnlese entfernt. Geerntet wurde selektiv per Hand und im Weingut auf dem Vibrationstisch sortiert. Die Maischeg\u00e4rung dauerte 4 Wochen. Der Wein ruhte anschlie\u00dfend f\u00fcr 12 Monate in 100% neuen Barriques.<\/p>\n<p><strong>SPEISEEMPFEHLUNG<\/strong> Diese Wein passt zu Lachs, Lamm, Gefl\u00fcgel<br \/>\nDie optimale Trinktemperatur liegt bei 15 \u2013 18\u00b0 C<\/p>\n<p><strong>WEIN ANALYSE<\/strong><br \/>\nLagerf\u00e4higkeit: 5-10 Jahre<br \/>\nAlkohol: 14 %<br \/>\nS\u00e4ure: 4,4 g\/l<br \/>\nRestzucker: unter 0,42 g\/l<br \/>\nExtrakt: 28,4 g\/l<\/div>\n","protected":false},"excerpt":{"rendered":"<p>VERKOSTUNGSNOTIZ von: Professionelle Verkostungsnotiz von Stefan verkostet als offene Verkostung am 4.7.2021 in M\u00fcnchen mit einem Gabriel Glas &#8211; Gold Edition Optik: blasses Rubinrot Aroma Profil: Intensit\u00e4t: mittel + Prim\u00e4raromen: rote Waldfr\u00fcchte, Erdbeeren, viel Himbeere, rote Johannisbeere, Cranberries, rote &#8211; und Sauerkirschen, Walderdbeeren Sekund\u00e4raromen: Vanille, Toast, gr\u00f6stete Haselnuss, Brotkruste Terti\u00e4raromen: Waldboden, Kaffeebohnen, Kakaobohnen Gaumen: S\u00e4ure: [&hellip;]<\/p>\n","protected":false},"author":1,"featured_media":0,"parent":1099,"menu_order":-18,"comment_status":"closed","ping_status":"closed","template":"","meta":[],"_links":{"self":[{"href":"https:\/\/johner-estate.com\/de\/wp-json\/wp\/v2\/pages\/1211"}],"collection":[{"href":"https:\/\/johner-estate.com\/de\/wp-json\/wp\/v2\/pages"}],"about":[{"href":"https:\/\/johner-estate.com\/de\/wp-json\/wp\/v2\/types\/page"}],"author":[{"embeddable":true,"href":"https:\/\/johner-estate.com\/de\/wp-json\/wp\/v2\/users\/1"}],"replies":[{"embeddable":true,"href":"https:\/\/johner-estate.com\/de\/wp-json\/wp\/v2\/comments?post=1211"}],"version-history":[{"count":1,"href":"https:\/\/johner-estate.com\/de\/wp-json\/wp\/v2\/pages\/1211\/revisions"}],"predecessor-version":[{"id":1212,"href":"https:\/\/johner-estate.com\/de\/wp-json\/wp\/v2\/pages\/1211\/revisions\/1212"}],"up":[{"embeddable":true,"href":"https:\/\/johner-estate.com\/de\/wp-json\/wp\/v2\/pages\/1099"}],"wp:attachment":[{"href":"https:\/\/johner-estate.com\/de\/wp-json\/wp\/v2\/media?parent=1211"}],"curies":[{"name":"wp","href":"https:\/\/api.w.org\/{rel}","templated":true}]}}