{"id":1187,"date":"2021-05-20T15:54:23","date_gmt":"2021-05-20T15:54:23","guid":{"rendered":"https:\/\/johner-estate.com\/de\/?page_id=1187"},"modified":"2021-12-02T14:35:49","modified_gmt":"2021-12-02T14:35:49","slug":"2020-sauvignon-blanc-gladstone","status":"publish","type":"page","link":"https:\/\/johner-estate.com\/de\/weine\/sauvignon-blanc\/2020-sauvignon-blanc-gladstone\/","title":{"rendered":"2020 Sauvignon Blanc Gladstone"},"content":{"rendered":"<div>\u00a0<\/div>\n<div><a><img class=\"alignright\" src=\"https:\/\/www.johner.de\/weine\/creme\/Stefan.jpg\" \/><\/a>\u00a0\n<div id=\"Stefan_2020_svbl_gladstone\">\n<div class=\"Verkostertitle\">Professionelle Verkostungsnotiz von <a href=\"http:\/\/stefanmetzner.com\/\">Stefan<\/a><\/div>\n<p>verkostet als offene Verkostung am 04.07.2021 in M\u00fcnchen mit einem Gabriel Glas<\/p>\n<p><b>Optik:<\/b> blasses Zitronengelb<br \/><b>Aroma Profil:<\/b> <br \/><b>Intensit\u00e4t:<\/b> ausgepr\u00e4gt<br \/><b>Prim\u00e4raromen:<\/b> gr\u00fcner Spargel, Buxbaum, Grass, Stachelbeere, Zitrusfrucht, Zitrone, Limetten, gr\u00fcner Apfel<br \/><b>Sekund\u00e4raromen:<\/b> <br \/><b>Terti\u00e4raromen:<\/b><\/p>\n<p><b>Gaumen:<\/b><br \/><b>S\u00e4ure:<\/b> hoch, knackig<br \/><b>K\u00f6rper:<\/b> mittel <br \/><b>S\u00fcsse:<\/b> trocken<br \/><b>Alkohol:<\/b> 13 % <br \/><b>Holzeinfluss:<\/b> klare Frucht\u2013 und Reifearomatik ohne Holzeinfluss<br \/><b>Tannin:<\/b> &#8211;<br \/><b>Balance:<\/b> gut<br \/><b>L\u00e4nge:<\/b> mittel<br \/><b>Intensit\u00e4t:<\/b> ausgepr\u00e4gt<br \/><b>Komplexit\u00e4t:<\/b> mittel &#8211;<br \/><b>Typizit\u00e4t:<\/b> hoch<br \/><b>Potential:<\/b> <br \/><b>Gesamteindruck:<\/b> Dieser trockene Weisswein zeigt ausgepr\u00e4gte sortentypische Aromen, hat eine deutliche, hohe, knackige S\u00e4ure und mittleren K\u00f6rper. Er hat eine mittlere L\u00e4nge und reflektiert eine cool climate Typizit\u00e4t der Rebsorte.<\/p>\n<\/div>\n<div id=\"Patrick_2020_svbl_gladstone\">\n<div class=\"Verkostertitle\">Verkostungsnotiz von Patrick:<\/div>\n<p>(im Mai 2021)<\/p>\n<p><b>Duft:<\/b> Sch\u00f6ner Duft nach Rhabarber, reifer Stachelbeere, Zitrus und Pfirsich. <br \/>Frisch ge\u00f6ffnet etwas Holunder und mit etwas Luft ganz dezent Mango und \u00fcberreife Walderdbeeren.<\/p>\n<p><b>Gaumen:<\/b> Am Gaumen passende lebendige S\u00e4ure und lang anhaltende Aromatik. Durch die lange Lagerung auf der Hefe hat er einen cremigen Schmelz.<\/p>\n<\/div>\n<\/div>\n<div>\u00a0<\/div>\n<div>.<\/div>\n<p><strong><a><img class=\"alignright\" src=\"https:\/\/www.johner.de\/weine\/creme\/Patrick.jpg\" \/><\/a>VERKOSTUNGSNOTIZ<\/strong> von Patrick<\/p>\n<p>Sch\u00f6ner Duft nach Rhabarber, reifer Stachelbeere, Zitrus und Pfirsich.<\/p>\n<p>Frisch ge\u00f6ffnet etwas Holunder und mit etwas Luft ganz dezent Mango und \u00fcberreife Walderdbeeren.<\/p>\n<p>Am Gaumen passende lebendige S\u00e4ure und lang anhaltende Aromatik. Durch die lange Lagerung auf der Hefe hat er einen cremigen Schmelz.<\/p>\n\n\n<p><strong>KELLERMEISTER\u2019S NOTIZEN<\/strong><\/p>\n\n\n\n<p>Der Jahrgang 2020 war endlich wieder ein Jahrgang mit normalen Ertr\u00e4gen. Der Sommer war sch\u00f6n trocken und die Trauben konnten gut und gesund heranreifen. <\/p>\n\n\n\n<p>Die Ernte erfolgte dann im Neuseel\u00e4ndischem Megalockdown. Zum Gl\u00fcck durften wir unsere Trauben abernten, denn der Weinbau galt als essential Business und war nicht vom Arbeitsverbot betroffen. Da wir jedoch \u00fcberwiegend Deutsche Work &amp; Travel Erntehelfer hatten stellte sich uns ein anderes Problem&#8230; Diese wollten \u00fcber die Deutsche Botschaft nach Deutschland zur\u00fcckgeholt werden. Wir konnten also nicht mehr bis zur gew\u00fcnschten tropischen Reife warten und mussten die Trauben eher etwas vorzeitig schnell abernten.<\/p>\n\n\n\n<p><\/p>\n\n\n\n<p><\/p>\n\n\n\n<p>Es wird 2020 trotzdem keinen 2020er Sauvignon Blanc Wairarapa (Deutsche Version) geben\u2026<\/p>\n\n\n\n<p><strong>WEIN ANALYSE<\/strong><br>Lagerf\u00e4higkeit: 5-10 Jahre<br>Alkohol: 13 %<br>S\u00e4ure: 6,8 g\/l<br>Restzucker: 3,19 g\/l<br>Extrakt: 22,4 g\/l<\/p>\n\n\n\n<p>SPEISEEMPFEHLUNG<br>Als Aperitif, zu Meeresfr\u00fcchten, asiatischen Gerichten.<br>Die optimale Trinktemperatur liegt bei 8-14\u00b0C<\/p>\n","protected":false},"excerpt":{"rendered":"<p>\u00a0 \u00a0 Professionelle Verkostungsnotiz von Stefan verkostet als offene Verkostung am 04.07.2021 in M\u00fcnchen mit einem Gabriel Glas Optik: blasses ZitronengelbAroma Profil: Intensit\u00e4t: ausgepr\u00e4gtPrim\u00e4raromen: gr\u00fcner Spargel, Buxbaum, Grass, Stachelbeere, Zitrusfrucht, Zitrone, Limetten, gr\u00fcner ApfelSekund\u00e4raromen: Terti\u00e4raromen: Gaumen:S\u00e4ure: hoch, knackigK\u00f6rper: mittel S\u00fcsse: trockenAlkohol: 13 % Holzeinfluss: klare Frucht\u2013 und Reifearomatik ohne HolzeinflussTannin: &#8211;Balance: gutL\u00e4nge: mittelIntensit\u00e4t: ausgepr\u00e4gtKomplexit\u00e4t: mittel [&hellip;]<\/p>\n","protected":false},"author":1,"featured_media":0,"parent":10,"menu_order":-20,"comment_status":"closed","ping_status":"closed","template":"","meta":[],"_links":{"self":[{"href":"https:\/\/johner-estate.com\/de\/wp-json\/wp\/v2\/pages\/1187"}],"collection":[{"href":"https:\/\/johner-estate.com\/de\/wp-json\/wp\/v2\/pages"}],"about":[{"href":"https:\/\/johner-estate.com\/de\/wp-json\/wp\/v2\/types\/page"}],"author":[{"embeddable":true,"href":"https:\/\/johner-estate.com\/de\/wp-json\/wp\/v2\/users\/1"}],"replies":[{"embeddable":true,"href":"https:\/\/johner-estate.com\/de\/wp-json\/wp\/v2\/comments?post=1187"}],"version-history":[{"count":4,"href":"https:\/\/johner-estate.com\/de\/wp-json\/wp\/v2\/pages\/1187\/revisions"}],"predecessor-version":[{"id":1198,"href":"https:\/\/johner-estate.com\/de\/wp-json\/wp\/v2\/pages\/1187\/revisions\/1198"}],"up":[{"embeddable":true,"href":"https:\/\/johner-estate.com\/de\/wp-json\/wp\/v2\/pages\/10"}],"wp:attachment":[{"href":"https:\/\/johner-estate.com\/de\/wp-json\/wp\/v2\/media?parent=1187"}],"curies":[{"name":"wp","href":"https:\/\/api.w.org\/{rel}","templated":true}]}}