{"id":1182,"date":"2021-05-08T14:29:44","date_gmt":"2021-05-08T14:29:44","guid":{"rendered":"https:\/\/johner-estate.com\/de\/?page_id=1182"},"modified":"2021-12-02T14:45:58","modified_gmt":"2021-12-02T14:45:58","slug":"2019-cabernet-merlot-malbec","status":"publish","type":"page","link":"https:\/\/johner-estate.com\/de\/weine\/cabernet-merlot-malbec\/2019-cabernet-merlot-malbec\/","title":{"rendered":"2019 Cabernet, Merlot &#038; Malbec"},"content":{"rendered":"<div>\n<strong>VERKOSTUNGSNOTIZ<\/strong><\/p>\n<p><a> <img class=\"alignright\" src=\"https:\/\/www.johner.de\/weine\/creme\/Stefan.jpg\" \/><\/a><\/p>\n<div id=\"Stefan_2019_cmm\">\n<div class=\"Verkostertitle\">Professionelle Verkostungsnotiz von <a href=\"http:\/\/stefanmetzner.com\/\">Stefan<\/a><\/div>\n<p>verkostet als offene Verkostung am 4.7.2021 in M\u00fcnchen mit einem Gabriel Glas &#8211; Gold Edition<\/p>\n<p><b>Optik:<\/b> dunkles Rubinrot<br \/>\n<b>Aroma Profil:<\/b><br \/>\n<b>Intensit\u00e4t:<\/b> mittel +<br \/>\n<b>Prim\u00e4raromen:<\/b> schwarze Johannisbeeren, Brombeeren, Heidelbeeren, schwarze Pflaumen<br \/>\n<b>Sekund\u00e4raromen:<\/b> Vanille, Toast, rauchig<br \/>\n<b>Terti\u00e4raromen:<\/b> schwarzer Pfeffer, Wacholderbeeren<\/p>\n<p><b>Gaumen:<\/b><br \/>\n<b>S\u00e4ure:<\/b> mittel, linear<br \/>\n<b>K\u00f6rper:<\/b> voll<br \/>\n<b>S\u00fcsse:<\/b> trocken<br \/>\n<b>Alkohol:<\/b> 14%<br \/>\n<b>Holzeinfluss:<\/b> deutliche Holzausbauaromen von teilweise neuen Barriques<br \/>\n<b>Tannin:<\/b> hoch; reif, rund und gef\u00e4llig<br \/>\n<b>Balance:<\/b> sehr gut<br \/>\n<b>L\u00e4nge:<\/b> lange<br \/>\n<b>Intensit\u00e4t:<\/b> mittel +<br \/>\n<b>Komplexit\u00e4t:<\/b> hoch<br \/>\n<b>Typizit\u00e4t:<\/b> &#8211;<br \/>\n<b>Potential:<\/b> 10 Jahre<br \/>\n<b>Gesamteindruck:<\/b> Dieser dunkle, vollmundige, trockene Rotwein zeigt komplexe Aromen von schwarzen Fr\u00fcchten, deutliche Holzausbauaromen und Noten von Pfeffer und Wacholder. Er hat einen vollen K\u00f6rper mit hohem, rundem Tannin der von der linearen, gut eingebundenen S\u00e4ure sehr gut ausgeglichen wird. Der Abgang ist lange und harmonisch. Auch wenn dieser Wein jetzt schon zu geniessen ist, profitiert er von einigen Jahren der Flaschenreife um der wuchtigen Art mehr Geschmeidigkeit zu verleihen.<\/div>\n<\/div>\n<p><strong>VERKOSTUNGSNOTIZEN von Patrick<a><img class=\"alignright\" src=\"https:\/\/www.johner.de\/weine\/creme\/Patrick.jpg\" \/><\/a><\/strong><\/p>\n<p><strong> vom Mai 2021<br \/>\n<\/strong><\/p>\n<p>Intensive dunkle Farbe.<\/p>\n<p>Frisch ge\u00f6ffnet ist dieser Wein zur Zeit extrem verschlossen. Wer unsere \u00e4lteren Jahrg\u00e4nge kennt wird hier evtl. entt\u00e4uscht.<\/p>\n<p>Am besten also den Wein \u00f6ffnen und ein Glas herausnehmen und die Flasche wieder zuschrauben.<\/p>\n<p>Nach einer Woche zeigt der Wein dann seinen vollen Charakter. Intensiver Duft nach Brombeeren, Cassis, Cranberries und weiteren dunklen Fr\u00fcchten.<\/p>\n<p>Am Gaumen eine mundw\u00e4ssernde S\u00e4ure, die Ihn sehr schlank und elegant erscheinen l\u00e4sst. Die Tannine sind sch\u00f6n rund und entwickelt und nur noch minimal trocknend.<\/p>\n<p>Ist der Wein dagegen frisch ge\u00f6ffnet sind die Tannine noch nicht ganz weich genug. Die Aromatik ist hier ebenfalls verhalten und der Wein zeigt sich als verschlossenes Kraftpaket.<\/p>\n<p>Nach einer Woche werden die Tannine weicher und die Struktur am Gaumen breitet sich st\u00e4rker aus. Die Tannine werden ebenfalls weicher und reifer.\u00a0\u00a0 Im Abgang verw\u00f6hnt uns der Wein dann mit seiner mittleren L\u00e4nge und nachklingenden dunklen Fr\u00fcchten.<\/p>\n<p><strong>KELLERMEISTER\u2019S NOTIZEN<\/strong><br \/>\nDas Jahr 2019 endlich wieder ein guter Jahrgang f\u00fcr sp\u00e4treifende Rotweinsorten. Der Sommer startete mit hohen Niederschl\u00e4gen und die Bl\u00fcte wurde stark verrieselt. Der Rest war aber dann einfach sch\u00f6n und trocken. Da wir jedoch bew\u00e4ssern konnten, gab es bei den Reben keinen Mangel. Die Beeren wurden Mitte April gelesen. Nach einer zweiw\u00f6chigen Maischeg\u00e4rung reifte der Wein 12 Monate lang in neuen (70%) und gebrauchten (30%) Eichenholzf\u00e4ssern.<br \/>\nUngesch\u00f6nt und unfiltriert abgef\u00fcllt.<\/p>\n<p><strong>WEIN ANALYSE<\/strong><br \/>\nLagerf\u00e4higkeit: 5-10 Jahre<br \/>\nAlkohol: 14 %<br \/>\nS\u00e4ure: 6,0 g\/l<br \/>\nRestzucker: unter 1 g\/l<br \/>\nExtrakt: 27 g\/l<\/p>\n","protected":false},"excerpt":{"rendered":"<p>VERKOSTUNGSNOTIZ Professionelle Verkostungsnotiz von Stefan verkostet als offene Verkostung am 4.7.2021 in M\u00fcnchen mit einem Gabriel Glas &#8211; Gold Edition Optik: dunkles Rubinrot Aroma Profil: Intensit\u00e4t: mittel + Prim\u00e4raromen: schwarze Johannisbeeren, Brombeeren, Heidelbeeren, schwarze Pflaumen Sekund\u00e4raromen: Vanille, Toast, rauchig Terti\u00e4raromen: schwarzer Pfeffer, Wacholderbeeren Gaumen: S\u00e4ure: mittel, linear K\u00f6rper: voll S\u00fcsse: trocken Alkohol: 14% Holzeinfluss: deutliche [&hellip;]<\/p>\n","protected":false},"author":1,"featured_media":0,"parent":90,"menu_order":-19,"comment_status":"closed","ping_status":"closed","template":"","meta":[],"_links":{"self":[{"href":"https:\/\/johner-estate.com\/de\/wp-json\/wp\/v2\/pages\/1182"}],"collection":[{"href":"https:\/\/johner-estate.com\/de\/wp-json\/wp\/v2\/pages"}],"about":[{"href":"https:\/\/johner-estate.com\/de\/wp-json\/wp\/v2\/types\/page"}],"author":[{"embeddable":true,"href":"https:\/\/johner-estate.com\/de\/wp-json\/wp\/v2\/users\/1"}],"replies":[{"embeddable":true,"href":"https:\/\/johner-estate.com\/de\/wp-json\/wp\/v2\/comments?post=1182"}],"version-history":[{"count":4,"href":"https:\/\/johner-estate.com\/de\/wp-json\/wp\/v2\/pages\/1182\/revisions"}],"predecessor-version":[{"id":1210,"href":"https:\/\/johner-estate.com\/de\/wp-json\/wp\/v2\/pages\/1182\/revisions\/1210"}],"up":[{"embeddable":true,"href":"https:\/\/johner-estate.com\/de\/wp-json\/wp\/v2\/pages\/90"}],"wp:attachment":[{"href":"https:\/\/johner-estate.com\/de\/wp-json\/wp\/v2\/media?parent=1182"}],"curies":[{"name":"wp","href":"https:\/\/api.w.org\/{rel}","templated":true}]}}