{"id":1136,"date":"2020-05-18T04:39:41","date_gmt":"2020-05-18T04:39:41","guid":{"rendered":"https:\/\/johner-estate.com\/de\/?page_id=1136"},"modified":"2020-05-18T13:55:42","modified_gmt":"2020-05-18T13:55:42","slug":"jahrgang-2020","status":"publish","type":"page","link":"https:\/\/johner-estate.com\/de\/weingut\/jahrgange\/jahrgang-2020\/","title":{"rendered":"Jahrgang 2020"},"content":{"rendered":"<p>Die Ernte im Zeichen von Corona&#8230;<\/p>\n<p>Nachdem die Ernte 2019 wegen sehr schlechtem Wetter zur Bl\u00fctezeit sehr klein ausgefallen war, hofften wir f\u00fcr 2020 auf einen besseren Jahrgang.<\/p>\n<p>Und in der Tat konnten wir die Sp\u00e4tfrostn\u00e4chte im Oktober einigerma\u00dfen gut \u00fcberstehen.<\/p>\n<p>Es folgte dann ein normaler Fr\u00fchsommer mit passenden und nicht zu hohen Niederschl\u00e4gen.<\/p>\n<p>Wir hatten dann im Dezember sch\u00f6nes Wetter zur Rebbl\u00fcte, so dass endlich wieder einmal normale Ertr\u00e4ge erwartet werden konnten.<\/p>\n<p>Der Sommer selbst war ziemlich trocken und manchmal hei\u00df mit Temperaturen bis zu 37\u00b0C.<\/p>\n<p>Wir dachten 2019 w\u00e4re schon ein fr\u00fches Jahr gewesen. 2020 war jedoch noch fr\u00fcher, was im Nachhinein von sehr gro\u00dfem Vorteil war.<\/p>\n<p>Und so begann die Ernte auch am 10. M\u00e4rz mit Sektgrundwein und Ros\u00e9. Dieser Sektgrundwein muss bei relativ niedrigem Mostgewicht geerntet werden, damit die traditionelle 2. G\u00e4rung in der Flasche auch richtig funktioniert.<\/p>\n<p><img loading=\"lazy\" class=\"wp-image-3469 alignleft\" src=\"https:\/\/www.johner-estate.com\/wp-content\/uploads\/2020\/04\/raphael-150x150.jpg\" sizes=\"(max-width: 150px) 100vw, 150px\" srcset=\"https:\/\/www.johner-estate.com\/wp-content\/uploads\/2020\/04\/raphael-150x150.jpg 150w, https:\/\/www.johner-estate.com\/wp-content\/uploads\/2020\/04\/raphael-180x180.jpg 180w, https:\/\/www.johner-estate.com\/wp-content\/uploads\/2020\/04\/raphael-300x300.jpg 300w, https:\/\/www.johner-estate.com\/wp-content\/uploads\/2020\/04\/raphael-600x600.jpg 600w\" alt=\"\" width=\"126\" height=\"126\" \/> <img loading=\"lazy\" class=\"wp-image-3467 alignleft\" src=\"https:\/\/www.johner-estate.com\/wp-content\/uploads\/2020\/04\/pinot-noir2-150x150.jpg\" sizes=\"(max-width: 150px) 100vw, 150px\" srcset=\"https:\/\/www.johner-estate.com\/wp-content\/uploads\/2020\/04\/pinot-noir2-150x150.jpg 150w, https:\/\/www.johner-estate.com\/wp-content\/uploads\/2020\/04\/pinot-noir2-180x180.jpg 180w, https:\/\/www.johner-estate.com\/wp-content\/uploads\/2020\/04\/pinot-noir2-300x300.jpg 300w, https:\/\/www.johner-estate.com\/wp-content\/uploads\/2020\/04\/pinot-noir2-600x600.jpg 600w\" alt=\"\" width=\"122\" height=\"122\" \/> <img loading=\"lazy\" class=\" wp-image-3466 alignleft\" src=\"https:\/\/www.johner-estate.com\/wp-content\/uploads\/2020\/04\/pinot-noir1-150x150.jpg\" sizes=\"(max-width: 150px) 100vw, 150px\" srcset=\"https:\/\/www.johner-estate.com\/wp-content\/uploads\/2020\/04\/pinot-noir1-150x150.jpg 150w, https:\/\/www.johner-estate.com\/wp-content\/uploads\/2020\/04\/pinot-noir1-180x180.jpg 180w, https:\/\/www.johner-estate.com\/wp-content\/uploads\/2020\/04\/pinot-noir1-300x300.jpg 300w, https:\/\/www.johner-estate.com\/wp-content\/uploads\/2020\/04\/pinot-noir1-600x600.jpg 600w\" alt=\"\" width=\"121\" height=\"121\" \/><\/p>\n<p>&nbsp;<\/p>\n<p>&nbsp;<\/p>\n<p>&nbsp;<\/p>\n<p>&nbsp;<\/p>\n<p>Das Wetter war einfach nur wundersch\u00f6n und es folgte die Ernte unseres Pinot Noirs.<\/p>\n<p><img loading=\"lazy\" class=\" wp-image-3446 alignleft\" src=\"https:\/\/www.johner-estate.com\/wp-content\/uploads\/2020\/04\/picking7-150x150.jpg\" sizes=\"(max-width: 150px) 100vw, 150px\" srcset=\"https:\/\/www.johner-estate.com\/wp-content\/uploads\/2020\/04\/picking7-150x150.jpg 150w, https:\/\/www.johner-estate.com\/wp-content\/uploads\/2020\/04\/picking7-180x180.jpg 180w, https:\/\/www.johner-estate.com\/wp-content\/uploads\/2020\/04\/picking7-300x300.jpg 300w, https:\/\/www.johner-estate.com\/wp-content\/uploads\/2020\/04\/picking7-600x600.jpg 600w\" alt=\"\" width=\"133\" height=\"133\" \/> <img loading=\"lazy\" class=\" wp-image-3439 alignleft\" src=\"https:\/\/www.johner-estate.com\/wp-content\/uploads\/2020\/04\/picking-7-150x150.jpg\" sizes=\"(max-width: 150px) 100vw, 150px\" srcset=\"https:\/\/www.johner-estate.com\/wp-content\/uploads\/2020\/04\/picking-7-150x150.jpg 150w, https:\/\/www.johner-estate.com\/wp-content\/uploads\/2020\/04\/picking-7-180x180.jpg 180w, https:\/\/www.johner-estate.com\/wp-content\/uploads\/2020\/04\/picking-7-300x300.jpg 300w, https:\/\/www.johner-estate.com\/wp-content\/uploads\/2020\/04\/picking-7-600x600.jpg 600w\" alt=\"\" width=\"132\" height=\"132\" \/> <img loading=\"lazy\" class=\" wp-image-3445 alignleft\" src=\"https:\/\/www.johner-estate.com\/wp-content\/uploads\/2020\/04\/picking6-150x150.jpg\" sizes=\"(max-width: 150px) 100vw, 150px\" srcset=\"https:\/\/www.johner-estate.com\/wp-content\/uploads\/2020\/04\/picking6-150x150.jpg 150w, https:\/\/www.johner-estate.com\/wp-content\/uploads\/2020\/04\/picking6-180x180.jpg 180w, https:\/\/www.johner-estate.com\/wp-content\/uploads\/2020\/04\/picking6-300x300.jpg 300w, https:\/\/www.johner-estate.com\/wp-content\/uploads\/2020\/04\/picking6-600x600.jpg 600w\" alt=\"\" width=\"126\" height=\"126\" \/><\/p>\n<p>&nbsp;<\/p>\n<p>&nbsp;<\/p>\n<p>&nbsp;<\/p>\n<p>&nbsp;<\/p>\n<p>Im Keller war dann ebenfalls schon genug Arbeit&#8230;<\/p>\n<p><img loading=\"lazy\" class=\" wp-image-3470 alignleft\" src=\"https:\/\/www.johner-estate.com\/wp-content\/uploads\/2020\/04\/press-300x225.jpg\" sizes=\"(max-width: 300px) 100vw, 300px\" srcset=\"https:\/\/www.johner-estate.com\/wp-content\/uploads\/2020\/04\/press-300x225.jpg 300w, https:\/\/www.johner-estate.com\/wp-content\/uploads\/2020\/04\/press-768x576.jpg 768w, https:\/\/www.johner-estate.com\/wp-content\/uploads\/2020\/04\/press-1024x768.jpg 1024w, https:\/\/www.johner-estate.com\/wp-content\/uploads\/2020\/04\/press.jpg 1600w\" alt=\"\" width=\"260\" height=\"195\" \/> <img loading=\"lazy\" class=\"wp-image-3468 alignleft\" src=\"https:\/\/www.johner-estate.com\/wp-content\/uploads\/2020\/04\/punch-down-225x300.jpg\" sizes=\"(max-width: 173px) 100vw, 173px\" srcset=\"https:\/\/www.johner-estate.com\/wp-content\/uploads\/2020\/04\/punch-down-225x300.jpg 225w, https:\/\/www.johner-estate.com\/wp-content\/uploads\/2020\/04\/punch-down-768x1024.jpg 768w, https:\/\/www.johner-estate.com\/wp-content\/uploads\/2020\/04\/punch-down.jpg 1200w\" alt=\"\" width=\"145\" height=\"194\" \/><\/p>\n<p>&nbsp;<\/p>\n<p>&nbsp;<\/p>\n<p>&nbsp;<\/p>\n<p>&nbsp;<\/p>\n<p>&nbsp;<\/p>\n<p>Die ersten Sp\u00e4tburgunder mussten schon kr\u00e4ftig gestampft werden.<\/p>\n<p>&nbsp;<\/p>\n<p>Tja und dann kam der Lockdown!<\/p>\n<p>6 von unseren 7 deutschen Work &amp; Travel Mitarbeitern kontaktierten\u00a0 gleich die\u00a0 Deutsche Botschaft und meldeten sich f\u00fcr Ihre R\u00fcckholung an. Das war noch in der ersten H\u00e4lfte unserer Ernte ! Wenn die jetzt also nach Hause fliegen? Wie sollen wir dann die Ernte einbringen? Gl\u00fccklicherweise schr\u00e4nkte der Lockdown die Reisefreiheit innerhalb Neuseeland soweit ein,\u00a0 dass wir erst nach 10 Tagen die Mitarbeiter\u00a0 f\u00fcr die Heimreise zum Flughafen bringen durften. Genug Zeit um die meisten Trauben zu ernten. Gl\u00fcck gehabt!<\/p>\n<p>Der Lockdown selbst hatte in Neuseeland sehr schwerwiegende Auswirkungen auf die Arbeitswelt. Nur essential Business durfte noch arbeiten. Zum Gl\u00fcck geh\u00f6rte der Weinbau als Landwirtschaft zu dieser Gruppe, so konnten\u00a0 wir auch ernten und die Arbeiten\u00a0 im Keller durchf\u00fchren.<img loading=\"lazy\" class=\"alignnone\" src=\"https:\/\/www.johner-estate.com\/wp-content\/uploads\/2020\/04\/picking-distance.jpg\" width=\"1413\" height=\"982\" \/><\/p>\n<p>Spezielle Hygienevorschriften wurden eingef\u00fchrt. Immer 2 Meter Abstand zueinander. Nach jeder Essenspause wurde der Platz desinfiziert. Und das gr\u00f6\u00dfte Problem&#8230; Nur noch P\u00e4rchen durften sich ein Zimmer teilen. Da wir jedoch nicht gen\u00fcgend Zimmer f\u00fcr alle hatten, wurde die Probierstube und ein Teil des Flaschenlagers als Zimmer umfunktioniert.<\/p>\n<p><img loading=\"lazy\" class=\"alignnone\" src=\"https:\/\/www.johner-estate.com\/wp-content\/uploads\/2020\/04\/tasting-room2.jpg\" width=\"1524\" height=\"767\" \/><\/p>\n<p><img loading=\"lazy\" class=\"alignnone\" src=\"https:\/\/www.johner-estate.com\/wp-content\/uploads\/2020\/04\/sleeping-in-the-bottle-store5.jpg\" width=\"1644\" height=\"899\" \/><\/p>\n<p>Ende April, mitten in der Sauvignon Blanc Lese regnete es innerhalb von 3 Tagen mit 150mm extrem kr\u00e4ftig.<\/p>\n<p><a href=\"https:\/\/johner-estate.com\/de\/wp-content\/uploads\/2020\/05\/regen.jpg\"><img loading=\"lazy\" class=\"alignright size-large wp-image-1140\" src=\"https:\/\/johner-estate.com\/de\/wp-content\/uploads\/2020\/05\/regen-1024x768.jpg\" alt=\"regen\" width=\"474\" height=\"356\" srcset=\"https:\/\/johner-estate.com\/de\/wp-content\/uploads\/2020\/05\/regen-1024x768.jpg 1024w, https:\/\/johner-estate.com\/de\/wp-content\/uploads\/2020\/05\/regen-300x225.jpg 300w, https:\/\/johner-estate.com\/de\/wp-content\/uploads\/2020\/05\/regen-768x576.jpg 768w, https:\/\/johner-estate.com\/de\/wp-content\/uploads\/2020\/05\/regen.jpg 1600w\" sizes=\"(max-width: 474px) 100vw, 474px\" \/><\/a><\/p>\n<p>K\u00fchleres und trockenes Wetter danach verhinderte jedoch die Ausbreitung von Botrytis,\u00a0 der Sauvignon Blanc konnte mit sch\u00f6ner Reifearomatik ohne zu hohem Mostgewicht unproblematisch geerntet werden.<\/p>\n<p><a href=\"https:\/\/johner-estate.com\/de\/wp-content\/uploads\/2020\/05\/svbl1.jpg\"><img loading=\"lazy\" class=\"alignnone size-thumbnail wp-image-1141\" src=\"https:\/\/johner-estate.com\/de\/wp-content\/uploads\/2020\/05\/svbl1-150x150.jpg\" alt=\"svbl1\" width=\"150\" height=\"150\" \/><\/a> <a href=\"https:\/\/johner-estate.com\/de\/wp-content\/uploads\/2020\/05\/svbl2.jpg\"><img loading=\"lazy\" class=\"wp-image-1142 alignnone\" src=\"https:\/\/johner-estate.com\/de\/wp-content\/uploads\/2020\/05\/svbl2-768x1024.jpg\" alt=\"svbl2\" width=\"114\" height=\"152\" srcset=\"https:\/\/johner-estate.com\/de\/wp-content\/uploads\/2020\/05\/svbl2-768x1024.jpg 768w, https:\/\/johner-estate.com\/de\/wp-content\/uploads\/2020\/05\/svbl2-225x300.jpg 225w, https:\/\/johner-estate.com\/de\/wp-content\/uploads\/2020\/05\/svbl2.jpg 1200w\" sizes=\"(max-width: 114px) 100vw, 114px\" \/><\/a> <a href=\"https:\/\/johner-estate.com\/de\/wp-content\/uploads\/2020\/05\/svbl3.jpg\"><img loading=\"lazy\" class=\"wp-image-1143 alignnone\" src=\"https:\/\/johner-estate.com\/de\/wp-content\/uploads\/2020\/05\/svbl3-1024x768.jpg\" alt=\"svbl3\" width=\"198\" height=\"149\" srcset=\"https:\/\/johner-estate.com\/de\/wp-content\/uploads\/2020\/05\/svbl3-1024x768.jpg 1024w, https:\/\/johner-estate.com\/de\/wp-content\/uploads\/2020\/05\/svbl3-300x225.jpg 300w, https:\/\/johner-estate.com\/de\/wp-content\/uploads\/2020\/05\/svbl3-768x576.jpg 768w, https:\/\/johner-estate.com\/de\/wp-content\/uploads\/2020\/05\/svbl3.jpg 1600w\" sizes=\"(max-width: 198px) 100vw, 198px\" \/><\/a><\/p>\n<p>Sonnenschein und flei\u00dfige Helfer nach der Regenpause&#8230;<br \/>\n<a href=\"https:\/\/johner-estate.com\/de\/wp-content\/uploads\/2020\/05\/picking1.jpg\"><img loading=\"lazy\" class=\"alignnone size-thumbnail wp-image-1146\" src=\"https:\/\/johner-estate.com\/de\/wp-content\/uploads\/2020\/05\/picking1-150x150.jpg\" alt=\"picking1\" width=\"150\" height=\"150\" \/><\/a> <a href=\"https:\/\/johner-estate.com\/de\/wp-content\/uploads\/2020\/05\/picking2.jpg\"><img loading=\"lazy\" class=\"alignnone wp-image-1147 size-thumbnail\" src=\"https:\/\/johner-estate.com\/de\/wp-content\/uploads\/2020\/05\/picking2-150x150.jpg\" alt=\"picking2\" width=\"150\" height=\"150\" \/><\/a> <a href=\"https:\/\/johner-estate.com\/de\/wp-content\/uploads\/2020\/05\/picking3.jpg\"><img loading=\"lazy\" class=\"alignnone wp-image-1148 size-thumbnail\" src=\"https:\/\/johner-estate.com\/de\/wp-content\/uploads\/2020\/05\/picking3-150x150.jpg\" alt=\"picking3\" width=\"150\" height=\"150\" \/><\/a><br \/>\n<a href=\"https:\/\/johner-estate.com\/de\/wp-content\/uploads\/2020\/05\/picking4.jpg\"><img loading=\"lazy\" class=\"alignnone wp-image-1149 size-thumbnail\" src=\"https:\/\/johner-estate.com\/de\/wp-content\/uploads\/2020\/05\/picking4-150x150.jpg\" alt=\"picking4\" width=\"150\" height=\"150\" \/><\/a> <a href=\"https:\/\/johner-estate.com\/de\/wp-content\/uploads\/2020\/05\/picking5.jpg\"><img loading=\"lazy\" class=\"alignnone wp-image-1150 size-thumbnail\" src=\"https:\/\/johner-estate.com\/de\/wp-content\/uploads\/2020\/05\/picking5-150x150.jpg\" alt=\"picking5\" width=\"150\" height=\"150\" \/><\/a> <a href=\"https:\/\/johner-estate.com\/de\/wp-content\/uploads\/2020\/05\/emptying2.jpg\"><img loading=\"lazy\" class=\"alignnone size-thumbnail wp-image-1151\" src=\"https:\/\/johner-estate.com\/de\/wp-content\/uploads\/2020\/05\/emptying2-150x150.jpg\" alt=\"emptying2\" width=\"150\" height=\"150\" \/><\/a><br \/>\n<a href=\"https:\/\/johner-estate.com\/de\/wp-content\/uploads\/2020\/05\/emtpying3.jpg\"><img loading=\"lazy\" class=\"alignnone size-thumbnail wp-image-1152\" src=\"https:\/\/johner-estate.com\/de\/wp-content\/uploads\/2020\/05\/emtpying3-150x150.jpg\" alt=\"emtpying3\" width=\"150\" height=\"150\" \/><\/a> <a href=\"https:\/\/johner-estate.com\/de\/wp-content\/uploads\/2020\/05\/end-of-row.jpg\"><img loading=\"lazy\" class=\"alignnone size-thumbnail wp-image-1153\" src=\"https:\/\/johner-estate.com\/de\/wp-content\/uploads\/2020\/05\/end-of-row-150x150.jpg\" alt=\"end of row\" width=\"150\" height=\"150\" \/><\/a> <a href=\"https:\/\/johner-estate.com\/de\/wp-content\/uploads\/2020\/05\/full_bins.jpg\"><img loading=\"lazy\" class=\"alignnone size-thumbnail wp-image-1154\" src=\"https:\/\/johner-estate.com\/de\/wp-content\/uploads\/2020\/05\/full_bins-150x150.jpg\" alt=\"full_bins\" width=\"150\" height=\"150\" \/><\/a><\/p>\n<p><a href=\"https:\/\/johner-estate.com\/de\/wp-content\/uploads\/2020\/05\/kh-chardonnay.jpg\"><img loading=\"lazy\" class=\"alignnone size-large wp-image-1144\" src=\"https:\/\/johner-estate.com\/de\/wp-content\/uploads\/2020\/05\/kh-chardonnay-768x1024.jpg\" alt=\"kh-chardonnay\" width=\"474\" height=\"632\" srcset=\"https:\/\/johner-estate.com\/de\/wp-content\/uploads\/2020\/05\/kh-chardonnay-768x1024.jpg 768w, https:\/\/johner-estate.com\/de\/wp-content\/uploads\/2020\/05\/kh-chardonnay-225x300.jpg 225w, https:\/\/johner-estate.com\/de\/wp-content\/uploads\/2020\/05\/kh-chardonnay.jpg 1200w\" sizes=\"(max-width: 474px) 100vw, 474px\" \/><\/a><\/p>\n","protected":false},"excerpt":{"rendered":"<p>Die Ernte im Zeichen von Corona&#8230; Nachdem die Ernte 2019 wegen sehr schlechtem Wetter zur Bl\u00fctezeit sehr klein ausgefallen war, hofften wir f\u00fcr 2020 auf einen besseren Jahrgang. Und in der Tat konnten wir die Sp\u00e4tfrostn\u00e4chte im Oktober einigerma\u00dfen gut \u00fcberstehen. Es folgte dann ein normaler Fr\u00fchsommer mit passenden und nicht zu hohen Niederschl\u00e4gen. Wir [&hellip;]<\/p>\n","protected":false},"author":1,"featured_media":0,"parent":182,"menu_order":-20,"comment_status":"closed","ping_status":"closed","template":"","meta":[],"_links":{"self":[{"href":"https:\/\/johner-estate.com\/de\/wp-json\/wp\/v2\/pages\/1136"}],"collection":[{"href":"https:\/\/johner-estate.com\/de\/wp-json\/wp\/v2\/pages"}],"about":[{"href":"https:\/\/johner-estate.com\/de\/wp-json\/wp\/v2\/types\/page"}],"author":[{"embeddable":true,"href":"https:\/\/johner-estate.com\/de\/wp-json\/wp\/v2\/users\/1"}],"replies":[{"embeddable":true,"href":"https:\/\/johner-estate.com\/de\/wp-json\/wp\/v2\/comments?post=1136"}],"version-history":[{"count":7,"href":"https:\/\/johner-estate.com\/de\/wp-json\/wp\/v2\/pages\/1136\/revisions"}],"predecessor-version":[{"id":1157,"href":"https:\/\/johner-estate.com\/de\/wp-json\/wp\/v2\/pages\/1136\/revisions\/1157"}],"up":[{"embeddable":true,"href":"https:\/\/johner-estate.com\/de\/wp-json\/wp\/v2\/pages\/182"}],"wp:attachment":[{"href":"https:\/\/johner-estate.com\/de\/wp-json\/wp\/v2\/media?parent=1136"}],"curies":[{"name":"wp","href":"https:\/\/api.w.org\/{rel}","templated":true}]}}