{"id":1103,"date":"2019-12-11T09:42:21","date_gmt":"2019-12-11T09:42:21","guid":{"rendered":"https:\/\/johner-estate.com\/de\/?page_id=1103"},"modified":"2020-04-16T13:01:28","modified_gmt":"2020-04-16T13:01:28","slug":"2017-lime-hill-vineyard-pinot-noir","status":"publish","type":"page","link":"https:\/\/johner-estate.com\/de\/weine\/lime-hill-vineyard-pinot-noir\/2017-lime-hill-vineyard-pinot-noir\/","title":{"rendered":"2017 Lime Hill Vineyard Pinot Noir"},"content":{"rendered":"<p><strong><a href=\"https:\/\/johner-estate.com\/de\/wp-content\/uploads\/2020\/04\/2017-Pinot-Noir-Lime-Hill-900px.png\"><img loading=\"lazy\" class=\"alignright size-medium wp-image-1120\" src=\"https:\/\/johner-estate.com\/de\/wp-content\/uploads\/2020\/04\/2017-Pinot-Noir-Lime-Hill-900px-86x300.png\" alt=\"2017 Pinot Noir Lime Hill 900px\" width=\"86\" height=\"300\" srcset=\"https:\/\/johner-estate.com\/de\/wp-content\/uploads\/2020\/04\/2017-Pinot-Noir-Lime-Hill-900px-86x300.png 86w, https:\/\/johner-estate.com\/de\/wp-content\/uploads\/2020\/04\/2017-Pinot-Noir-Lime-Hill-900px.png 259w\" sizes=\"(max-width: 86px) 100vw, 86px\" \/><\/a>VERKOSTUNGSNOTIZEN<\/strong><br \/>\nFeiner Duft nach roten Fr\u00fcchten mit floralen Noten und frischen Kr\u00e4utern. Dazu w\u00fcrzige Holzaromen.<\/p>\n<p>Am Gaumen sp\u00fcrt man den Kalkdruck eingebettet in feinen Tanninen und einer feinen S\u00e4urestruktur.<\/p>\n<p>Langer, nachklingender Abgang mit roten Fr\u00fcchten und Kr\u00e4utern.<\/p>\n<p><strong>Dieser Wein wurde nicht gesch\u00f6nt und unflitriert abgef\u00fcllt. Dadurch kann ein nat\u00fcrliches Depot \/ Tr\u00fcbung auftreten. Dies stellt kein Qualit\u00e4tsmangel dar!<\/strong><\/p>\n<p><strong>KELLERMEISTER\u2019S NOTIZEN<\/strong><\/p>\n<p>2013 gepflanzt auf einer Hanglage 200m \u00fcber dem Meeresspiegel. Der Boden besteht aus Lehm und Kalkstein. 1,3 ha wurden mit Pinot Noir und Chardonnay Reben bestockt.<\/p>\n<p>Die Pinot Noir Trauben wurden reif geerntet, der Ertrag lag bei 30hl\/ha. Der Weinberg wurde sorgf\u00e4ltig entbl\u00e4ttert und \u00fcbersch\u00fcssige Trauben durch die Gr\u00fcnlese entfernt. Geerntet wurde selektiv per Hand und im Weingut auf dem Vibrationstisch sortiert. Die Maischeg\u00e4rung dauerte 4 Wochen. Der Wein ruhte anschlie\u00dfend f\u00fcr 12 Monate in 100% neuen Barriques.<\/p>\n<p><strong>WEIN ANALYSE <\/strong><\/p>\n<p>Lagerf\u00e4higkeit: 5-10 Jahre<br \/>\nAlkohol: 13 %<br \/>\nS\u00e4ure: 4,6 g\/l<br \/>\nRestzucker: unter 1 g\/l<br \/>\nExtrakt: 25,3 g\/l<\/p>\n<p><strong>SPEISEEMPFEHLUNG<\/strong><br \/>\nDiese Wein passt zu Lachs, Lamm, Gefl\u00fcgel<br \/>\nDie optimale Trinktemperatur liegt bei 15 \u2013 18\u00b0 C<\/p>\n","protected":false},"excerpt":{"rendered":"<p>VERKOSTUNGSNOTIZEN Feiner Duft nach roten Fr\u00fcchten mit floralen Noten und frischen Kr\u00e4utern. Dazu w\u00fcrzige Holzaromen. Am Gaumen sp\u00fcrt man den Kalkdruck eingebettet in feinen Tanninen und einer feinen S\u00e4urestruktur. Langer, nachklingender Abgang mit roten Fr\u00fcchten und Kr\u00e4utern. Dieser Wein wurde nicht gesch\u00f6nt und unflitriert abgef\u00fcllt. Dadurch kann ein nat\u00fcrliches Depot \/ Tr\u00fcbung auftreten. Dies stellt [&hellip;]<\/p>\n","protected":false},"author":1,"featured_media":0,"parent":1099,"menu_order":-17,"comment_status":"closed","ping_status":"closed","template":"","meta":[],"_links":{"self":[{"href":"https:\/\/johner-estate.com\/de\/wp-json\/wp\/v2\/pages\/1103"}],"collection":[{"href":"https:\/\/johner-estate.com\/de\/wp-json\/wp\/v2\/pages"}],"about":[{"href":"https:\/\/johner-estate.com\/de\/wp-json\/wp\/v2\/types\/page"}],"author":[{"embeddable":true,"href":"https:\/\/johner-estate.com\/de\/wp-json\/wp\/v2\/users\/1"}],"replies":[{"embeddable":true,"href":"https:\/\/johner-estate.com\/de\/wp-json\/wp\/v2\/comments?post=1103"}],"version-history":[{"count":2,"href":"https:\/\/johner-estate.com\/de\/wp-json\/wp\/v2\/pages\/1103\/revisions"}],"predecessor-version":[{"id":1128,"href":"https:\/\/johner-estate.com\/de\/wp-json\/wp\/v2\/pages\/1103\/revisions\/1128"}],"up":[{"embeddable":true,"href":"https:\/\/johner-estate.com\/de\/wp-json\/wp\/v2\/pages\/1099"}],"wp:attachment":[{"href":"https:\/\/johner-estate.com\/de\/wp-json\/wp\/v2\/media?parent=1103"}],"curies":[{"name":"wp","href":"https:\/\/api.w.org\/{rel}","templated":true}]}}