{"id":1091,"date":"2019-09-02T11:11:21","date_gmt":"2019-09-02T11:11:21","guid":{"rendered":"https:\/\/johner-estate.com\/de\/?page_id=1091"},"modified":"2019-09-02T11:14:37","modified_gmt":"2019-09-02T11:14:37","slug":"jahrgang-2019","status":"publish","type":"page","link":"https:\/\/johner-estate.com\/de\/weingut\/jahrgange\/jahrgang-2019\/","title":{"rendered":"Jahrgang 2019"},"content":{"rendered":"<p>Der Jahrgang startete mit zum Teil sehr gro\u00dfen Sp\u00e4tfr\u00f6sten.<br \/>\nIn manchen Gebieten ist der komlette Jahrgang ausgefallen. Auch wir wurden dadurch direkt betroffen.<br \/>\nAuf unserem Hauptweinberg hat es die Randgebiete getroffen.<br \/>\nIm November und Dezember fielen \u00fcber 500mm Niederschlag. K\u00fchles und stark verregnetes Wetter f\u00fchrte zu einer sehr starken Verrieselung und zu einer extremen Ertragsregulierung.<br \/>\nDer Januar 2019 startete dann mit sehr sonnigen, hei\u00dfen und trockenem Wetter&#8230; Gemeinsam mit den sehr niedrigen Ertr\u00e4gen f\u00fchrte es zum fr\u00fchesten Start der Ernte, den wir dort jemals erlebt hatten.<\/p>\n<p>Anfang M\u00e4rz begann die Ernte bei sonnigem und warmen Wetter.<\/p>\n<p>Hier ein kleiner Situationsbericht vom 17. M\u00e4rz. 2019<\/p>\n<p><a href=\"https:\/\/youtube.com\/watch?v=puPoPcyO5zk\" target=\"_blank\"><img loading=\"lazy\" class=\"alignnone size-medium wp-image-1094\" src=\"https:\/\/johner-estate.com\/de\/wp-content\/uploads\/2019\/09\/Situation-17.-M\u00e4rz-2019-300x168.jpg\" alt=\"Situation 17. M\u00e4rz 2019\" width=\"300\" height=\"168\" srcset=\"https:\/\/johner-estate.com\/de\/wp-content\/uploads\/2019\/09\/Situation-17.-M\u00e4rz-2019-300x168.jpg 300w, https:\/\/johner-estate.com\/de\/wp-content\/uploads\/2019\/09\/Situation-17.-M\u00e4rz-2019-768x430.jpg 768w, https:\/\/johner-estate.com\/de\/wp-content\/uploads\/2019\/09\/Situation-17.-M\u00e4rz-2019.jpg 965w\" sizes=\"(max-width: 300px) 100vw, 300px\" \/><\/a><\/p>\n<p>Auf Youtube haben wir hier ein stimmungsvolles Video \u00fcber die Ernte auf dem Limehill Weinberg. Ein Projekt im Zusammenarbeit mit unserem Winemaker Raphael Burki.<br \/>\n<a href=\"https:\/\/youtube.com\/watch?v=puPoPcyO5zk\" target=\"_blank\"><img loading=\"lazy\" class=\"alignnone size-medium wp-image-1092\" src=\"https:\/\/johner-estate.com\/de\/wp-content\/uploads\/2019\/09\/Limehill-2019-auf-Youtube-300x169.jpg\" alt=\"Limehill 2019 auf Youtube\" width=\"300\" height=\"169\" srcset=\"https:\/\/johner-estate.com\/de\/wp-content\/uploads\/2019\/09\/Limehill-2019-auf-Youtube-300x169.jpg 300w, https:\/\/johner-estate.com\/de\/wp-content\/uploads\/2019\/09\/Limehill-2019-auf-Youtube-768x432.jpg 768w, https:\/\/johner-estate.com\/de\/wp-content\/uploads\/2019\/09\/Limehill-2019-auf-Youtube.jpg 960w\" sizes=\"(max-width: 300px) 100vw, 300px\" \/><\/a><\/p>\n<p>Und hier haben wir noch ein Interview auf English mit Raphael und Floray&#8230;<\/p>\n<p><a href=\"https:\/\/youtube.com\/watch?v=6oAbF5SVgS0\" target=\"_blank\"><img loading=\"lazy\" class=\"alignnone size-medium wp-image-1093\" src=\"https:\/\/johner-estate.com\/de\/wp-content\/uploads\/2019\/09\/nz-2019-harvest-interview-auf-Youtube-300x169.jpg\" alt=\"nz 2019 harvest interview auf Youtube\" width=\"300\" height=\"169\" srcset=\"https:\/\/johner-estate.com\/de\/wp-content\/uploads\/2019\/09\/nz-2019-harvest-interview-auf-Youtube-300x169.jpg 300w, https:\/\/johner-estate.com\/de\/wp-content\/uploads\/2019\/09\/nz-2019-harvest-interview-auf-Youtube-768x432.jpg 768w, https:\/\/johner-estate.com\/de\/wp-content\/uploads\/2019\/09\/nz-2019-harvest-interview-auf-Youtube.jpg 960w\" sizes=\"(max-width: 300px) 100vw, 300px\" \/><\/a><\/p>\n","protected":false},"excerpt":{"rendered":"<p>Der Jahrgang startete mit zum Teil sehr gro\u00dfen Sp\u00e4tfr\u00f6sten. In manchen Gebieten ist der komlette Jahrgang ausgefallen. Auch wir wurden dadurch direkt betroffen. Auf unserem Hauptweinberg hat es die Randgebiete getroffen. Im November und Dezember fielen \u00fcber 500mm Niederschlag. K\u00fchles und stark verregnetes Wetter f\u00fchrte zu einer sehr starken Verrieselung und zu einer extremen Ertragsregulierung. [&hellip;]<\/p>\n","protected":false},"author":1,"featured_media":0,"parent":182,"menu_order":-19,"comment_status":"closed","ping_status":"closed","template":"","meta":[],"_links":{"self":[{"href":"https:\/\/johner-estate.com\/de\/wp-json\/wp\/v2\/pages\/1091"}],"collection":[{"href":"https:\/\/johner-estate.com\/de\/wp-json\/wp\/v2\/pages"}],"about":[{"href":"https:\/\/johner-estate.com\/de\/wp-json\/wp\/v2\/types\/page"}],"author":[{"embeddable":true,"href":"https:\/\/johner-estate.com\/de\/wp-json\/wp\/v2\/users\/1"}],"replies":[{"embeddable":true,"href":"https:\/\/johner-estate.com\/de\/wp-json\/wp\/v2\/comments?post=1091"}],"version-history":[{"count":3,"href":"https:\/\/johner-estate.com\/de\/wp-json\/wp\/v2\/pages\/1091\/revisions"}],"predecessor-version":[{"id":1097,"href":"https:\/\/johner-estate.com\/de\/wp-json\/wp\/v2\/pages\/1091\/revisions\/1097"}],"up":[{"embeddable":true,"href":"https:\/\/johner-estate.com\/de\/wp-json\/wp\/v2\/pages\/182"}],"wp:attachment":[{"href":"https:\/\/johner-estate.com\/de\/wp-json\/wp\/v2\/media?parent=1091"}],"curies":[{"name":"wp","href":"https:\/\/api.w.org\/{rel}","templated":true}]}}