{"id":109,"date":"2012-02-23T20:37:39","date_gmt":"2012-02-23T20:37:39","guid":{"rendered":"http:\/\/johner-estate.com\/de\/?page_id=109"},"modified":"2012-09-06T08:37:25","modified_gmt":"2012-09-06T08:37:25","slug":"der-weinberg","status":"publish","type":"page","link":"https:\/\/johner-estate.com\/de\/weingut\/der-weinberg\/","title":{"rendered":"Der Weinberg"},"content":{"rendered":"<p>Gepflanzt wurden bisher<\/p>\n<p>8 Hektar Pinot Noir (verschiedene Burgundische Klone)<br \/>\n3 Hektar Sauvignon Blanc<\/p>\n<figure id=\"attachment_383\" aria-describedby=\"caption-attachment-383\" style=\"width: 300px\" class=\"wp-caption alignright\"><a href=\"http:\/\/johner-estate.com\/de\/wp-content\/uploads\/2012\/02\/KHJunganlage.jpg\"><img loading=\"lazy\" class=\"size-medium wp-image-383 \" title=\"KHJunganlage\" src=\"http:\/\/johner-estate.com\/de\/wp-content\/uploads\/2012\/02\/KHJunganlage-300x225.jpg\" alt=\"\" width=\"300\" height=\"225\" srcset=\"https:\/\/johner-estate.com\/de\/wp-content\/uploads\/2012\/02\/KHJunganlage-300x225.jpg 300w, https:\/\/johner-estate.com\/de\/wp-content\/uploads\/2012\/02\/KHJunganlage-1024x768.jpg 1024w, https:\/\/johner-estate.com\/de\/wp-content\/uploads\/2012\/02\/KHJunganlage-400x300.jpg 400w, https:\/\/johner-estate.com\/de\/wp-content\/uploads\/2012\/02\/KHJunganlage.jpg 1200w\" sizes=\"(max-width: 300px) 100vw, 300px\" \/><\/a><figcaption id=\"caption-attachment-383\" class=\"wp-caption-text\">Karl Heinz Johner bei der Neuanlage von einem Weinberg<\/figcaption><\/figure>\n<p>und jeweils 10 Ar<br \/>\nCabernet Sauvignon<br \/>\nCabernet Franc<br \/>\nMerlot<br \/>\nMalbec<br \/>\nSyrah<br \/>\nChardonnay<br \/>\nRiesling<br \/>\nGrauer Burgunder<br \/>\nGew\u00fcrztraminer<br \/>\nViognier<\/p>\n<figure id=\"attachment_387\" aria-describedby=\"caption-attachment-387\" style=\"width: 300px\" class=\"wp-caption alignleft\"><a href=\"http:\/\/johner-estate.com\/de\/wp-content\/uploads\/2012\/02\/jungerWeinberg.jpg\"><img loading=\"lazy\" class=\"size-medium wp-image-387  \" title=\"jungerWeinberg\" src=\"http:\/\/johner-estate.com\/de\/wp-content\/uploads\/2012\/02\/jungerWeinberg-300x225.jpg\" alt=\"\" width=\"300\" height=\"225\" srcset=\"https:\/\/johner-estate.com\/de\/wp-content\/uploads\/2012\/02\/jungerWeinberg-300x225.jpg 300w, https:\/\/johner-estate.com\/de\/wp-content\/uploads\/2012\/02\/jungerWeinberg-1024x768.jpg 1024w, https:\/\/johner-estate.com\/de\/wp-content\/uploads\/2012\/02\/jungerWeinberg-400x300.jpg 400w, https:\/\/johner-estate.com\/de\/wp-content\/uploads\/2012\/02\/jungerWeinberg.jpg 1200w\" sizes=\"(max-width: 300px) 100vw, 300px\" \/><\/a><figcaption id=\"caption-attachment-387\" class=\"wp-caption-text\">frisch gepflanzter Weinberg mit &quot;H\u00f6schen&quot; zum Schutz gegen Fra\u00dfsch\u00e4den<\/figcaption><\/figure>\n<p>Die eigentliche Qualit\u00e4tsunterschiede zu anderen neuseel\u00e4ndischen Weinbergen:<\/p>\n<p>* Alluvial Schotter mit sehr guten Drainage<br \/>\n* K\u00fchles maritimes Klima<br \/>\n* Niedrige Regenf\u00e4lle ca. 700 bis 800mm im Jahr.<br \/>\n* Dichte Planzung (5000 Reben \/ ha normalerweise sind hier 1500 bis 2000 \/ ha \u00fcblich)<br \/>\n* Niedriger Drahtrahmen und offene Bodenbearbeitung<br \/>\n* Intensive manuelle Laubarbeit und einer peniblen Ertragskorrektur mit gr\u00fcner Lese<br \/>\n* Sehr niedrige Ertr\u00e4ge, zum Teil nur 5 hl\/ha und wenn wir Gl\u00fcck haben 40 hl\/ha &#8230;<br \/>\n(In Deutschland\/Baden wurde vor ein paar Jahren die Ertragsh\u00f6chtsgrenze von 90 hl\/ha auf 120 hl\/ha angehoben)<\/p>\n<figure id=\"attachment_388\" aria-describedby=\"caption-attachment-388\" style=\"width: 300px\" class=\"wp-caption aligncenter\"><a href=\"http:\/\/johner-estate.com\/de\/wp-content\/uploads\/2012\/02\/jungerWeinberg1.jpg\"><img loading=\"lazy\" class=\"size-medium wp-image-388 \" title=\"jungerWeinberg1\" src=\"http:\/\/johner-estate.com\/de\/wp-content\/uploads\/2012\/02\/jungerWeinberg1-300x200.jpg\" alt=\"\" width=\"300\" height=\"200\" srcset=\"https:\/\/johner-estate.com\/de\/wp-content\/uploads\/2012\/02\/jungerWeinberg1-300x200.jpg 300w, https:\/\/johner-estate.com\/de\/wp-content\/uploads\/2012\/02\/jungerWeinberg1-1024x682.jpg 1024w, https:\/\/johner-estate.com\/de\/wp-content\/uploads\/2012\/02\/jungerWeinberg1-450x300.jpg 450w\" sizes=\"(max-width: 300px) 100vw, 300px\" \/><\/a><figcaption id=\"caption-attachment-388\" class=\"wp-caption-text\">junger Weinberg in der Wachstumsphase<\/figcaption><\/figure>\n<p style=\"text-align: center;\">\n","protected":false},"excerpt":{"rendered":"<p>Gepflanzt wurden bisher 8 Hektar Pinot Noir (verschiedene Burgundische Klone) 3 Hektar Sauvignon Blanc und jeweils 10 Ar Cabernet Sauvignon Cabernet Franc Merlot Malbec Syrah Chardonnay Riesling Grauer Burgunder Gew\u00fcrztraminer Viognier Die eigentliche Qualit\u00e4tsunterschiede zu anderen neuseel\u00e4ndischen Weinbergen: * Alluvial Schotter mit sehr guten Drainage * K\u00fchles maritimes Klima * Niedrige Regenf\u00e4lle ca. 700 bis [&hellip;]<\/p>\n","protected":false},"author":1,"featured_media":0,"parent":2,"menu_order":0,"comment_status":"open","ping_status":"open","template":"","meta":[],"_links":{"self":[{"href":"https:\/\/johner-estate.com\/de\/wp-json\/wp\/v2\/pages\/109"}],"collection":[{"href":"https:\/\/johner-estate.com\/de\/wp-json\/wp\/v2\/pages"}],"about":[{"href":"https:\/\/johner-estate.com\/de\/wp-json\/wp\/v2\/types\/page"}],"author":[{"embeddable":true,"href":"https:\/\/johner-estate.com\/de\/wp-json\/wp\/v2\/users\/1"}],"replies":[{"embeddable":true,"href":"https:\/\/johner-estate.com\/de\/wp-json\/wp\/v2\/comments?post=109"}],"version-history":[{"count":15,"href":"https:\/\/johner-estate.com\/de\/wp-json\/wp\/v2\/pages\/109\/revisions"}],"predecessor-version":[{"id":111,"href":"https:\/\/johner-estate.com\/de\/wp-json\/wp\/v2\/pages\/109\/revisions\/111"}],"up":[{"embeddable":true,"href":"https:\/\/johner-estate.com\/de\/wp-json\/wp\/v2\/pages\/2"}],"wp:attachment":[{"href":"https:\/\/johner-estate.com\/de\/wp-json\/wp\/v2\/media?parent=109"}],"curies":[{"name":"wp","href":"https:\/\/api.w.org\/{rel}","templated":true}]}}