{"id":1064,"date":"2018-11-28T15:50:42","date_gmt":"2018-11-28T15:50:42","guid":{"rendered":"https:\/\/johner-estate.com\/de\/?page_id=1064"},"modified":"2019-02-27T13:42:24","modified_gmt":"2019-02-27T13:42:24","slug":"2017-chardonnay","status":"publish","type":"page","link":"https:\/\/johner-estate.com\/de\/weine\/chardonnay\/2017-chardonnay\/","title":{"rendered":"2017 Chardonnay"},"content":{"rendered":"<p><strong><a href=\"https:\/\/johner-estate.com\/de\/wp-content\/uploads\/2019\/02\/2017-Chardonnay-Wairarapa-900px.png\"><img loading=\"lazy\" class=\"alignright size-medium wp-image-1072\" src=\"https:\/\/johner-estate.com\/de\/wp-content\/uploads\/2019\/02\/2017-Chardonnay-Wairarapa-900px-80x300.png\" alt=\"2017 Chardonnay Wairarapa 900px\" width=\"80\" height=\"300\" srcset=\"https:\/\/johner-estate.com\/de\/wp-content\/uploads\/2019\/02\/2017-Chardonnay-Wairarapa-900px-80x300.png 80w, https:\/\/johner-estate.com\/de\/wp-content\/uploads\/2019\/02\/2017-Chardonnay-Wairarapa-900px.png 241w\" sizes=\"(max-width: 80px) 100vw, 80px\" \/><\/a>VERKOSTUNGSNOTIZEN<\/strong><br \/>\nIn der Nase dezente Holznoten auf einer dezenten Basis von Butterscotch Aromen. Mit etwas Luft kommen getrocknete Aprikosen zum Vorschein.<\/p>\n<p>Am Gaumen sehr Gehaltvoll. Sch\u00f6ne Cremigkeit begleitet von sch\u00f6ner Mineralik. Angenehmer Abgang.<\/p>\n<p><strong>KELLERMEISTER\u2019S NOTIZEN<\/strong><br \/>\nDie Trauben f\u00fcr diesen Wein stammen zum Teil aus einer 20 Jahren alten Anlage in Martinborough. Die Trauben konnten bei idealer Reife Anfang April gelesen werden. Im Weingut wurden die Trauben schonend verarbeitet, der Saft gut gekl\u00e4rt und anschlie\u00dfend in gebrauchten, deutschen Eichenf\u00e4ssern mit 330 Litern Inhalt vergoren. Als Besonderheit haben wir den gr\u00f6\u00dften Teil auf seiner eigenen Weinbergshefe vergoren. Nach der G\u00e4rung reifte der Wein weitere 3 Monate in den F\u00e4ssern und wurde dabei einmal pro Woche aufger\u00fchrt (Batonage).<\/p>\n<p><strong>WEIN ANALYSE<\/strong><br \/>\nLagerf\u00e4higkeit: 5-10 Jahre<br \/>\nAlkohol: 13 %<br \/>\nRestzucker:\u00a0 2,7g\/l<br \/>\nS\u00e4ure: 6,2 g\/l<br \/>\nExtrakt: 23 g\/l<\/p>\n<p><strong>SPEISEEMPFEHLUNG <\/strong><br \/>\nDer Wein passt zu Meeresfr\u00fcchten, traditionellen Fischgerichten und Kalbfleisch<br \/>\nDie optimale Trinktemperatur liegt bei 8 \u2013 10\u00b0 C.<\/p>\n","protected":false},"excerpt":{"rendered":"<p>VERKOSTUNGSNOTIZEN In der Nase dezente Holznoten auf einer dezenten Basis von Butterscotch Aromen. Mit etwas Luft kommen getrocknete Aprikosen zum Vorschein. Am Gaumen sehr Gehaltvoll. Sch\u00f6ne Cremigkeit begleitet von sch\u00f6ner Mineralik. Angenehmer Abgang. KELLERMEISTER\u2019S NOTIZEN Die Trauben f\u00fcr diesen Wein stammen zum Teil aus einer 20 Jahren alten Anlage in Martinborough. Die Trauben konnten bei [&hellip;]<\/p>\n","protected":false},"author":1,"featured_media":0,"parent":23,"menu_order":-17,"comment_status":"closed","ping_status":"closed","template":"","meta":[],"_links":{"self":[{"href":"https:\/\/johner-estate.com\/de\/wp-json\/wp\/v2\/pages\/1064"}],"collection":[{"href":"https:\/\/johner-estate.com\/de\/wp-json\/wp\/v2\/pages"}],"about":[{"href":"https:\/\/johner-estate.com\/de\/wp-json\/wp\/v2\/types\/page"}],"author":[{"embeddable":true,"href":"https:\/\/johner-estate.com\/de\/wp-json\/wp\/v2\/users\/1"}],"replies":[{"embeddable":true,"href":"https:\/\/johner-estate.com\/de\/wp-json\/wp\/v2\/comments?post=1064"}],"version-history":[{"count":2,"href":"https:\/\/johner-estate.com\/de\/wp-json\/wp\/v2\/pages\/1064\/revisions"}],"predecessor-version":[{"id":1073,"href":"https:\/\/johner-estate.com\/de\/wp-json\/wp\/v2\/pages\/1064\/revisions\/1073"}],"up":[{"embeddable":true,"href":"https:\/\/johner-estate.com\/de\/wp-json\/wp\/v2\/pages\/23"}],"wp:attachment":[{"href":"https:\/\/johner-estate.com\/de\/wp-json\/wp\/v2\/media?parent=1064"}],"curies":[{"name":"wp","href":"https:\/\/api.w.org\/{rel}","templated":true}]}}