{"id":106,"date":"2012-02-23T20:35:57","date_gmt":"2012-02-23T20:35:57","guid":{"rendered":"http:\/\/johner-estate.com\/de\/?page_id=106"},"modified":"2012-09-06T08:41:48","modified_gmt":"2012-09-06T08:41:48","slug":"geschichte","status":"publish","type":"page","link":"https:\/\/johner-estate.com\/de\/weingut\/geschichte\/","title":{"rendered":"Geschichte"},"content":{"rendered":"<p>In den fr\u00fchen 1970er Jahren studierte Karl Heinz Johner Weinbau und \u00d6nologie in Geisenheim \/ Deutschland. Damals tr\u00e4umte er davon eines Tages nach Australien zu reisen um den Weinbau &#8222;down-under&#8220; kennenzulernen.<\/p>\n<p>Nach dem Studium ging es jedoch zuerst nach England, wo er als Winemaker in einem der damals gr\u00f6\u00dften Kellereien arbeitete.<\/p>\n<p>1985 gr\u00fcndete er mit seiner Frau Irene das Weingut Karl H. Johner. Die Weine wurden gleich nach burgundischem Vorbild gekeltert und ausgebaut.<\/p>\n<p>1998 ging ihr Sohn Patrick nach dem Studium in Geisenheim und Dijon nach Australien um dort bei der Lese die Philosophie der Neuen Welt kennenzulernen. Nun endlich konnte Karl Heinz seinen Traum in Erf\u00fcllung bringen und seinen Sohn in Australien abholen und es mit einer Pinot Noir Weltreise durch Neuseeland, Oregon und Californien verbinden.<\/p>\n<p>In Neuseeland verliebten sie sich jedoch in die faszinierende Landschaft, dem besonderen Klima,\u00a0 und vor Allem den wundersch\u00f6nen Pinot Noir Weinen. Grund genug also im gleichen Jahr die ersten Gehversuche dort zu unternehmen.<\/p>\n<p>2001 war es dann soweit und das Johner Estate wurde neben dem Ruamahanga Flu\u00df in der N\u00e4he von Masterton auf einer ehemaligen Viehweide gegr\u00fcndet.<\/p>\n<p>&nbsp;<\/p>\n<figure id=\"attachment_397\" aria-describedby=\"caption-attachment-397\" style=\"width: 400px\" class=\"wp-caption aligncenter\"><a href=\"http:\/\/johner-estate.com\/de\/wp-content\/uploads\/2012\/02\/air-view-1.jpg\"><img loading=\"lazy\" class=\"size-medium wp-image-397 \" title=\"air view 1\" src=\"http:\/\/johner-estate.com\/de\/wp-content\/uploads\/2012\/02\/air-view-1-300x200.jpg\" alt=\"\" width=\"400\" height=\"300\" \/><\/a><figcaption id=\"caption-attachment-397\" class=\"wp-caption-text\">Luftbild von Johner Estate aus dem Jahr 2005<\/figcaption><\/figure>\n","protected":false},"excerpt":{"rendered":"<p>In den fr\u00fchen 1970er Jahren studierte Karl Heinz Johner Weinbau und \u00d6nologie in Geisenheim \/ Deutschland. Damals tr\u00e4umte er davon eines Tages nach Australien zu reisen um den Weinbau &#8222;down-under&#8220; kennenzulernen. Nach dem Studium ging es jedoch zuerst nach England, wo er als Winemaker in einem der damals gr\u00f6\u00dften Kellereien arbeitete. 1985 gr\u00fcndete er mit [&hellip;]<\/p>\n","protected":false},"author":1,"featured_media":0,"parent":2,"menu_order":0,"comment_status":"open","ping_status":"open","template":"","meta":[],"_links":{"self":[{"href":"https:\/\/johner-estate.com\/de\/wp-json\/wp\/v2\/pages\/106"}],"collection":[{"href":"https:\/\/johner-estate.com\/de\/wp-json\/wp\/v2\/pages"}],"about":[{"href":"https:\/\/johner-estate.com\/de\/wp-json\/wp\/v2\/types\/page"}],"author":[{"embeddable":true,"href":"https:\/\/johner-estate.com\/de\/wp-json\/wp\/v2\/users\/1"}],"replies":[{"embeddable":true,"href":"https:\/\/johner-estate.com\/de\/wp-json\/wp\/v2\/comments?post=106"}],"version-history":[{"count":5,"href":"https:\/\/johner-estate.com\/de\/wp-json\/wp\/v2\/pages\/106\/revisions"}],"predecessor-version":[{"id":108,"href":"https:\/\/johner-estate.com\/de\/wp-json\/wp\/v2\/pages\/106\/revisions\/108"}],"up":[{"embeddable":true,"href":"https:\/\/johner-estate.com\/de\/wp-json\/wp\/v2\/pages\/2"}],"wp:attachment":[{"href":"https:\/\/johner-estate.com\/de\/wp-json\/wp\/v2\/media?parent=106"}],"curies":[{"name":"wp","href":"https:\/\/api.w.org\/{rel}","templated":true}]}}